{"id":5886,"date":"2026-05-12T22:08:34","date_gmt":"2026-05-12T21:08:34","guid":{"rendered":"https:\/\/www.ibizahomespaces.com\/product\/cabecero-con-funda-extraible\/"},"modified":"2026-05-12T22:27:08","modified_gmt":"2026-05-12T21:27:08","slug":"cabecero-con-funda-extraible","status":"publish","type":"product","link":"https:\/\/www.ibizahomespaces.com\/es\/producto\/cabecero-con-funda-extraible\/","title":{"rendered":"Cabecero con funda extra\u00edble"},"content":{"rendered":"<p>Este Cabecero con funda extra\u00edble tiene una altura de 110 cm y est\u00e1 disponible en varias anchuras para adaptarse a su cama. Cont\u00e1ctenos para indicarnos las medidas que necesita y preg\u00fantenos tambi\u00e9n sobre otros modelos de cabeceros con funda extra\u00edble que tenemos.<\/p>\n","protected":false},"excerpt":{"rendered":"<p><strong>Transforma tu dormitorio con un cabecero tapizado desmontable. El mismo cabecero con diferentes estilos: cambia el color o la tela tantas veces como quieras. \u00bfUno m\u00e1s colorido para el verano? \u00bfO una tela boucl\u00e9 para el invierno? <\/strong><\/p>\n<p><strong>Mix and match to your taste without worry simply machine wash the cover for lasting freshness, avoiding the dryer. An ideal touch that adapts to your lifestyle effortless.<\/strong><strong>thout worry simply machine wash the cover for lasting freshness, avoiding the dryer. An ideal touch that adapts to your lifestyle effortless. <\/strong><\/p>\n<p>&nbsp;<\/p>\n<p>&nbsp;<\/p>\n","protected":false},"featured_media":5879,"template":"","meta":[],"pwb-brand":[],"product_brand":[],"product_cat":[97,95],"product_tag":[],"class_list":{"0":"post-5886","1":"product","2":"type-product","3":"status-publish","4":"has-post-thumbnail","6":"product_cat-camas","7":"product_cat-muebles-de-dormitorio","9":"first","10":"instock","11":"product-type-simple"},"brands":[],"_links":{"self":[{"href":"https:\/\/www.ibizahomespaces.com\/es\/wp-json\/wp\/v2\/product\/5886","targetHints":{"allow":["GET"]}}],"collection":[{"href":"https:\/\/www.ibizahomespaces.com\/es\/wp-json\/wp\/v2\/product"}],"about":[{"href":"https:\/\/www.ibizahomespaces.com\/es\/wp-json\/wp\/v2\/types\/product"}],"wp:featuredmedia":[{"embeddable":true,"href":"https:\/\/www.ibizahomespaces.com\/es\/wp-json\/wp\/v2\/media\/5879"}],"wp:attachment":[{"href":"https:\/\/www.ibizahomespaces.com\/es\/wp-json\/wp\/v2\/media?parent=5886"}],"wp:term":[{"taxonomy":"pwb-brand","embeddable":true,"href":"https:\/\/www.ibizahomespaces.com\/es\/wp-json\/wp\/v2\/pwb-brand?post=5886"},{"taxonomy":"product_brand","embeddable":true,"href":"https:\/\/www.ibizahomespaces.com\/es\/wp-json\/wp\/v2\/product_brand?post=5886"},{"taxonomy":"product_cat","embeddable":true,"href":"https:\/\/www.ibizahomespaces.com\/es\/wp-json\/wp\/v2\/product_cat?post=5886"},{"taxonomy":"product_tag","embeddable":true,"href":"https:\/\/www.ibizahomespaces.com\/es\/wp-json\/wp\/v2\/product_tag?post=5886"}],"curies":[{"name":"wp","href":"https:\/\/api.w.org\/{rel}","templated":true}]}}