{"id":5864,"date":"2026-05-11T21:28:51","date_gmt":"2026-05-11T20:28:51","guid":{"rendered":"https:\/\/www.ibizahomespaces.com\/?post_type=product&#038;p=5864"},"modified":"2026-05-11T23:00:40","modified_gmt":"2026-05-11T22:00:40","slug":"sofa-cama-doble-de-aluminio-copy","status":"publish","type":"product","link":"https:\/\/www.ibizahomespaces.com\/es\/producto\/sofa-cama-doble-de-aluminio-copy\/","title":{"rendered":"Sof\u00e1 cama doble de aluminio (Copy)"},"content":{"rendered":"<h3>Sof\u00e1 cama doble de aluminio (Antracita)<\/h3>\n<h3><strong>Comodidad sin igual y lujo personalizable<\/strong><\/h3>\n<p>Cada detalle de esta tumbona ha sido cuidadosamente dise\u00f1ado para su m\u00e1ximo confort y comodidad.<\/p>\n<ul>\n<li><strong>Respaldos ajustables dobles:<\/strong> A diferencia de las tumbonas comunes, la nuestra cuenta con <strong>dos respaldos independientes<\/strong> con m\u00faltiples posiciones. Lee, descansa o conversa con tu pareja: cada uno encontrar\u00e1 su \u00e1ngulo perfecto para relajarse sin sacrificar la comodidad. <\/li>\n<li><strong>Colch\u00f3n mullido para todo tipo de clima<\/strong>: Sum\u00e9rgete en una comodidad suprema con un generoso coj\u00edn de 12 cm <strong>de grosor, <\/strong>tapizado en tela Olefin de primera calidad. Este tejido resistente no solo es incre\u00edblemente suave y c\u00f3modo, sino que adem\u00e1s ha sido tratado espec\u00edficamente para resistir la humedad, el moho y la decoloraci\u00f3n, garantizando que se mantenga impecable temporada tras temporada. <\/li>\n<li><strong>Control clim\u00e1tico total: <\/strong>El techo integrado est\u00e1 fabricado con t<strong>ejido Olefin de alto rendimiento,<\/strong> reforzado con Teflon\u00ae para una excepcional resistencia al agua y protecci\u00f3n UV.<strong> Las cortinas laterales m\u00f3viles<\/strong> permiten crear f\u00e1cilmente un espacio sombreado para mayor privacidad o para bloquear los rayos del sol, transformando tu div\u00e1n en un refugio acogedor y aislado.\n<p> <\/li>\n<\/ul>\n<h3><strong>Dise\u00f1ado para la elegancia y la resistencia.<\/strong><\/h3>\n<p>Creemos que el lujo debe ser duradero. Esta tumbona est\u00e1 construida para resistir las inclemencias del tiempo sin perder su elegante apariencia. <\/p>\n<ul>\n<li><strong>Estructura de aluminio lacado en color antracita de primera calidad:<\/strong> Su robusta y ligera estructura de aluminio est\u00e1 recubierta con un acabado blanco duradero y resistente a la corrosi\u00f3n. Garantiza una estabilidad y durabilidad excepcionales, requiriendo un mantenimiento m\u00ednimo y resistiendo el desgaste. <\/li>\n<li><strong>Dise\u00f1o resistente a la intemperie: <\/strong>desde la robusta estructura hasta los tejidos tratados, cada componente se selecciona por su capacidad para resistir el sol, la lluvia y el viento, lo que convierte a esta tumbona en una inversi\u00f3n hermosa y pr\u00e1ctica para los a\u00f1os venideros.<\/li>\n<\/ul>\n<h3><strong>Especificaciones t\u00e9cnicas<\/strong><\/h3>\n<ul>\n<li><strong>Dimensiones generales: <\/strong>198 cm (largo) x 198 cm (ancho) x 200 cm (alto) \u2013 Espacio suficiente para que dos adultos se relajen c\u00f3modamente.<\/li>\n<li>Colch\u00f3n: 12 cm de grosor, tapizado en olefina gris de alta resiliencia.<\/li>\n<li><strong>Marco: <\/strong>Aluminio lacado en color antracita.<\/li>\n<li><strong>Cubierta superior y cortinas:<\/strong> Tejido de olefina de color gris medio con refuerzo de tefl\u00f3n\u00ae.<\/li>\n<\/ul>\n<h3><strong>Entrega sencilla y montaje f\u00e1cil.<\/strong><\/h3>\n<ul>\n<li><strong>Entrega r\u00e1pida y fiable: Su div\u00e1n ser\u00e1 entregado<\/strong> cuidadosamente en su domicilio en un plazo de<strong> 7 a 10 d\u00edas.<\/strong><\/li>\n<li><strong>Montaje sin complicaciones:<\/strong> Proporcionamos todas las herramientas necesarias e instrucciones claras paso a paso para el montaje. El proceso est\u00e1 dise\u00f1ado para ser sencillo y normalmente requiere <strong>dos personas <\/strong>durante unos <strong>60-90 minutos.<\/strong> Para una experiencia m\u00e1s fluida, recomendamos contar con la ayuda de alguien con conocimientos b\u00e1sicos de bricolaje.  <\/li>\n<\/ul>\n<p>Funda impermeable con protecci\u00f3n UV opcional para ayudar a mantener su div\u00e1n en buen estado (Cont\u00e1ctenos para obtener m\u00e1s informaci\u00f3n).<\/p>\n<p><strong>\u00a1 Nota !<\/strong><\/p>\n<p><strong>\u00a1El IVA se a\u00f1adir\u00e1 al total final de este producto!<\/strong><\/p>\n<h3><strong>\u00bfPor qu\u00e9 esta es la mejor inversi\u00f3n para actividades al aire libre?<\/strong><\/h3>\n<p>Esto no es solo una compra; es una mejora en tu estilo de vida. Es el lugar perfecto para disfrutar del caf\u00e9 de la ma\u00f1ana, una siesta por la tarde o c\u00f3cteles al atardecer bajo las estrellas. Ofrece la combinaci\u00f3n ideal de espacio social y privacidad, a la vez que a\u00f1ade un toque de elegancia de resort de cinco estrellas a tu propiedad.<\/p>\n<p>  <\/p>\n<p><strong>No te limites a so\u00f1ar con la relajaci\u00f3n perfecta, v\u00edvela.<\/strong><\/p>\n<p>Disponemos de otros colores y estilos. P\u00f3ngase en contacto con nosotros directamente para obtener informaci\u00f3n sobre este modelo y el stock actual.<\/p>\n<p>Realizamos env\u00edos a Ibiza y a toda la pen\u00ednsula ib\u00e9rica. Para obtener informaci\u00f3n sobre otros destinos, p\u00f3ngase en contacto con nosotros.<\/p>\n","protected":false},"excerpt":{"rendered":"<p><strong>Sof\u00e1 cama doble de aluminio (Antracita)<\/strong><\/p>\n<h3><strong>Transforma tu espacio exterior: La lujosa tumbona doble de aluminio.<\/strong><\/h3>\n<p>Imag\u00ednese su propio oasis privado de confort y estilo: un santuario donde relajarse, recibir invitados y disfrutar del sol con absoluto lujo. Nuestra tumbona doble de aluminio para exteriores est\u00e1 meticulosamente dise\u00f1ada para ser la pieza central de su jard\u00edn, patio o piscina, ofreci\u00e9ndole a usted y a su pareja una experiencia de relajaci\u00f3n inigualable. <\/p>\n<p>La tumbona doble de aluminio est\u00e1 dise\u00f1ada para quienes no renuncian a la calidad ni a la est\u00e9tica. Combina materiales robustos y resistentes a la intemperie con un dise\u00f1o sofisticado. Es m\u00e1s que un simple mueble; es una invitaci\u00f3n a disfrutar de tardes de ocio y momentos de serenidad al aire libre durante toda la vida.<\/p>\n<p> <\/p>\n","protected":false},"featured_media":5868,"template":"","meta":[],"pwb-brand":[],"product_brand":[],"product_cat":[58],"product_tag":[265,191,186,266],"class_list":{"0":"post-5864","1":"product","2":"type-product","3":"status-publish","4":"has-post-thumbnail","6":"product_cat-muebles-de-exterior","7":"product_tag-camas-de-dia-al-aire-libre","8":"product_tag-muebles-de-diseno-de-exteriores","9":"product_tag-muebles-exteriores-es","10":"product_tag-tumbonas-dobles-al-aire-libre","12":"first","13":"instock","14":"taxable","15":"shipping-taxable","16":"product-type-simple"},"brands":[],"_links":{"self":[{"href":"https:\/\/www.ibizahomespaces.com\/es\/wp-json\/wp\/v2\/product\/5864","targetHints":{"allow":["GET"]}}],"collection":[{"href":"https:\/\/www.ibizahomespaces.com\/es\/wp-json\/wp\/v2\/product"}],"about":[{"href":"https:\/\/www.ibizahomespaces.com\/es\/wp-json\/wp\/v2\/types\/product"}],"wp:featuredmedia":[{"embeddable":true,"href":"https:\/\/www.ibizahomespaces.com\/es\/wp-json\/wp\/v2\/media\/5868"}],"wp:attachment":[{"href":"https:\/\/www.ibizahomespaces.com\/es\/wp-json\/wp\/v2\/media?parent=5864"}],"wp:term":[{"taxonomy":"pwb-brand","embeddable":true,"href":"https:\/\/www.ibizahomespaces.com\/es\/wp-json\/wp\/v2\/pwb-brand?post=5864"},{"taxonomy":"product_brand","embeddable":true,"href":"https:\/\/www.ibizahomespaces.com\/es\/wp-json\/wp\/v2\/product_brand?post=5864"},{"taxonomy":"product_cat","embeddable":true,"href":"https:\/\/www.ibizahomespaces.com\/es\/wp-json\/wp\/v2\/product_cat?post=5864"},{"taxonomy":"product_tag","embeddable":true,"href":"https:\/\/www.ibizahomespaces.com\/es\/wp-json\/wp\/v2\/product_tag?post=5864"}],"curies":[{"name":"wp","href":"https:\/\/api.w.org\/{rel}","templated":true}]}}