{"id":5799,"date":"2026-05-09T18:13:26","date_gmt":"2026-05-09T17:13:26","guid":{"rendered":"https:\/\/www.ibizahomespaces.com\/?post_type=product&#038;p=5799"},"modified":"2026-05-09T19:01:12","modified_gmt":"2026-05-09T18:01:12","slug":"pufs-para-exterior-copy","status":"publish","type":"product","link":"https:\/\/www.ibizahomespaces.com\/es\/producto\/pufs-para-exterior-copy\/","title":{"rendered":"Siila \/ Puf exterior"},"content":{"rendered":"<p style=\"background: white;\"><span style=\"font-size: 11.0pt; font-family: 'Century Gothic'; color: #333333;\">Como su nombre indica, Extreme Lounging cumple su promesa de crear el rinc\u00f3n de relax perfecto con sus pufs de exterior b-chair. Fabricados con tejido de poli\u00e9ster resistente, estos pufs son resistentes a los rayos UV y al agua, ideales para descansar en un d\u00eda soleado en el parque o en tu propio oasis en el jard\u00edn.<\/p>\n<p> <\/span><\/p>\n<p style=\"background: white;\"><span style=\"font-size: 11.0pt; font-family: 'Century Gothic'; color: #333333;\"> <\/span><\/p>\n<p style=\"background: white;\"><span style=\"font-size: 11.0pt; font-family: 'Century Gothic'; color: #333333;\">Con unas generosas dimensiones de 66 cm de alto x 75 cm de ancho x 80 cm de profundidad y una altura de asiento baja de 30 cm, el puf de exterior B-chair ofrece un amplio espacio para estirarse y relajarse. Tanto en interiores como en exteriores, este puf est\u00e1 dise\u00f1ado para brindar la m\u00e1xima comodidad y versatilidad. Las perlas de poliestireno, rellenas directamente, se adaptan a la forma del cuerpo, garantizando una relajaci\u00f3n \u00f3ptima sin perder su forma.  <\/span><\/p>\n<p style=\"background: white;\"><span style=\"font-size: 11.0pt; font-family: 'Century Gothic'; color: #333333;\"> <\/span><\/p>\n<p style=\"background: white;\"><span style=\"font-size: 11.0pt; font-family: 'Century Gothic'; color: #333333;\">Mu\u00e9velo sin esfuerzo de un lugar a otro gracias a su pr\u00e1ctica asa, ideal para picnics en el parque o para relajarse en el rinc\u00f3n favorito de tus hijos. Con su dise\u00f1o elegante y una comodidad inigualable, los pufs de exterior B-chair se convertir\u00e1n sin duda en tu compa\u00f1ero de relax favorito, haga sol o llueva. <\/span><\/p>\n<p style=\"background: white;\"><span style=\"font-size: 11.0pt; font-family: 'Century Gothic'; color: #333333;\"> <\/span><\/p>\n<p style=\"background: white;\"><span style=\"font-size: 11.0pt; font-family: 'Century Gothic'; color: #333333;\"><\/p>\n<p>Cont\u00e1ctenos hoy para obtener m\u00e1s informaci\u00f3n o realizar su pedido.<\/span><\/p>\n","protected":false},"excerpt":{"rendered":"<h2>Silla &#8211; Puf para exterior<\/h2>\n<p style=\"background: white;\"><span style=\"font-size: 11.0pt; font-family: 'Century Gothic'; color: #333333;\">Presentamos los pufs de exterior B-Chair de Extreme Lounging: \u00a1tu puerta de entrada a la m\u00e1xima relajaci\u00f3n! Disponibles en una gama de elegantes colores, estos pufs resistentes a la intemperie llevan la comodidad de una silla a un nivel completamente nuevo. Su forma distintiva proporciona una comodidad inigualable, permiti\u00e9ndote relajarte como nunca antes. Los pufs de exterior son mucho m\u00e1s que simples pufs; los B-Chair ofrecen un excelente soporte para la espalda, lo que los hace sentir m\u00e1s como una tumbona que como un puf convencional.   <\/span><\/p>\n<p style=\"background: white;\"><span style=\"font-size: 11.0pt; font-family: 'Century Gothic'; color: #333333;\"> <\/span><\/p>\n<p style=\"background: white;\"><span style=\"font-size: 11.0pt; font-family: 'Century Gothic'; color: #333333;\">Extreme Lounging hace honor a su nombre con los pufs de exterior B-Chair, que ofrecen el lugar perfecto para relajarse. Fabricados con un resistente tejido de poli\u00e9ster, estos pufs son resistentes a los rayos UV y al agua, lo que los hace ideales para tomar el sol en el parque o crear un oasis de tranquilidad en el jard\u00edn. <\/span><\/p>\n<p style=\"background: white;\"><span style=\"font-size: 11.0pt; font-family: 'Century Gothic'; color: #333333;\"> <\/span><\/p>\n<p style=\"background: white;\"><span style=\"font-size: 11.0pt; font-family: 'Century Gothic'; color: #333333;\">Mejora tu experiencia de descanso con la silla B de Extreme Lounging. Cont\u00e1ctenos hoy para m\u00e1s detalles o para realizar su pedido.<\/span><\/p>\n<p>Visite nuestra tienda en l\u00ednea o cont\u00e1ctenos directamente para conocer m\u00e1s opciones de color y otros estilos de pufs para exteriores, desde camas tipo puf hasta sillas, taburetes y otros art\u00edculos.<\/p>\n","protected":false},"featured_media":5804,"template":"","meta":[],"pwb-brand":[],"product_brand":[],"product_cat":[58],"product_tag":[186],"class_list":{"0":"post-5799","1":"product","2":"type-product","3":"status-publish","4":"has-post-thumbnail","6":"product_cat-muebles-de-exterior","7":"product_tag-muebles-exteriores-es","9":"first","10":"instock","11":"product-type-variable"},"brands":[],"_links":{"self":[{"href":"https:\/\/www.ibizahomespaces.com\/es\/wp-json\/wp\/v2\/product\/5799","targetHints":{"allow":["GET"]}}],"collection":[{"href":"https:\/\/www.ibizahomespaces.com\/es\/wp-json\/wp\/v2\/product"}],"about":[{"href":"https:\/\/www.ibizahomespaces.com\/es\/wp-json\/wp\/v2\/types\/product"}],"wp:featuredmedia":[{"embeddable":true,"href":"https:\/\/www.ibizahomespaces.com\/es\/wp-json\/wp\/v2\/media\/5804"}],"wp:attachment":[{"href":"https:\/\/www.ibizahomespaces.com\/es\/wp-json\/wp\/v2\/media?parent=5799"}],"wp:term":[{"taxonomy":"pwb-brand","embeddable":true,"href":"https:\/\/www.ibizahomespaces.com\/es\/wp-json\/wp\/v2\/pwb-brand?post=5799"},{"taxonomy":"product_brand","embeddable":true,"href":"https:\/\/www.ibizahomespaces.com\/es\/wp-json\/wp\/v2\/product_brand?post=5799"},{"taxonomy":"product_cat","embeddable":true,"href":"https:\/\/www.ibizahomespaces.com\/es\/wp-json\/wp\/v2\/product_cat?post=5799"},{"taxonomy":"product_tag","embeddable":true,"href":"https:\/\/www.ibizahomespaces.com\/es\/wp-json\/wp\/v2\/product_tag?post=5799"}],"curies":[{"name":"wp","href":"https:\/\/api.w.org\/{rel}","templated":true}]}}