{"id":4957,"date":"2025-11-23T00:41:42","date_gmt":"2025-11-22T23:41:42","guid":{"rendered":"https:\/\/www.ibizahomespaces.com\/product\/mesa-de-centro-de-madera-maciza-de-teca\/"},"modified":"2025-11-23T00:41:42","modified_gmt":"2025-11-22T23:41:42","slug":"mesa-de-centro-de-madera-maciza-de-teca","status":"publish","type":"product","link":"https:\/\/www.ibizahomespaces.com\/es\/producto\/mesa-de-centro-de-madera-maciza-de-teca\/","title":{"rendered":"Mesa de centro de madera maciza de teca"},"content":{"rendered":"<h4><strong>Dise\u00f1ado para versatilidad e impacto visual:<\/strong><\/h4>\n<ul>\n<li>Un punto focal para cualquier espacio: la importante losa de teca llama la atenci\u00f3n y crea una atm\u00f3sfera natural y acogedora en su sala de estar, estudio o \u00e1rea de recepci\u00f3n.<\/li>\n<li><strong>Transici\u00f3n perfecta entre interior y exterior:<\/strong> Reconocida por sus aceites naturales y su durabilidad, la teca es excepcionalmente resistente a la intemperie. Esta mesa se adapta tanto a su terraza acristalada o patio como a su sal\u00f3n, ofreciendo una versatilidad inigualable. <\/li>\n<li><strong>La ilusi\u00f3n de flotaci\u00f3n:<\/strong> El robusto tablero de teca se apoya elegantemente sobre cuatro patas de elegante madera de suar. Esta combinaci\u00f3n complementaria y su dise\u00f1o estrat\u00e9gico crean un sofisticado efecto de flotaci\u00f3n, que aporta una presencia ligera y arquitect\u00f3nica a la s\u00f3lida forma. <\/li>\n<\/ul>\n<h5><strong>Caracter\u00edsticas y especificaciones clave:<\/strong><\/h5>\n<ul>\n<li><strong>Tablero de la mesa:<\/strong> Madera de teca maciza de gran espesor con acabado natural que resalta su veta y car\u00e1cter \u00fanicos.<\/li>\n<li><strong>Base: <\/strong>Cuatro patas resistentes fabricadas en madera de Suar, conocida por su veta llamativa y durabilidad.<\/li>\n<li><strong>Estilo de dise\u00f1o:<\/strong> moderno org\u00e1nico, escandinavo, transicional.<\/li>\n<li><strong>Dimensiones:<\/strong><\/li>\n<li>Longitud: 115 cm<\/li>\n<li>Ancho: 83 cm<\/li>\n<li>Altura: 40 cm (Altura est\u00e1ndar de la mesa de centro para una funcionalidad \u00f3ptima)<\/li>\n<\/ul>\n<p>Invierta en una pieza que trasciende las tendencias. Esta mesa de centro de madera maciza de teca es m\u00e1s que un mueble; es una obra de arte funcional, dise\u00f1ada para ser admirada y usada toda la vida. <\/p>\n","protected":false},"excerpt":{"rendered":"<h2><strong>Mesa de centro de madera maciza de teca<\/strong><\/h2>\n<h3><strong>Mesa de centro de madera maciza de teca: una declaraci\u00f3n de dise\u00f1o moderno y org\u00e1nico<\/strong><\/h3>\n<p>Presentamos una mesa de centro de madera maciza de teca donde la artesan\u00eda natural se fusiona con la impecable artesan\u00eda. Esta impresionante mesa de madera maciza de teca est\u00e1 dise\u00f1ada para ser la pieza central de su sala de estar, combinando a la perfecci\u00f3n la calidez natural con la elegancia moderna. <\/p>\n<p>Fabricada a partir de una sola tabla gruesa de teca de primera calidad, cada mesa de centro de teca maciza es absolutamente \u00fanica. La superficie exhibe un lienzo vivo de car\u00e1cter natural, con ricas vetas, sutiles variaciones de color y vetas minerales, que narran la historia del origen de la madera. Estas caracter\u00edsticas no son defectos, sino testimonio de su aut\u00e9ntica belleza \u00fanica.  <\/p>\n","protected":false},"featured_media":4952,"template":"","meta":[],"pwb-brand":[],"product_brand":[],"product_cat":[327,58,136,57],"product_tag":[279,282,201,204,300],"class_list":{"0":"post-4957","1":"product","2":"type-product","3":"status-publish","4":"has-post-thumbnail","6":"product_cat-mesas-de-centro","7":"product_cat-muebles-de-exterior","8":"product_cat-muebles-de-fibras-naturales","9":"product_cat-muebles-de-salon","10":"product_tag-mesa-de-centro","11":"product_tag-muebles-de-madera-natural","12":"product_tag-muebles-de-madera-teca","13":"product_tag-muebles-en-ibiza","14":"product_tag-muebles-ibicencos-de-madera-natural","16":"first","17":"instock","18":"shipping-taxable","19":"product-type-simple"},"brands":[],"_links":{"self":[{"href":"https:\/\/www.ibizahomespaces.com\/es\/wp-json\/wp\/v2\/product\/4957","targetHints":{"allow":["GET"]}}],"collection":[{"href":"https:\/\/www.ibizahomespaces.com\/es\/wp-json\/wp\/v2\/product"}],"about":[{"href":"https:\/\/www.ibizahomespaces.com\/es\/wp-json\/wp\/v2\/types\/product"}],"wp:featuredmedia":[{"embeddable":true,"href":"https:\/\/www.ibizahomespaces.com\/es\/wp-json\/wp\/v2\/media\/4952"}],"wp:attachment":[{"href":"https:\/\/www.ibizahomespaces.com\/es\/wp-json\/wp\/v2\/media?parent=4957"}],"wp:term":[{"taxonomy":"pwb-brand","embeddable":true,"href":"https:\/\/www.ibizahomespaces.com\/es\/wp-json\/wp\/v2\/pwb-brand?post=4957"},{"taxonomy":"product_brand","embeddable":true,"href":"https:\/\/www.ibizahomespaces.com\/es\/wp-json\/wp\/v2\/product_brand?post=4957"},{"taxonomy":"product_cat","embeddable":true,"href":"https:\/\/www.ibizahomespaces.com\/es\/wp-json\/wp\/v2\/product_cat?post=4957"},{"taxonomy":"product_tag","embeddable":true,"href":"https:\/\/www.ibizahomespaces.com\/es\/wp-json\/wp\/v2\/product_tag?post=4957"}],"curies":[{"name":"wp","href":"https:\/\/api.w.org\/{rel}","templated":true}]}}