{"id":3155,"date":"2024-06-24T22:21:03","date_gmt":"2024-06-24T21:21:03","guid":{"rendered":"https:\/\/www.ibizahomespaces.com\/product\/pufs-al-aire-libre\/"},"modified":"2024-07-20T16:06:52","modified_gmt":"2024-07-20T15:06:52","slug":"pufs-al-aire-libre","status":"publish","type":"product","link":"https:\/\/www.ibizahomespaces.com\/es\/producto\/pufs-al-aire-libre\/","title":{"rendered":"Pufs al aire libre"},"content":{"rendered":"<p style=\"background: white;\"><span style=\"font-size: 11.0pt; font-family: 'Century Gothic'; color: #333333;\">Como sugiere el nombre, Extreme Lounging cumple su promesa de crear el mejor lugar para relajarse con el b-bag mighty-b. Confeccionado con tela de poli\u00e9ster duradera, este puf es resistente a los rayos UV y al agua, perfecto para descansar en un d\u00eda soleado en el parque o en el oasis de su patio trasero. <\/span><\/p>\n<p style=\"background: white;\"><span style=\"font-size: 11.0pt; font-family: 'Century Gothic'; color: #333333;\"> <\/span><\/p>\n<p style=\"background: white;\"><span style=\"font-size: 11.0pt; font-family: 'Century Gothic'; color: #333333;\">Con unas generosas dimensiones de 94 x 99 x 80 cm y una altura de asiento baja de 30 cm, el b-bag mighty-b ofrece mucho espacio para estirarse y relajarse. Ya sea en interiores o exteriores, este puf est\u00e1 dise\u00f1ado para ofrecer la m\u00e1xima comodidad y versatilidad. Las perlas de poliestireno rellenas directamente se moldean alrededor de su forma, asegurando una relajaci\u00f3n \u00f3ptima mientras conservan su forma. <\/span><\/p>\n<p style=\"background: white;\"><span style=\"font-size: 11.0pt; font-family: 'Century Gothic'; color: #333333;\"> <\/span><\/p>\n<p style=\"background: white;\"><span style=\"font-size: 11.0pt; font-family: 'Century Gothic'; color: #333333;\">Mu\u00e9valo sin esfuerzo de un lugar a otro con el pr\u00e1ctico asa, lo que lo hace perfecto para picnics en el parque o sesiones de descanso en el fresco espacio de reuni\u00f3n de su hijo. Con su dise\u00f1o elegante y su comodidad inmejorable, el b-bag mighty-b seguramente se convertir\u00e1 en su nuevo compa\u00f1ero de relajaci\u00f3n favorito, llueva o haga sol. <\/span><\/p>\n<p style=\"background: white;\"><span style=\"font-size: 11.0pt; font-family: 'Century Gothic'; color: #333333;\"> <\/span><\/p>\n<p style=\"background: white;\"><span style=\"font-size: 11.0pt; font-family: 'Century Gothic'; color: #333333;\">Cont\u00e1ctenos hoy para obtener m\u00e1s informaci\u00f3n o realizar su pedido.<\/span><\/p>\n","protected":false},"excerpt":{"rendered":"<h2>Pufs al aire libre<\/h2>\n<p style=\"background: white;\"><span style=\"font-size: 11.0pt; font-family: 'Century Gothic'; color: #333333;\">Presentamos los pufs para exteriores b-bag mighty-b de Extreme Lounging: \u00a1su puerta de entrada a la cima de la relajaci\u00f3n! Ofrecido en una variedad de colores elegantes, este puf resistente a la intemperie lleva la comodidad de descanso a un nivel completamente nuevo. Su forma distintiva proporciona una comodidad inigualable, permiti\u00e9ndote relajarte como nunca antes. Los pufs para exteriores son m\u00e1s que un simple puf: el b-bag ofrece un excelente soporte para la espalda, lo que lo hace sentir m\u00e1s como un sill\u00f3n que como un puf convencional.   <\/span><\/p>\n<p style=\"background: white;\"><span style=\"font-size: 11.0pt; font-family: 'Century Gothic'; color: #333333;\"> <\/span><\/p>\n<p style=\"background: white;\"><span style=\"font-size: 11.0pt; font-family: 'Century Gothic'; color: #333333;\">Extreme Lounging realmente hace honor a su nombre con los pufs para exteriores b-bag mighty-b, que ofrecen el mejor lugar de relajaci\u00f3n. Construido con una robusta tela de poli\u00e9ster, este puf es resistente a los rayos UV y al agua, lo que lo hace ideal para tomar el sol en el parque o crear un refugio sereno en su patio trasero. <\/span><\/p>\n<p style=\"background: white;\"><span style=\"font-size: 11.0pt; font-family: 'Century Gothic'; color: #333333;\"> <\/span><\/p>\n<p style=\"background: white;\"><span style=\"font-size: 11.0pt; font-family: 'Century Gothic'; color: #333333;\">Mejora tu experiencia de descanso con el b-bag mighty-b de Extreme Lounging. Cont\u00e1ctenos hoy para m\u00e1s detalles o para realizar su pedido.<\/span><\/p>\n","protected":false},"featured_media":3134,"template":"","meta":[],"pwb-brand":[],"product_brand":[],"product_cat":[58],"product_tag":[],"class_list":{"0":"post-3155","1":"product","2":"type-product","3":"status-publish","4":"has-post-thumbnail","6":"product_cat-muebles-de-exterior","8":"first","9":"instock","10":"shipping-taxable","11":"product-type-variable"},"brands":[],"_links":{"self":[{"href":"https:\/\/www.ibizahomespaces.com\/es\/wp-json\/wp\/v2\/product\/3155","targetHints":{"allow":["GET"]}}],"collection":[{"href":"https:\/\/www.ibizahomespaces.com\/es\/wp-json\/wp\/v2\/product"}],"about":[{"href":"https:\/\/www.ibizahomespaces.com\/es\/wp-json\/wp\/v2\/types\/product"}],"wp:featuredmedia":[{"embeddable":true,"href":"https:\/\/www.ibizahomespaces.com\/es\/wp-json\/wp\/v2\/media\/3134"}],"wp:attachment":[{"href":"https:\/\/www.ibizahomespaces.com\/es\/wp-json\/wp\/v2\/media?parent=3155"}],"wp:term":[{"taxonomy":"pwb-brand","embeddable":true,"href":"https:\/\/www.ibizahomespaces.com\/es\/wp-json\/wp\/v2\/pwb-brand?post=3155"},{"taxonomy":"product_brand","embeddable":true,"href":"https:\/\/www.ibizahomespaces.com\/es\/wp-json\/wp\/v2\/product_brand?post=3155"},{"taxonomy":"product_cat","embeddable":true,"href":"https:\/\/www.ibizahomespaces.com\/es\/wp-json\/wp\/v2\/product_cat?post=3155"},{"taxonomy":"product_tag","embeddable":true,"href":"https:\/\/www.ibizahomespaces.com\/es\/wp-json\/wp\/v2\/product_tag?post=3155"}],"curies":[{"name":"wp","href":"https:\/\/api.w.org\/{rel}","templated":true}]}}