{"id":2787,"date":"2024-03-09T13:32:42","date_gmt":"2024-03-09T12:32:42","guid":{"rendered":"https:\/\/www.ibizahomespaces.com\/product\/puffes-modulares-para-exteriores\/"},"modified":"2024-06-23T17:56:26","modified_gmt":"2024-06-23T16:56:26","slug":"puffs-modulares-para-exteriores","status":"publish","type":"product","link":"https:\/\/www.ibizahomespaces.com\/es\/producto\/puffs-modulares-para-exteriores\/","title":{"rendered":"Puffs modulares para exteriores"},"content":{"rendered":"<p>Con correas de velcro, los puffs modulares para exteriores ofrecen una soluci\u00f3n de asiento modular, lo que le permite unirlos sin problemas para una mayor comodidad. Elija entre dos sofisticadas opciones de color: un beige claro y un elegante gris oscuro, que brindan versatilidad para complementar su est\u00e9tica al aire libre. Las bocanadas est\u00e1n fabricadas con material de poli\u00e9ster duradero, lo que garantiza resistencia y un toque de elegancia.<\/p>\n<h3><strong>Caracter\u00edsticas:<\/strong><\/h3>\n<p>Dimensiones: 65 x 90 x 87 cm (Alto x Ancho x Fondo)<\/p>\n<h4><strong>Importante!<\/strong><\/h4>\n<p>El pedido m\u00ednimo es de dos piezas.\u00a0 (\u00a1El precio es por pieza!)<\/p>\n<p>Env\u00edo gratuito en Ibiza si lo requiere, P\u00f3ngase en contacto con nosotros para conocer los niveles actuales de stock o si necesita m\u00e1s informaci\u00f3n.<\/p>\n","protected":false},"excerpt":{"rendered":"<h2>Puffs modulares para exteriores<\/h2>\n<p>Presentamos nuestra \u00faltima incorporaci\u00f3n para la temporada de verano: los pufs modulares para exteriores, dise\u00f1ados para una comodidad y un estilo incomparables en sus espacios al aire libre. Dise\u00f1ados para elevar su experiencia de descanso de verano, estos pufs son ideales tanto para relajarse al aire libre como para disfrutar de la terraza.<\/p>\n","protected":false},"featured_media":3077,"template":"","meta":[],"pwb-brand":[],"product_brand":[],"product_cat":[58],"product_tag":[],"class_list":{"0":"post-2787","1":"product","2":"type-product","3":"status-publish","4":"has-post-thumbnail","6":"product_cat-muebles-de-exterior","8":"first","9":"instock","10":"shipping-taxable","11":"product-type-simple"},"brands":[],"_links":{"self":[{"href":"https:\/\/www.ibizahomespaces.com\/es\/wp-json\/wp\/v2\/product\/2787","targetHints":{"allow":["GET"]}}],"collection":[{"href":"https:\/\/www.ibizahomespaces.com\/es\/wp-json\/wp\/v2\/product"}],"about":[{"href":"https:\/\/www.ibizahomespaces.com\/es\/wp-json\/wp\/v2\/types\/product"}],"wp:featuredmedia":[{"embeddable":true,"href":"https:\/\/www.ibizahomespaces.com\/es\/wp-json\/wp\/v2\/media\/3077"}],"wp:attachment":[{"href":"https:\/\/www.ibizahomespaces.com\/es\/wp-json\/wp\/v2\/media?parent=2787"}],"wp:term":[{"taxonomy":"pwb-brand","embeddable":true,"href":"https:\/\/www.ibizahomespaces.com\/es\/wp-json\/wp\/v2\/pwb-brand?post=2787"},{"taxonomy":"product_brand","embeddable":true,"href":"https:\/\/www.ibizahomespaces.com\/es\/wp-json\/wp\/v2\/product_brand?post=2787"},{"taxonomy":"product_cat","embeddable":true,"href":"https:\/\/www.ibizahomespaces.com\/es\/wp-json\/wp\/v2\/product_cat?post=2787"},{"taxonomy":"product_tag","embeddable":true,"href":"https:\/\/www.ibizahomespaces.com\/es\/wp-json\/wp\/v2\/product_tag?post=2787"}],"curies":[{"name":"wp","href":"https:\/\/api.w.org\/{rel}","templated":true}]}}