{"id":5699,"date":"2026-03-25T18:52:28","date_gmt":"2026-03-25T17:52:28","guid":{"rendered":"https:\/\/www.ibizahomespaces.com\/colchones-de-calidad-en-ibiza\/"},"modified":"2026-03-25T23:33:50","modified_gmt":"2026-03-25T22:33:50","slug":"colchones-de-calidad-en-ibiza","status":"publish","type":"page","link":"https:\/\/www.ibizahomespaces.com\/es\/colchones-de-calidad-en-ibiza\/","title":{"rendered":"Colchones de calidad en Ibiza"},"content":{"rendered":"\t\t<div data-elementor-type=\"wp-page\" data-elementor-id=\"5699\" class=\"elementor elementor-5699 elementor-5673\">\n\t\t\t\t\t\t<section class=\"elementor-section elementor-top-section elementor-element elementor-element-4e2458e elementor-section-boxed elementor-section-height-default elementor-section-height-default\" data-id=\"4e2458e\" data-element_type=\"section\" data-e-type=\"section\" data-settings=\"{&quot;jet_parallax_layout_list&quot;:[]}\">\n\t\t\t\t\t\t<div class=\"elementor-container elementor-column-gap-default\">\n\t\t\t\t\t<div class=\"elementor-column elementor-col-100 elementor-top-column elementor-element elementor-element-aac6641\" data-id=\"aac6641\" data-element_type=\"column\" data-e-type=\"column\">\n\t\t\t<div class=\"elementor-widget-wrap elementor-element-populated\">\n\t\t\t\t\t\t<div class=\"elementor-element elementor-element-948e257 elementor-widget elementor-widget-image\" data-id=\"948e257\" data-element_type=\"widget\" data-e-type=\"widget\" data-widget_type=\"image.default\">\n\t\t\t\t<div class=\"elementor-widget-container\">\n\t\t\t\t\t\t\t\t\t\t\t\t\t\t\t<img fetchpriority=\"high\" decoding=\"async\" width=\"1024\" height=\"717\" src=\"https:\/\/www.ibizahomespaces.com\/wp-content\/uploads\/2026\/03\/Prime-Select-mattress-Tribekka-1024x717.jpg\" class=\"attachment-large size-large wp-image-5676\" alt=\"Prime-select-pocket-spring-mattress\" srcset=\"https:\/\/www.ibizahomespaces.com\/wp-content\/uploads\/2026\/03\/Prime-Select-mattress-Tribekka-1024x717.jpg 1024w, https:\/\/www.ibizahomespaces.com\/wp-content\/uploads\/2026\/03\/Prime-Select-mattress-Tribekka-300x210.jpg 300w, https:\/\/www.ibizahomespaces.com\/wp-content\/uploads\/2026\/03\/Prime-Select-mattress-Tribekka-768x538.jpg 768w, https:\/\/www.ibizahomespaces.com\/wp-content\/uploads\/2026\/03\/Prime-Select-mattress-Tribekka-1536x1075.jpg 1536w, https:\/\/www.ibizahomespaces.com\/wp-content\/uploads\/2026\/03\/Prime-Select-mattress-Tribekka-600x420.jpg 600w, https:\/\/www.ibizahomespaces.com\/wp-content\/uploads\/2026\/03\/Prime-Select-mattress-Tribekka.jpg 2000w\" sizes=\"(max-width: 1024px) 100vw, 1024px\" title=\"\">\t\t\t\t\t\t\t\t\t\t\t\t\t\t\t<\/div>\n\t\t\t\t<\/div>\n\t\t\t\t\t<\/div>\n\t\t<\/div>\n\t\t\t\t\t<\/div>\n\t\t<\/section>\n\t\t\t\t<section class=\"elementor-section elementor-top-section elementor-element elementor-element-b2c5f18 elementor-section-boxed elementor-section-height-default elementor-section-height-default\" data-id=\"b2c5f18\" data-element_type=\"section\" data-e-type=\"section\" data-settings=\"{&quot;jet_parallax_layout_list&quot;:[]}\">\n\t\t\t\t\t\t<div class=\"elementor-container elementor-column-gap-default\">\n\t\t\t\t\t<div class=\"elementor-column elementor-col-100 elementor-top-column elementor-element elementor-element-e8b02a5\" data-id=\"e8b02a5\" data-element_type=\"column\" data-e-type=\"column\">\n\t\t\t<div class=\"elementor-widget-wrap elementor-element-populated\">\n\t\t\t\t\t\t<div class=\"elementor-element elementor-element-4ce0827 elementor-widget elementor-widget-text-editor\" data-id=\"4ce0827\" data-element_type=\"widget\" data-e-type=\"widget\" data-widget_type=\"text-editor.default\">\n\t\t\t\t<div class=\"elementor-widget-container\">\n\t\t\t\t\t\t\t\t\t<h1><strong>Colchones premium fabricados en Espa\u00f1a: muelles ensacados y viscoel\u00e1sticos.<\/strong><\/h1><p>Descubre la combinaci\u00f3n perfecta de artesan\u00eda, comodidad y soporte con nuestros colchones de calidad fabricados en Espa\u00f1a. Dise\u00f1ados y fabricados en Espa\u00f1a, estos colchones de calidad est\u00e1n elaborados con los m\u00e1s altos est\u00e1ndares, ofreciendo una calidad excepcional y una durabilidad inigualable. Tanto si prefieres el soporte adaptable de los muelles ensacados como la comodidad envolvente de la espuma viscoel\u00e1stica, nuestra cuidada selecci\u00f3n tiene la opci\u00f3n perfecta para cada persona.<\/p><h3><strong>Dos tipos de colchones excepcionales<\/strong><\/h3><p>Ofrecemos una amplia gama de colchones de calidad en dos categor\u00edas distintas, lo que le permite elegir la sensaci\u00f3n y el nivel de soporte que mejor se adapte a sus necesidades:<\/p><ul><li><strong>Pocket Spring Mattresses<\/strong> \u2013 Each spring is individually encased, allowing them to move independently and respond precisely to your body\u2019s movements. This design provides excellent support, minimizes motion transfer between sleepers, and promotes proper spinal alignment for a truly restorative night\u2019s sleep.<\/li><li><strong>Colchones viscoel\u00e1sticos (de espuma con memoria):<\/strong> Fabricados con espuma viscoel\u00e1stica termosensible, estos colchones se adaptan suavemente a los contornos del cuerpo, aliviando los puntos de presi\u00f3n y brindando una experiencia de descanso personalizada. El material reacciona al calor corporal, abland\u00e1ndose en las zonas m\u00e1s c\u00e1lidas para ofrecer una comodidad excepcional sin perder su firmeza.<\/li><\/ul><h3><strong>Una selecci\u00f3n adaptada a tus preferencias<\/strong><\/h3><p>Entendemos que la comodidad al dormir es algo muy personal. Por eso, nuestra colecci\u00f3n ofrece una amplia variedad de opciones para ayudarte a encontrar tu colch\u00f3n ideal:<\/p><ul><li><strong>Grosor:<\/strong> elige entre diferentes niveles de grosor para lograr el nivel de amortiguaci\u00f3n y soporte que prefieras.<\/li><li><strong>Firmeza:<\/strong> tanto si prefiere una sensaci\u00f3n suave, media o firme, tenemos opciones que se adaptan a su estilo de sue\u00f1o.<\/li><li><strong>Sensaci\u00f3n t\u00e9rmica:<\/strong> seleccione colchones dise\u00f1ados con materiales transpirables o con propiedades termorreguladoras que se adapten a sus necesidades de confort, tanto si tiende a dormir con calor como con fr\u00edo.<\/li><\/ul><h3><strong>Todos los tama\u00f1os disponibles<\/strong><\/h3><p>Sea cual sea el tama\u00f1o de tu cama o de tu habitaci\u00f3n, tenemos la soluci\u00f3n perfecta. Nuestros colchones de fabricaci\u00f3n espa\u00f1ola est\u00e1n disponibles en todos los tama\u00f1os est\u00e1ndar, para que encuentres el que mejor se adapte a tu espacio. Tambi\u00e9n podemos fabricarlos a medida bajo pedido.<\/p><h3><strong>Entrega r\u00e1pida y gratuita a domicilio.<\/strong><\/h3><p>Disfrute de la comodidad de un env\u00edo r\u00e1pido y gratuito directamente a su domicilio. Una vez que haya seleccionado su colch\u00f3n ideal, nosotros nos encargaremos del resto, garantiz\u00e1ndole una experiencia sencilla y sin complicaciones desde el pedido hasta la entrega.<\/p><h3><strong>Cont\u00e1ctanos para ver nuestra selecci\u00f3n completa.<\/strong><\/h3><p>Con una amplia gama de colchones de muelles ensacados y viscoel\u00e1sticos de alta calidad, le invitamos a explorar nuestra colecci\u00f3n completa. Cont\u00e1ctenos hoy mismo para comentarnos sus preferencias, tanto si no est\u00e1 seguro de qu\u00e9 tipo le conviene m\u00e1s como si ya tiene un modelo espec\u00edfico en mente. Estaremos encantados de proporcionarle informaci\u00f3n detallada y enviarle un presupuesto personalizado adaptado a sus necesidades.<\/p><h3><strong>Descanse tranquilo con calidad y comodidad.<\/strong><\/h3><p>Invertir en un colch\u00f3n de calidad es invertir en tu bienestar. Nuestros colchones de fabricaci\u00f3n espa\u00f1ola combinan la artesan\u00eda experta, materiales de primera calidad y un dise\u00f1o cuidado para brindarte la comodidad y el soporte que mereces, noche tras noche.<\/p>\t\t\t\t\t\t\t\t<\/div>\n\t\t\t\t<\/div>\n\t\t\t\t\t<\/div>\n\t\t<\/div>\n\t\t\t\t\t<\/div>\n\t\t<\/section>\n\t\t\t\t<section class=\"elementor-section elementor-top-section elementor-element elementor-element-60308e4 elementor-section-boxed elementor-section-height-default elementor-section-height-default\" data-id=\"60308e4\" data-element_type=\"section\" data-e-type=\"section\" data-settings=\"{&quot;jet_parallax_layout_list&quot;:[]}\">\n\t\t\t\t\t\t<div class=\"elementor-container elementor-column-gap-default\">\n\t\t\t\t\t<div class=\"elementor-column elementor-col-100 elementor-top-column elementor-element elementor-element-43cfc70\" data-id=\"43cfc70\" data-element_type=\"column\" data-e-type=\"column\">\n\t\t\t<div class=\"elementor-widget-wrap elementor-element-populated\">\n\t\t\t\t\t\t<div class=\"elementor-element elementor-element-f8a6444 elementor-widget elementor-widget-image\" data-id=\"f8a6444\" data-element_type=\"widget\" data-e-type=\"widget\" data-widget_type=\"image.default\">\n\t\t\t\t<div class=\"elementor-widget-container\">\n\t\t\t\t\t\t\t\t\t\t\t\t\t\t\t<img decoding=\"async\" width=\"2000\" height=\"1400\" src=\"https:\/\/www.ibizahomespaces.com\/wp-content\/uploads\/2026\/03\/Pocket-Spring-collection.jpg\" class=\"attachment-2048x2048 size-2048x2048 wp-image-5670\" alt=\"colchones-pocket-spring-Ibiza\" srcset=\"https:\/\/www.ibizahomespaces.com\/wp-content\/uploads\/2026\/03\/Pocket-Spring-collection.jpg 2000w, https:\/\/www.ibizahomespaces.com\/wp-content\/uploads\/2026\/03\/Pocket-Spring-collection-300x210.jpg 300w, https:\/\/www.ibizahomespaces.com\/wp-content\/uploads\/2026\/03\/Pocket-Spring-collection-1024x717.jpg 1024w, https:\/\/www.ibizahomespaces.com\/wp-content\/uploads\/2026\/03\/Pocket-Spring-collection-768x538.jpg 768w, https:\/\/www.ibizahomespaces.com\/wp-content\/uploads\/2026\/03\/Pocket-Spring-collection-1536x1075.jpg 1536w, https:\/\/www.ibizahomespaces.com\/wp-content\/uploads\/2026\/03\/Pocket-Spring-collection-600x420.jpg 600w\" sizes=\"(max-width: 2000px) 100vw, 2000px\" title=\"\">\t\t\t\t\t\t\t\t\t\t\t\t\t\t\t<\/div>\n\t\t\t\t<\/div>\n\t\t\t\t\t<\/div>\n\t\t<\/div>\n\t\t\t\t\t<\/div>\n\t\t<\/section>\n\t\t\t\t<section class=\"elementor-section elementor-top-section elementor-element elementor-element-c39a4f8 elementor-section-boxed elementor-section-height-default elementor-section-height-default\" data-id=\"c39a4f8\" data-element_type=\"section\" data-e-type=\"section\" data-settings=\"{&quot;jet_parallax_layout_list&quot;:[]}\">\n\t\t\t\t\t\t<div class=\"elementor-container elementor-column-gap-default\">\n\t\t\t\t\t<div class=\"elementor-column elementor-col-100 elementor-top-column elementor-element elementor-element-7471ee6\" data-id=\"7471ee6\" data-element_type=\"column\" data-e-type=\"column\">\n\t\t\t<div class=\"elementor-widget-wrap elementor-element-populated\">\n\t\t\t\t\t\t<div class=\"elementor-element elementor-element-aa9a8d5 elementor-widget elementor-widget-image\" data-id=\"aa9a8d5\" data-element_type=\"widget\" data-e-type=\"widget\" data-widget_type=\"image.default\">\n\t\t\t\t<div class=\"elementor-widget-container\">\n\t\t\t\t\t\t\t\t\t\t\t\t\t\t\t<img decoding=\"async\" width=\"1024\" height=\"717\" src=\"https:\/\/www.ibizahomespaces.com\/wp-content\/uploads\/2026\/03\/collecion-colchones-visca-elastica-1024x717.jpg\" class=\"attachment-large size-large wp-image-5672\" alt=\"colchones-visco-elestica-Ibiza\" srcset=\"https:\/\/www.ibizahomespaces.com\/wp-content\/uploads\/2026\/03\/collecion-colchones-visca-elastica-1024x717.jpg 1024w, https:\/\/www.ibizahomespaces.com\/wp-content\/uploads\/2026\/03\/collecion-colchones-visca-elastica-300x210.jpg 300w, https:\/\/www.ibizahomespaces.com\/wp-content\/uploads\/2026\/03\/collecion-colchones-visca-elastica-768x538.jpg 768w, https:\/\/www.ibizahomespaces.com\/wp-content\/uploads\/2026\/03\/collecion-colchones-visca-elastica-1536x1075.jpg 1536w, https:\/\/www.ibizahomespaces.com\/wp-content\/uploads\/2026\/03\/collecion-colchones-visca-elastica-600x420.jpg 600w, https:\/\/www.ibizahomespaces.com\/wp-content\/uploads\/2026\/03\/collecion-colchones-visca-elastica.jpg 2000w\" sizes=\"(max-width: 1024px) 100vw, 1024px\" title=\"\">\t\t\t\t\t\t\t\t\t\t\t\t\t\t\t<\/div>\n\t\t\t\t<\/div>\n\t\t\t\t\t<\/div>\n\t\t<\/div>\n\t\t\t\t\t<\/div>\n\t\t<\/section>\n\t\t\t\t<section class=\"elementor-section elementor-top-section elementor-element elementor-element-923c7e6 elementor-section-boxed elementor-section-height-default elementor-section-height-default\" data-id=\"923c7e6\" data-element_type=\"section\" data-e-type=\"section\" data-settings=\"{&quot;jet_parallax_layout_list&quot;:[]}\">\n\t\t\t\t\t\t<div class=\"elementor-container elementor-column-gap-default\">\n\t\t\t\t\t<div class=\"elementor-column elementor-col-100 elementor-top-column elementor-element elementor-element-ca3bc82\" data-id=\"ca3bc82\" data-element_type=\"column\" data-e-type=\"column\">\n\t\t\t<div class=\"elementor-widget-wrap elementor-element-populated\">\n\t\t\t\t\t\t<div class=\"elementor-element elementor-element-b7152c1 elementor-widget elementor-widget-text-editor\" data-id=\"b7152c1\" data-element_type=\"widget\" data-e-type=\"widget\" data-widget_type=\"text-editor.default\">\n\t\t\t\t<div class=\"elementor-widget-container\">\n\t\t\t\t\t\t\t\t\t<p>Eche un vistazo a los tipos de colchones que aparecen arriba. Luego, cont\u00e1ctenos directamente indic\u00e1ndonos el modelo y las medidas que necesita, y le enviaremos la informaci\u00f3n del colch\u00f3n. Tambi\u00e9n puede indicarnos sus preferencias de firmeza y de relaci\u00f3n calidez\/frescura, y le recomendaremos el m\u00e1s adecuado para usted.<br><br> <br> <br><\/p><p>No hay pedido m\u00ednimo, ofrecemos env\u00edos gratuitos, r\u00e1pidos y seguros a trav\u00e9s de DHL.<\/p><p>Cont\u00e1ctanos para obtener un presupuesto gratuito.<\/p><p> <\/p><p> <\/p>\t\t\t\t\t\t\t\t<\/div>\n\t\t\t\t<\/div>\n\t\t\t\t\t<\/div>\n\t\t<\/div>\n\t\t\t\t\t<\/div>\n\t\t<\/section>\n\t\t\t\t<\/div>\n\t\t","protected":false},"excerpt":{"rendered":"<p>Colchones premium fabricados en Espa\u00f1a: muelles ensacados y viscoel\u00e1sticos. Descubre la combinaci\u00f3n perfecta de artesan\u00eda, comodidad y soporte con nuestros colchones de calidad fabricados en Espa\u00f1a. Dise\u00f1ados y fabricados en Espa\u00f1a, estos colchones de calidad est\u00e1n elaborados con los m\u00e1s altos est\u00e1ndares, ofreciendo una calidad excepcional y una durabilidad inigualable. Tanto si prefieres el soporte [&hellip;]<\/p>\n","protected":false},"author":1,"featured_media":0,"parent":0,"menu_order":0,"comment_status":"closed","ping_status":"closed","template":"","meta":{"footnotes":""},"class_list":["post-5699","page","type-page","status-publish","hentry"],"_links":{"self":[{"href":"https:\/\/www.ibizahomespaces.com\/es\/wp-json\/wp\/v2\/pages\/5699","targetHints":{"allow":["GET"]}}],"collection":[{"href":"https:\/\/www.ibizahomespaces.com\/es\/wp-json\/wp\/v2\/pages"}],"about":[{"href":"https:\/\/www.ibizahomespaces.com\/es\/wp-json\/wp\/v2\/types\/page"}],"author":[{"embeddable":true,"href":"https:\/\/www.ibizahomespaces.com\/es\/wp-json\/wp\/v2\/users\/1"}],"replies":[{"embeddable":true,"href":"https:\/\/www.ibizahomespaces.com\/es\/wp-json\/wp\/v2\/comments?post=5699"}],"version-history":[{"count":10,"href":"https:\/\/www.ibizahomespaces.com\/es\/wp-json\/wp\/v2\/pages\/5699\/revisions"}],"predecessor-version":[{"id":5711,"href":"https:\/\/www.ibizahomespaces.com\/es\/wp-json\/wp\/v2\/pages\/5699\/revisions\/5711"}],"wp:attachment":[{"href":"https:\/\/www.ibizahomespaces.com\/es\/wp-json\/wp\/v2\/media?parent=5699"}],"curies":[{"name":"wp","href":"https:\/\/api.w.org\/{rel}","templated":true}]}}