{"id":5649,"date":"2026-03-12T21:30:49","date_gmt":"2026-03-12T20:30:49","guid":{"rendered":"https:\/\/www.ibizahomespaces.com\/cabeceros-de-cama-modernos\/"},"modified":"2026-03-12T22:57:45","modified_gmt":"2026-03-12T21:57:45","slug":"cabeceros-de-cama-modernos","status":"publish","type":"page","link":"https:\/\/www.ibizahomespaces.com\/es\/cabeceros-de-cama-modernos\/","title":{"rendered":"Cabeceros de cama modernos"},"content":{"rendered":"\t\t<div data-elementor-type=\"wp-page\" data-elementor-id=\"5649\" class=\"elementor elementor-5649 elementor-5635\">\n\t\t\t\t\t\t<section class=\"elementor-section elementor-top-section elementor-element elementor-element-8385a99 elementor-section-boxed elementor-section-height-default elementor-section-height-default\" data-id=\"8385a99\" data-element_type=\"section\" data-e-type=\"section\" data-settings=\"{&quot;jet_parallax_layout_list&quot;:[]}\">\n\t\t\t\t\t\t<div class=\"elementor-container elementor-column-gap-default\">\n\t\t\t\t\t<div class=\"elementor-column elementor-col-100 elementor-top-column elementor-element elementor-element-4ca5a38\" data-id=\"4ca5a38\" data-element_type=\"column\" data-e-type=\"column\">\n\t\t\t<div class=\"elementor-widget-wrap elementor-element-populated\">\n\t\t\t\t\t\t<div class=\"elementor-element elementor-element-1c6cac6 elementor-widget elementor-widget-image\" data-id=\"1c6cac6\" data-element_type=\"widget\" data-e-type=\"widget\" data-widget_type=\"image.default\">\n\t\t\t\t<div class=\"elementor-widget-container\">\n\t\t\t\t\t\t\t\t\t\t\t\t\t\t\t<img fetchpriority=\"high\" decoding=\"async\" width=\"768\" height=\"512\" src=\"https:\/\/www.ibizahomespaces.com\/wp-content\/uploads\/2026\/03\/Cabeceros-modernos-Ibiza-camas-1-768x512.jpg\" class=\"attachment-medium_large size-medium_large wp-image-5637\" alt=\"Quality-bed-headboards-Ibiza\" srcset=\"https:\/\/www.ibizahomespaces.com\/wp-content\/uploads\/2026\/03\/Cabeceros-modernos-Ibiza-camas-1-768x512.jpg 768w, https:\/\/www.ibizahomespaces.com\/wp-content\/uploads\/2026\/03\/Cabeceros-modernos-Ibiza-camas-1-300x200.jpg 300w, https:\/\/www.ibizahomespaces.com\/wp-content\/uploads\/2026\/03\/Cabeceros-modernos-Ibiza-camas-1-1024x683.jpg 1024w, https:\/\/www.ibizahomespaces.com\/wp-content\/uploads\/2026\/03\/Cabeceros-modernos-Ibiza-camas-1-600x400.jpg 600w, https:\/\/www.ibizahomespaces.com\/wp-content\/uploads\/2026\/03\/Cabeceros-modernos-Ibiza-camas-1.jpg 1500w\" sizes=\"(max-width: 768px) 100vw, 768px\" title=\"\">\t\t\t\t\t\t\t\t\t\t\t\t\t\t\t<\/div>\n\t\t\t\t<\/div>\n\t\t\t\t\t<\/div>\n\t\t<\/div>\n\t\t\t\t\t<\/div>\n\t\t<\/section>\n\t\t\t\t<section class=\"elementor-section elementor-top-section elementor-element elementor-element-6a91bd9 elementor-section-boxed elementor-section-height-default elementor-section-height-default\" data-id=\"6a91bd9\" data-element_type=\"section\" data-e-type=\"section\" data-settings=\"{&quot;jet_parallax_layout_list&quot;:[]}\">\n\t\t\t\t\t\t<div class=\"elementor-container elementor-column-gap-default\">\n\t\t\t\t\t<div class=\"elementor-column elementor-col-100 elementor-top-column elementor-element elementor-element-e0a10fd\" data-id=\"e0a10fd\" data-element_type=\"column\" data-e-type=\"column\">\n\t\t\t<div class=\"elementor-widget-wrap elementor-element-populated\">\n\t\t\t\t\t\t<div class=\"elementor-element elementor-element-2e413bb elementor-widget elementor-widget-text-editor\" data-id=\"2e413bb\" data-element_type=\"widget\" data-e-type=\"widget\" data-widget_type=\"text-editor.default\">\n\t\t\t\t<div class=\"elementor-widget-container\">\n\t\t\t\t\t\t\t\t\t<h3><strong>Cabeceros de cama modernos <\/strong><\/h3><h3><strong>Transforme su dormitorio con un cabecero personalizado<\/strong><\/h3><p><strong>Descubra el toque final perfecto para su santuario de sue\u00f1o<\/strong><\/p><p>Tu dormitorio deber\u00eda ser tu refugio personal, y el cabecero perfecto puede transformarlo por completo. Nos complace anunciar que nuestra impresionante colecci\u00f3n de cabeceros a medida ya est\u00e1 disponible para pedidos, ofreci\u00e9ndote la oportunidad de crear la pieza central de tu dormitorio que refleje tu estilo \u00fanico. <\/p><p><strong>Posibilidades infinitas, adaptadas a ti<\/strong><\/p><p>Olv\u00eddate de las tallas \u00fanicas. Creemos que tu cabecero debe ser tan \u00fanico como t\u00fa. Por eso ofrecemos:  <\/p><ul><li><strong>Un mundo de color: <\/strong>Elija entre una amplia gama de telas modernas y sofisticadas en una gama de colores contempor\u00e1neos. Ya sea que busque un neutro relajante, un tono llamativo o un tono con textura sutil, tenemos el tono perfecto para complementar su decoraci\u00f3n. <\/li><li><strong>Tu tama\u00f1o, tu ajuste: <\/strong>A diferencia de las opciones est\u00e1ndar, nuestros cabeceros est\u00e1n disponibles en todos los tama\u00f1os. Ya sea que necesites un dise\u00f1o compacto para una habitaci\u00f3n de invitados, una pieza central tama\u00f1o king para la suite principal o un ancho personalizado para un espacio reducido, podemos adaptarnos a tus necesidades. <\/li><li><strong>Selecci\u00f3n de estilos:<\/strong> Actualmente presentamos cuatro estilos distintos de cabecero, que van desde el cl\u00e1sico y elegante capiton\u00e9 capiton\u00e9 hasta l\u00edneas minimalistas, modernas y limpias. Pero esto es solo el comienzo de lo que podemos hacer. <\/li><li><strong>Caracter\u00edsticas innovadoras:<\/strong> Algunos estilos est\u00e1n disponibles con fundas extra\u00edbles y lavables: una opci\u00f3n perfecta para familias, personas al\u00e9rgicas o cualquier persona a quien le guste la opci\u00f3n de renovar f\u00e1cilmente el aspecto de su dormitorio.<\/li><li><strong>Completa el look:<\/strong> \u00bfTe gusta el estilo que ves? Recuerda que tambi\u00e9n hay camas matrimoniales a juego, lo que te permite crear un dormitorio perfectamente coordinado. <\/li><\/ul><p><strong>M\u00e1s all\u00e1 del escaparate<\/strong><\/p><p>Nuestra pasi\u00f3n es crear la pieza perfecta para ti. Si bien ofrecemos cuatro estilos populares en l\u00ednea, nuestras capacidades van mucho m\u00e1s all\u00e1. Disponemos de una selecci\u00f3n a\u00fan m\u00e1s amplia de dise\u00f1os, telas y acabados.  <\/p><p><strong>\u00bfEst\u00e1s listo para crear la cabecera de tus sue\u00f1os?<\/strong><\/p><p>Te invitamos a explorar las posibilidades. Para m\u00e1s informaci\u00f3n sobre: <\/p><ul><li>La gama completa de estilos disponibles m\u00e1s all\u00e1 de nuestro escaparate online<\/li><li>Opciones completas de color de tela.<\/li><li>Im\u00e1genes de la obra en alta resoluci\u00f3n<\/li><li>Precios detallados adaptados al tama\u00f1o y especificaciones elegidos<\/li><li>Plazos de entrega actuales<\/li><\/ul><p><strong>Simplemente p\u00f3ngase en contacto con nuestro amable equipo.<\/strong>  Estaremos encantados de guiarte a trav\u00e9s de las opciones, responder a cualquier pregunta y ayudarte a dise\u00f1ar un cabecero que haga realidad tu visi\u00f3n. Tu dormitorio perfecto empieza aqu\u00ed.<\/p>\t\t\t\t\t\t\t\t<\/div>\n\t\t\t\t<\/div>\n\t\t\t\t\t<\/div>\n\t\t<\/div>\n\t\t\t\t\t<\/div>\n\t\t<\/section>\n\t\t\t\t<section class=\"elementor-section elementor-top-section elementor-element elementor-element-81b878e elementor-section-boxed elementor-section-height-default elementor-section-height-default\" data-id=\"81b878e\" data-element_type=\"section\" data-e-type=\"section\" data-settings=\"{&quot;jet_parallax_layout_list&quot;:[]}\">\n\t\t\t\t\t\t<div class=\"elementor-container elementor-column-gap-default\">\n\t\t\t\t\t<div class=\"elementor-column elementor-col-100 elementor-top-column elementor-element elementor-element-091902a\" data-id=\"091902a\" data-element_type=\"column\" data-e-type=\"column\">\n\t\t\t<div class=\"elementor-widget-wrap elementor-element-populated\">\n\t\t\t\t\t\t<div class=\"elementor-element elementor-element-ffa6f04 elementor-widget elementor-widget-image-gallery\" data-id=\"ffa6f04\" data-element_type=\"widget\" data-e-type=\"widget\" data-widget_type=\"image-gallery.default\">\n\t\t\t\t<div class=\"elementor-widget-container\">\n\t\t\t\t\t\t\t<div class=\"elementor-image-gallery\">\n\t\t\t<div id='gallery-1' class='gallery galleryid-5649 gallery-columns-2 gallery-size-thumbnail'><figure class='gallery-item'>\n\t\t\t<div class='gallery-icon portrait'>\n\t\t\t\t<a data-elementor-open-lightbox=\"yes\" data-elementor-lightbox-slideshow=\"ffa6f04\" data-elementor-lightbox-title=\"Cabeceros-claire-beige-A\" data-elementor-lightbox-description=\"Modern Bed Headboards \" data-e-action-hash=\"#elementor-action%3Aaction%3Dlightbox%26settings%3DeyJpZCI6NTYzOSwidXJsIjoiaHR0cHM6XC9cL3d3dy5pYml6YWhvbWVzcGFjZXMuY29tXC93cC1jb250ZW50XC91cGxvYWRzXC8yMDI2XC8wM1wvQ2FiZWNlcm9zLWNsYWlyZS1iZWlnZS1BLmpwZyIsInNsaWRlc2hvdyI6ImZmYTZmMDQifQ%3D%3D\" href='https:\/\/www.ibizahomespaces.com\/wp-content\/uploads\/2026\/03\/Cabeceros-claire-beige-A.jpg'><img decoding=\"async\" width=\"150\" height=\"150\" src=\"https:\/\/www.ibizahomespaces.com\/wp-content\/uploads\/2026\/03\/Cabeceros-claire-beige-A-150x150.jpg\" class=\"attachment-thumbnail size-thumbnail\" alt=\"Modern Bed Headboards\" srcset=\"https:\/\/www.ibizahomespaces.com\/wp-content\/uploads\/2026\/03\/Cabeceros-claire-beige-A-150x150.jpg 150w, https:\/\/www.ibizahomespaces.com\/wp-content\/uploads\/2026\/03\/Cabeceros-claire-beige-A-230x230.jpg 230w, https:\/\/www.ibizahomespaces.com\/wp-content\/uploads\/2026\/03\/Cabeceros-claire-beige-A-400x400.jpg 400w, https:\/\/www.ibizahomespaces.com\/wp-content\/uploads\/2026\/03\/Cabeceros-claire-beige-A-640x640.jpg 640w, https:\/\/www.ibizahomespaces.com\/wp-content\/uploads\/2026\/03\/Cabeceros-claire-beige-A-300x300.jpg 300w, https:\/\/www.ibizahomespaces.com\/wp-content\/uploads\/2026\/03\/Cabeceros-claire-beige-A-100x100.jpg 100w\" sizes=\"(max-width: 150px) 100vw, 150px\" title=\"\"><\/a>\n\t\t\t<\/div><\/figure><figure class='gallery-item'>\n\t\t\t<div class='gallery-icon portrait'>\n\t\t\t\t<a data-elementor-open-lightbox=\"yes\" data-elementor-lightbox-slideshow=\"ffa6f04\" data-elementor-lightbox-title=\"Cabeceros-Nora-beige-B\" data-elementor-lightbox-description=\"Modern Bed Headboards \" data-e-action-hash=\"#elementor-action%3Aaction%3Dlightbox%26settings%3DeyJpZCI6NTY0MSwidXJsIjoiaHR0cHM6XC9cL3d3dy5pYml6YWhvbWVzcGFjZXMuY29tXC93cC1jb250ZW50XC91cGxvYWRzXC8yMDI2XC8wM1wvQ2FiZWNlcm9zLU5vcmEtYmVpZ2UtQi5qcGciLCJzbGlkZXNob3ciOiJmZmE2ZjA0In0%3D\" href='https:\/\/www.ibizahomespaces.com\/wp-content\/uploads\/2026\/03\/Cabeceros-Nora-beige-B.jpg'><img decoding=\"async\" width=\"150\" height=\"150\" src=\"https:\/\/www.ibizahomespaces.com\/wp-content\/uploads\/2026\/03\/Cabeceros-Nora-beige-B-150x150.jpg\" class=\"attachment-thumbnail size-thumbnail\" alt=\"Modern Bed Headboards\" srcset=\"https:\/\/www.ibizahomespaces.com\/wp-content\/uploads\/2026\/03\/Cabeceros-Nora-beige-B-150x150.jpg 150w, https:\/\/www.ibizahomespaces.com\/wp-content\/uploads\/2026\/03\/Cabeceros-Nora-beige-B-230x230.jpg 230w, https:\/\/www.ibizahomespaces.com\/wp-content\/uploads\/2026\/03\/Cabeceros-Nora-beige-B-400x400.jpg 400w, https:\/\/www.ibizahomespaces.com\/wp-content\/uploads\/2026\/03\/Cabeceros-Nora-beige-B-640x640.jpg 640w, https:\/\/www.ibizahomespaces.com\/wp-content\/uploads\/2026\/03\/Cabeceros-Nora-beige-B-300x300.jpg 300w, https:\/\/www.ibizahomespaces.com\/wp-content\/uploads\/2026\/03\/Cabeceros-Nora-beige-B-100x100.jpg 100w\" sizes=\"(max-width: 150px) 100vw, 150px\" title=\"\"><\/a>\n\t\t\t<\/div><\/figure><figure class='gallery-item'>\n\t\t\t<div class='gallery-icon portrait'>\n\t\t\t\t<a data-elementor-open-lightbox=\"yes\" data-elementor-lightbox-slideshow=\"ffa6f04\" data-elementor-lightbox-title=\"Cabeceros-Lola-beige-C\" data-elementor-lightbox-description=\"Modern Bed Headboards \" data-e-action-hash=\"#elementor-action%3Aaction%3Dlightbox%26settings%3DeyJpZCI6NTY0MywidXJsIjoiaHR0cHM6XC9cL3d3dy5pYml6YWhvbWVzcGFjZXMuY29tXC93cC1jb250ZW50XC91cGxvYWRzXC8yMDI2XC8wM1wvQ2FiZWNlcm9zLUxvbGEtYmVpZ2UtQy5qcGciLCJzbGlkZXNob3ciOiJmZmE2ZjA0In0%3D\" href='https:\/\/www.ibizahomespaces.com\/wp-content\/uploads\/2026\/03\/Cabeceros-Lola-beige-C.jpg'><img loading=\"lazy\" decoding=\"async\" width=\"150\" height=\"150\" src=\"https:\/\/www.ibizahomespaces.com\/wp-content\/uploads\/2026\/03\/Cabeceros-Lola-beige-C-150x150.jpg\" class=\"attachment-thumbnail size-thumbnail\" alt=\"Modern Bed Headboards\" srcset=\"https:\/\/www.ibizahomespaces.com\/wp-content\/uploads\/2026\/03\/Cabeceros-Lola-beige-C-150x150.jpg 150w, https:\/\/www.ibizahomespaces.com\/wp-content\/uploads\/2026\/03\/Cabeceros-Lola-beige-C-230x230.jpg 230w, https:\/\/www.ibizahomespaces.com\/wp-content\/uploads\/2026\/03\/Cabeceros-Lola-beige-C-400x400.jpg 400w, https:\/\/www.ibizahomespaces.com\/wp-content\/uploads\/2026\/03\/Cabeceros-Lola-beige-C-640x640.jpg 640w, https:\/\/www.ibizahomespaces.com\/wp-content\/uploads\/2026\/03\/Cabeceros-Lola-beige-C-300x300.jpg 300w, https:\/\/www.ibizahomespaces.com\/wp-content\/uploads\/2026\/03\/Cabeceros-Lola-beige-C-100x100.jpg 100w\" sizes=\"(max-width: 150px) 100vw, 150px\" title=\"\"><\/a>\n\t\t\t<\/div><\/figure><figure class='gallery-item'>\n\t\t\t<div class='gallery-icon portrait'>\n\t\t\t\t<a data-elementor-open-lightbox=\"yes\" data-elementor-lightbox-slideshow=\"ffa6f04\" data-elementor-lightbox-title=\"Cabeceros-Vega-beige\" data-elementor-lightbox-description=\"Modern Bed Headboards \" data-e-action-hash=\"#elementor-action%3Aaction%3Dlightbox%26settings%3DeyJpZCI6NTY0NSwidXJsIjoiaHR0cHM6XC9cL3d3dy5pYml6YWhvbWVzcGFjZXMuY29tXC93cC1jb250ZW50XC91cGxvYWRzXC8yMDI2XC8wM1wvQ2FiZWNlcm9zLVZlZ2EtYmVpZ2UuanBnIiwic2xpZGVzaG93IjoiZmZhNmYwNCJ9\" href='https:\/\/www.ibizahomespaces.com\/wp-content\/uploads\/2026\/03\/Cabeceros-Vega-beige.jpg'><img loading=\"lazy\" decoding=\"async\" width=\"150\" height=\"150\" src=\"https:\/\/www.ibizahomespaces.com\/wp-content\/uploads\/2026\/03\/Cabeceros-Vega-beige-150x150.jpg\" class=\"attachment-thumbnail size-thumbnail\" alt=\"Modern Bed Headboards\" srcset=\"https:\/\/www.ibizahomespaces.com\/wp-content\/uploads\/2026\/03\/Cabeceros-Vega-beige-150x150.jpg 150w, https:\/\/www.ibizahomespaces.com\/wp-content\/uploads\/2026\/03\/Cabeceros-Vega-beige-230x230.jpg 230w, https:\/\/www.ibizahomespaces.com\/wp-content\/uploads\/2026\/03\/Cabeceros-Vega-beige-400x400.jpg 400w, https:\/\/www.ibizahomespaces.com\/wp-content\/uploads\/2026\/03\/Cabeceros-Vega-beige-640x640.jpg 640w, https:\/\/www.ibizahomespaces.com\/wp-content\/uploads\/2026\/03\/Cabeceros-Vega-beige-300x300.jpg 300w, https:\/\/www.ibizahomespaces.com\/wp-content\/uploads\/2026\/03\/Cabeceros-Vega-beige-100x100.jpg 100w\" sizes=\"(max-width: 150px) 100vw, 150px\" title=\"\"><\/a>\n\t\t\t<\/div><\/figure>\n\t\t<\/div>\n\t\t<\/div>\n\t\t\t\t\t\t<\/div>\n\t\t\t\t<\/div>\n\t\t\t\t\t<\/div>\n\t\t<\/div>\n\t\t\t\t\t<\/div>\n\t\t<\/section>\n\t\t\t\t<\/div>\n\t\t","protected":false},"excerpt":{"rendered":"<p>Cabeceros de cama modernos Transforme su dormitorio con un cabecero personalizado Descubra el toque final perfecto para su santuario de sue\u00f1o Tu dormitorio deber\u00eda ser tu refugio personal, y el cabecero perfecto puede transformarlo por completo. Nos complace anunciar que nuestra impresionante colecci\u00f3n de cabeceros a medida ya est\u00e1 disponible para pedidos, ofreci\u00e9ndote la oportunidad [&hellip;]<\/p>\n","protected":false},"author":1,"featured_media":0,"parent":0,"menu_order":0,"comment_status":"closed","ping_status":"closed","template":"","meta":{"footnotes":""},"class_list":["post-5649","page","type-page","status-publish","hentry"],"_links":{"self":[{"href":"https:\/\/www.ibizahomespaces.com\/es\/wp-json\/wp\/v2\/pages\/5649","targetHints":{"allow":["GET"]}}],"collection":[{"href":"https:\/\/www.ibizahomespaces.com\/es\/wp-json\/wp\/v2\/pages"}],"about":[{"href":"https:\/\/www.ibizahomespaces.com\/es\/wp-json\/wp\/v2\/types\/page"}],"author":[{"embeddable":true,"href":"https:\/\/www.ibizahomespaces.com\/es\/wp-json\/wp\/v2\/users\/1"}],"replies":[{"embeddable":true,"href":"https:\/\/www.ibizahomespaces.com\/es\/wp-json\/wp\/v2\/comments?post=5649"}],"version-history":[{"count":2,"href":"https:\/\/www.ibizahomespaces.com\/es\/wp-json\/wp\/v2\/pages\/5649\/revisions"}],"predecessor-version":[{"id":5655,"href":"https:\/\/www.ibizahomespaces.com\/es\/wp-json\/wp\/v2\/pages\/5649\/revisions\/5655"}],"wp:attachment":[{"href":"https:\/\/www.ibizahomespaces.com\/es\/wp-json\/wp\/v2\/media?parent=5649"}],"curies":[{"name":"wp","href":"https:\/\/api.w.org\/{rel}","templated":true}]}}