{"id":4922,"date":"2025-11-20T18:43:57","date_gmt":"2025-11-20T17:43:57","guid":{"rendered":"https:\/\/www.ibizahomespaces.com\/mobiliario-hosteleria-ibiza\/"},"modified":"2025-11-21T20:58:54","modified_gmt":"2025-11-21T19:58:54","slug":"mobiliario-hosteleria-ibiza","status":"publish","type":"page","link":"https:\/\/www.ibizahomespaces.com\/es\/mobiliario-hosteleria-ibiza\/","title":{"rendered":"Mobiliario de Hosteler\u00eda Ibiza"},"content":{"rendered":"\t\t<div data-elementor-type=\"wp-page\" data-elementor-id=\"4922\" class=\"elementor elementor-4922 elementor-4897\">\n\t\t\t\t\t\t<section class=\"elementor-section elementor-top-section elementor-element elementor-element-2462cd6 elementor-section-boxed elementor-section-height-default elementor-section-height-default\" data-id=\"2462cd6\" data-element_type=\"section\" data-e-type=\"section\" data-settings=\"{&quot;jet_parallax_layout_list&quot;:[]}\">\n\t\t\t\t\t\t<div class=\"elementor-container elementor-column-gap-default\">\n\t\t\t\t\t<div class=\"elementor-column elementor-col-100 elementor-top-column elementor-element elementor-element-3f034e9\" data-id=\"3f034e9\" data-element_type=\"column\" data-e-type=\"column\">\n\t\t\t<div class=\"elementor-widget-wrap elementor-element-populated\">\n\t\t\t\t\t\t<div class=\"elementor-element elementor-element-80fd567 elementor-widget elementor-widget-text-editor\" data-id=\"80fd567\" data-element_type=\"widget\" data-e-type=\"widget\" data-widget_type=\"text-editor.default\">\n\t\t\t\t<div class=\"elementor-widget-container\">\n\t\t\t\t\t\t\t\t\t<h3><strong>Mobiliario de Hosteler\u00eda Ibiza<\/strong><\/h3><h3><strong>Soluciones de mobiliario profesional para hosteler\u00eda en Ibiza<\/strong><\/h3><p>Adquisici\u00f3n de mobiliario a medida para entornos de hosteler\u00eda selectos.<\/p><p>Somos socios especializados en la adquisici\u00f3n de mobiliario para el sector de la hosteler\u00eda, ofreciendo soluciones integrales de mobiliario comercial para hoteles, restaurantes, bares y apartamentos en Ibiza. Nuestra experiencia garantiza que sus espacios interiores y exteriores est\u00e9n equipados con mobiliario que armoniza la est\u00e9tica, la durabilidad y el presupuesto operativo, independientemente de la categor\u00eda de su establecimiento.<\/p><p>Desde gamas selectas y econ\u00f3micas hasta colecciones de lujo exclusivas de alta gama, ofrecemos un abastecimiento a medida para satisfacer los est\u00e1ndares espec\u00edficos de su marca y sus objetivos de experiencia del cliente.<\/p><p><strong>Nuestras capacidades de abastecimiento: <\/strong>Aprovechamos una cadena de suministro s\u00f3lida y diversificada para su beneficio:<\/p><ul><li><strong>Abastecimiento europeo y local:<\/strong> Para proyectos con plazos de entrega ajustados, nos abastecemos directamente de fabricantes de primera calidad en toda Espa\u00f1a y Europa, garantizando la calidad y plazos de entrega m\u00e1s r\u00e1pidos.<\/li><li><strong>Abastecimiento directo global: <\/strong>Para obtener el m\u00e1ximo valor en proyectos de gran envergadura, aprovechamos nuestras relaciones directas y consolidadas con f\u00e1bricas en regiones manufactureras clave como China e Indonesia. Nuestro equipo ha realizado exhaustivas auditor\u00edas in situ en las f\u00e1bricas, garantizando el control de calidad y la eficiencia de costes al eliminar intermediarios.<\/li><\/ul><p><strong>\u00bfPor qu\u00e9 asociarse con nosotros?<\/strong><\/p><ul><li><strong>Experiencia espec\u00edfica del sector<\/strong>: Comprendemos las exigencias \u00fanicas de los entornos de hosteler\u00eda comercial, recomendando materiales y construcciones dise\u00f1ados para un uso de alto tr\u00e1nsito.<\/li><li><strong>Gesti\u00f3n integral del proyecto: <\/strong>Gestionamos todo el proceso, desde el concepto inicial y la b\u00fasqueda de proveedores hasta la log\u00edstica, el despacho de aduanas y la entrega final en su local de Ibiza.<\/li><li><strong>Ingenier\u00eda de valor informada:<\/strong> Le ayudamos a tomar decisiones estrat\u00e9gicas para lograr la est\u00e9tica y la calidad deseadas dentro de los par\u00e1metros financieros de su proyecto.<\/li><li><strong>Cadena de suministro probada: <\/strong>Nuestros contactos globales directos, forjados a lo largo de a\u00f1os de experiencia, garantizan fiabilidad, precios competitivos y una calidad constante.<\/li><\/ul><p><strong>Un socio para el \u00e9xito de su proyecto.<br \/><\/strong>Invitamos a propietarios, promotores y responsables de compras a contactarnos para una consulta. Perm\u00edtanos demostrarle c\u00f3mo nuestro abastecimiento estrat\u00e9gico puede mejorar el atractivo, la durabilidad y la rentabilidad de su propiedad.<\/p>\t\t\t\t\t\t\t\t<\/div>\n\t\t\t\t<\/div>\n\t\t\t\t\t<\/div>\n\t\t<\/div>\n\t\t\t\t\t<\/div>\n\t\t<\/section>\n\t\t\t\t<section class=\"elementor-section elementor-top-section elementor-element elementor-element-4146113 elementor-section-boxed elementor-section-height-default elementor-section-height-default\" data-id=\"4146113\" data-element_type=\"section\" data-e-type=\"section\" data-settings=\"{&quot;jet_parallax_layout_list&quot;:[]}\">\n\t\t\t\t\t\t<div class=\"elementor-container elementor-column-gap-default\">\n\t\t\t\t\t<div class=\"elementor-column elementor-col-100 elementor-top-column elementor-element elementor-element-dc711ce\" data-id=\"dc711ce\" data-element_type=\"column\" data-e-type=\"column\">\n\t\t\t<div class=\"elementor-widget-wrap elementor-element-populated\">\n\t\t\t\t\t\t<div class=\"elementor-element elementor-element-8e17374 elementor-widget elementor-widget-image-gallery\" data-id=\"8e17374\" data-element_type=\"widget\" data-e-type=\"widget\" data-widget_type=\"image-gallery.default\">\n\t\t\t\t<div class=\"elementor-widget-container\">\n\t\t\t\t\t\t\t<div class=\"elementor-image-gallery\">\n\t\t\t<div id='gallery-1' class='gallery galleryid-4922 gallery-columns-2 gallery-size-kava-thumb-l'><figure class='gallery-item'>\n\t\t\t<div class='gallery-icon landscape'>\n\t\t\t\t<a data-elementor-open-lightbox=\"yes\" data-elementor-lightbox-slideshow=\"8e17374\" data-elementor-lightbox-title=\"Hospitality furniture Ibiza\" data-elementor-lightbox-description=\"Hospitality furniture Ibiza\" data-e-action-hash=\"#elementor-action%3Aaction%3Dlightbox%26settings%3DeyJpZCI6NDkwMywidXJsIjoiaHR0cHM6XC9cL3d3dy5pYml6YWhvbWVzcGFjZXMuY29tXC93cC1jb250ZW50XC91cGxvYWRzXC8yMDI1XC8xMVwvSG9zcGl0YWxpdHktZnVybml0dXJlLUliaXphLmpwZyIsInNsaWRlc2hvdyI6IjhlMTczNzQifQ%3D%3D\" href='https:\/\/www.ibizahomespaces.com\/wp-content\/uploads\/2025\/11\/Hospitality-furniture-Ibiza.jpg'><img fetchpriority=\"high\" decoding=\"async\" width=\"800\" height=\"530\" src=\"https:\/\/www.ibizahomespaces.com\/wp-content\/uploads\/2025\/11\/Hospitality-furniture-Ibiza.jpg\" class=\"attachment-kava-thumb-l size-kava-thumb-l\" alt=\"Hospitality Furniture Ibiza\" aria-describedby=\"gallery-1-4903\" srcset=\"https:\/\/www.ibizahomespaces.com\/wp-content\/uploads\/2025\/11\/Hospitality-furniture-Ibiza.jpg 800w, https:\/\/www.ibizahomespaces.com\/wp-content\/uploads\/2025\/11\/Hospitality-furniture-Ibiza-300x199.jpg 300w, https:\/\/www.ibizahomespaces.com\/wp-content\/uploads\/2025\/11\/Hospitality-furniture-Ibiza-768x509.jpg 768w, https:\/\/www.ibizahomespaces.com\/wp-content\/uploads\/2025\/11\/Hospitality-furniture-Ibiza-600x398.jpg 600w\" sizes=\"(max-width: 800px) 100vw, 800px\" title=\"\"><\/a>\n\t\t\t<\/div>\n\t\t\t\t<figcaption class='wp-caption-text gallery-caption' id='gallery-1-4903'>\n\t\t\t\tHospitality furniture Ibiza\n\t\t\t\t<\/figcaption><\/figure><figure class='gallery-item'>\n\t\t\t<div class='gallery-icon landscape'>\n\t\t\t\t<a data-elementor-open-lightbox=\"yes\" data-elementor-lightbox-slideshow=\"8e17374\" data-elementor-lightbox-title=\"New Hospitality furniture Ibiza\" data-elementor-lightbox-description=\"new Hospitality furniture Ibiza\" data-e-action-hash=\"#elementor-action%3Aaction%3Dlightbox%26settings%3DeyJpZCI6NDkwNywidXJsIjoiaHR0cHM6XC9cL3d3dy5pYml6YWhvbWVzcGFjZXMuY29tXC93cC1jb250ZW50XC91cGxvYWRzXC8yMDI1XC8xMVwvTmV3LUhvc3BpdGFsaXR5LWZ1cm5pdHVyZS1JYml6YS5qcGciLCJzbGlkZXNob3ciOiI4ZTE3Mzc0In0%3D\" href='https:\/\/www.ibizahomespaces.com\/wp-content\/uploads\/2025\/11\/New-Hospitality-furniture-Ibiza.jpg'><img decoding=\"async\" width=\"800\" height=\"530\" src=\"https:\/\/www.ibizahomespaces.com\/wp-content\/uploads\/2025\/11\/New-Hospitality-furniture-Ibiza.jpg\" class=\"attachment-kava-thumb-l size-kava-thumb-l\" alt=\"new Hospitality furniture Ibiza\" aria-describedby=\"gallery-1-4907\" srcset=\"https:\/\/www.ibizahomespaces.com\/wp-content\/uploads\/2025\/11\/New-Hospitality-furniture-Ibiza.jpg 800w, https:\/\/www.ibizahomespaces.com\/wp-content\/uploads\/2025\/11\/New-Hospitality-furniture-Ibiza-300x199.jpg 300w, https:\/\/www.ibizahomespaces.com\/wp-content\/uploads\/2025\/11\/New-Hospitality-furniture-Ibiza-768x509.jpg 768w, https:\/\/www.ibizahomespaces.com\/wp-content\/uploads\/2025\/11\/New-Hospitality-furniture-Ibiza-600x398.jpg 600w\" sizes=\"(max-width: 800px) 100vw, 800px\" title=\"\"><\/a>\n\t\t\t<\/div>\n\t\t\t\t<figcaption class='wp-caption-text gallery-caption' id='gallery-1-4907'>\n\t\t\t\tnew Hospitality furniture Ibiza\n\t\t\t\t<\/figcaption><\/figure>\n\t\t<\/div>\n\t\t<\/div>\n\t\t\t\t\t\t<\/div>\n\t\t\t\t<\/div>\n\t\t\t\t\t<\/div>\n\t\t<\/div>\n\t\t\t\t\t<\/div>\n\t\t<\/section>\n\t\t\t\t<\/div>\n\t\t","protected":false},"excerpt":{"rendered":"<p>Mobiliario de Hosteler\u00eda Ibiza Soluciones de mobiliario profesional para hosteler\u00eda en Ibiza Adquisici\u00f3n de mobiliario a medida para entornos de hosteler\u00eda selectos. Somos socios especializados en la adquisici\u00f3n de mobiliario para el sector de la hosteler\u00eda, ofreciendo soluciones integrales de mobiliario comercial para hoteles, restaurantes, bares y apartamentos en Ibiza. Nuestra experiencia garantiza que sus [&hellip;]<\/p>\n","protected":false},"author":1,"featured_media":0,"parent":0,"menu_order":0,"comment_status":"closed","ping_status":"closed","template":"","meta":{"footnotes":""},"class_list":["post-4922","page","type-page","status-publish","hentry"],"_links":{"self":[{"href":"https:\/\/www.ibizahomespaces.com\/es\/wp-json\/wp\/v2\/pages\/4922","targetHints":{"allow":["GET"]}}],"collection":[{"href":"https:\/\/www.ibizahomespaces.com\/es\/wp-json\/wp\/v2\/pages"}],"about":[{"href":"https:\/\/www.ibizahomespaces.com\/es\/wp-json\/wp\/v2\/types\/page"}],"author":[{"embeddable":true,"href":"https:\/\/www.ibizahomespaces.com\/es\/wp-json\/wp\/v2\/users\/1"}],"replies":[{"embeddable":true,"href":"https:\/\/www.ibizahomespaces.com\/es\/wp-json\/wp\/v2\/comments?post=4922"}],"version-history":[{"count":8,"href":"https:\/\/www.ibizahomespaces.com\/es\/wp-json\/wp\/v2\/pages\/4922\/revisions"}],"predecessor-version":[{"id":4938,"href":"https:\/\/www.ibizahomespaces.com\/es\/wp-json\/wp\/v2\/pages\/4922\/revisions\/4938"}],"wp:attachment":[{"href":"https:\/\/www.ibizahomespaces.com\/es\/wp-json\/wp\/v2\/media?parent=4922"}],"curies":[{"name":"wp","href":"https:\/\/api.w.org\/{rel}","templated":true}]}}