{"id":4818,"date":"2025-11-03T21:57:06","date_gmt":"2025-11-03T20:57:06","guid":{"rendered":"https:\/\/www.ibizahomespaces.com\/in-out-tela-exterior\/"},"modified":"2025-12-06T01:02:50","modified_gmt":"2025-12-06T00:02:50","slug":"in-out-tela-exterior","status":"publish","type":"page","link":"https:\/\/www.ibizahomespaces.com\/es\/in-out-tela-exterior\/","title":{"rendered":"In &amp; Out Tela exterior"},"content":{"rendered":"\t\t<div data-elementor-type=\"wp-page\" data-elementor-id=\"4818\" class=\"elementor elementor-4818 elementor-4808\">\n\t\t\t\t\t\t<section class=\"elementor-section elementor-top-section elementor-element elementor-element-396d48c elementor-section-boxed elementor-section-height-default elementor-section-height-default\" data-id=\"396d48c\" data-element_type=\"section\" data-e-type=\"section\" data-settings=\"{&quot;jet_parallax_layout_list&quot;:[]}\">\n\t\t\t\t\t\t<div class=\"elementor-container elementor-column-gap-default\">\n\t\t\t\t\t<div class=\"elementor-column elementor-col-100 elementor-top-column elementor-element elementor-element-9f1386e\" data-id=\"9f1386e\" data-element_type=\"column\" data-e-type=\"column\">\n\t\t\t<div class=\"elementor-widget-wrap elementor-element-populated\">\n\t\t\t\t\t\t<div class=\"elementor-element elementor-element-3246c87 elementor-widget elementor-widget-text-editor\" data-id=\"3246c87\" data-element_type=\"widget\" data-e-type=\"widget\" data-widget_type=\"text-editor.default\">\n\t\t\t\t<div class=\"elementor-widget-container\">\n\t\t\t\t\t\t\t\t\t<p>In &amp; Out Tela exterior<\/p><p><strong>\u00abIN &amp; OUT TELA EXTERIOR \u00bb TEJIDO CON RECUBRIMIENTO INTERNO IMPERMEABLE<\/strong><\/p><p>El t\u00e9rmino \u00abin &amp; out\u00bb se refiere a un tejido dise\u00f1ado para su uso tanto en interiores (\u00abin\u00bb) como en exteriores (\u00about\u00bb). Esto significa que el material combina caracter\u00edsticas que lo hacen adecuado para ambientes exteriores (exposici\u00f3n al sol, la lluvia, la humedad y el viento), a la vez que su est\u00e9tica y textura lo hacen igualmente apropiado para espacios interiores.<br \/><br \/><br \/><br \/><\/p><figure id=\"attachment_4806\" aria-describedby=\"caption-attachment-4806\" style=\"width: 481px\" class=\"wp-caption aligncenter\"><img fetchpriority=\"high\" decoding=\"async\" class=\" wp-image-4806\" src=\"https:\/\/www.ibizahomespaces.com\/wp-content\/uploads\/2025\/11\/inout-fabric--300x200.jpg\" alt=\"Tela In &amp; out\" width=\"481\" height=\"320\" title=\"\" srcset=\"https:\/\/www.ibizahomespaces.com\/wp-content\/uploads\/2025\/11\/inout-fabric--300x200.jpg 300w, https:\/\/www.ibizahomespaces.com\/wp-content\/uploads\/2025\/11\/inout-fabric-.jpg 600w\" sizes=\"(max-width: 481px) 100vw, 481px\" \/><figcaption id=\"caption-attachment-4806\" class=\"wp-caption-text\">Tela In &amp; out<\/figcaption><\/figure><p>El dise\u00f1o de la tela cuenta con un revestimiento interno impermeable que act\u00faa como barrera contra la penetraci\u00f3n del agua, aumentando su durabilidad y funcionalidad para uso en exteriores.<\/p><p>Las colecciones que incluyen este tipo de tela son: Corinto, Santa Ana, Riverside, Java.<\/p><p><strong>Caracter\u00edsticas principales<\/strong><\/p><ul><li>El tejido base suele estar compuesto de fibras sint\u00e9ticas o mezclas de textiles t\u00e9cnicos, con un tejido denso que limita inherentemente la penetraci\u00f3n del agua (como se explica en los materiales para uso en exteriores: \u00abCuanto m\u00e1s denso sea el tejido&#8230; m\u00e1s dif\u00edcil ser\u00e1 que penetre la humedad\u00bb).<\/li><li>El revestimiento impermeable interno a\u00f1ade una capa (por ejemplo, de poliuretano u otro pol\u00edmero) adherida a la cara interna del tejido. Esta capa impide que la humedad penetre en el tejido, protege el relleno o la estructura interna y evita la retenci\u00f3n de agua. Gracias a ello, el tejido se seca m\u00e1s r\u00e1pido despu\u00e9s de la lluvia o el roc\u00edo, est\u00e1 protegido contra el moho y los da\u00f1os causados \u200b\u200bpor la humedad, y mantiene un mejor aspecto en exteriores.<\/li><\/ul><p><strong>Ventajas<\/strong><\/p><ul><li>Alta resistencia al agua y a la intemperie gracias al revestimiento interno.<\/li><li>Versatilidad para uso tanto en interiores como en exteriores<\/li><li>Mayor durabilidad en comparaci\u00f3n con los tejidos convencionales para exteriores sin recubrimiento.<\/li><li>Mantenimiento m\u00e1s sencillo (menor absorci\u00f3n de agua, menos manchas profundas)<\/li><\/ul><p>Cuidados recomendados<br \/>Para garantizar que este tipo de tejido mantenga sus propiedades a lo largo del tiempo, es importante seguir las siguientes instrucciones de cuidado:<\/p><ol><li><strong>Limpieza peri\u00f3dica<\/strong><\/li><\/ol><ul><li>Sacude o aspira la tela para eliminar el polvo, las hojas y las part\u00edculas adheridas.<\/li><li>Limpie las manchas lo antes posible con agua tibia y un detergente suave y neutro.<\/li><li>Evite productos agresivos o lej\u00eda.<\/li><li>No frote en exceso para evitar da\u00f1ar el revestimiento interno.<\/li><\/ul><ol><li><strong>Enjuague y secado<\/strong><\/li><\/ol><ul><li>Enjuague bien despu\u00e9s de la limpieza para eliminar cualquier residuo de detergente.<\/li><li>Deje secar completamente antes de volver a usar. Aunque el recubrimiento impide la penetraci\u00f3n del agua, la superficie puede permanecer h\u00fameda si no est\u00e1 bien ventilada.<\/li><\/ul><ol><li><strong>Protecci\u00f3n contra el sol y el agua<\/strong><\/li><\/ol><ul><li>Aunque se trata de un tejido t\u00e9cnico, la exposici\u00f3n constante a los rayos UV, la lluvia intensa o las condiciones extremas puede acelerar su desgaste. Siempre que sea posible, cubra o guarde los cojines y muebles cuando no los utilice o durante lluvias prolongadas.<br \/><br \/><br \/><br \/><\/li><li>Evitar la acumulaci\u00f3n de agua estancada en la superficie<\/li><\/ul><ol><li><strong>Evite productos da\u00f1inos<\/strong><\/li><\/ol><ul><li>No utilice disolventes, ceras, aceites ni productos impregnantes que puedan alterar la capa impermeable interna.<\/li><li>Evite planchar a altas temperaturas o exponer la tela a fuentes de calor directas e intensas.<\/li><\/ul><ol><li><strong>Almacenamiento adecuado<\/strong><\/li><\/ol><ul><li>Para los muebles de exterior durante las temporadas de inactividad (invierno, lluvias continuas), es preferible guardar o cubrir los elementos para prolongar la vida \u00fatil de la tela.<\/li><li>Aseg\u00farese de que est\u00e9 completamente seco antes de guardarlo para evitar la formaci\u00f3n de moho.<\/li><\/ul><ol><li><strong>Reactivaci\u00f3n del recubrimiento<\/strong><\/li><\/ol><ul><li>Con el tiempo, si el tejido absorbe m\u00e1s agua o si esta ya no forma gotas que la hacen efectiva, se puede aplicar un spray impermeabilizante espec\u00edfico compatible con tejidos t\u00e9cnicos para exteriores. Esto ayuda a mantener la funcionalidad del revestimiento interior.<\/li><\/ul>\t\t\t\t\t\t\t\t<\/div>\n\t\t\t\t<\/div>\n\t\t\t\t\t<\/div>\n\t\t<\/div>\n\t\t\t\t\t<\/div>\n\t\t<\/section>\n\t\t\t\t<\/div>\n\t\t","protected":false},"excerpt":{"rendered":"<p>In &amp; Out Tela exterior \u00abIN &amp; OUT TELA EXTERIOR \u00bb TEJIDO CON RECUBRIMIENTO INTERNO IMPERMEABLE El t\u00e9rmino \u00abin &amp; out\u00bb se refiere a un tejido dise\u00f1ado para su uso tanto en interiores (\u00abin\u00bb) como en exteriores (\u00about\u00bb). Esto significa que el material combina caracter\u00edsticas que lo hacen adecuado para ambientes exteriores (exposici\u00f3n al sol, [&hellip;]<\/p>\n","protected":false},"author":1,"featured_media":0,"parent":0,"menu_order":0,"comment_status":"closed","ping_status":"closed","template":"","meta":{"footnotes":""},"class_list":["post-4818","page","type-page","status-publish","hentry"],"_links":{"self":[{"href":"https:\/\/www.ibizahomespaces.com\/es\/wp-json\/wp\/v2\/pages\/4818","targetHints":{"allow":["GET"]}}],"collection":[{"href":"https:\/\/www.ibizahomespaces.com\/es\/wp-json\/wp\/v2\/pages"}],"about":[{"href":"https:\/\/www.ibizahomespaces.com\/es\/wp-json\/wp\/v2\/types\/page"}],"author":[{"embeddable":true,"href":"https:\/\/www.ibizahomespaces.com\/es\/wp-json\/wp\/v2\/users\/1"}],"replies":[{"embeddable":true,"href":"https:\/\/www.ibizahomespaces.com\/es\/wp-json\/wp\/v2\/comments?post=4818"}],"version-history":[{"count":4,"href":"https:\/\/www.ibizahomespaces.com\/es\/wp-json\/wp\/v2\/pages\/4818\/revisions"}],"predecessor-version":[{"id":5006,"href":"https:\/\/www.ibizahomespaces.com\/es\/wp-json\/wp\/v2\/pages\/4818\/revisions\/5006"}],"wp:attachment":[{"href":"https:\/\/www.ibizahomespaces.com\/es\/wp-json\/wp\/v2\/media?parent=4818"}],"curies":[{"name":"wp","href":"https:\/\/api.w.org\/{rel}","templated":true}]}}