{"id":4462,"date":"2025-09-05T22:24:54","date_gmt":"2025-09-05T21:24:54","guid":{"rendered":"https:\/\/www.ibizahomespaces.com\/tour-virtuales-de-360\/"},"modified":"2025-11-02T00:12:06","modified_gmt":"2025-11-01T23:12:06","slug":"tour-virtuales-de-360","status":"publish","type":"page","link":"https:\/\/www.ibizahomespaces.com\/es\/tour-virtuales-de-360\/","title":{"rendered":"Tour virtuales de 360\u00b0"},"content":{"rendered":"\t\t<div data-elementor-type=\"wp-page\" data-elementor-id=\"4462\" class=\"elementor elementor-4462 elementor-4438\">\n\t\t\t\t\t\t<section class=\"elementor-section elementor-top-section elementor-element elementor-element-1e50927 elementor-section-boxed elementor-section-height-default elementor-section-height-default\" data-id=\"1e50927\" data-element_type=\"section\" data-e-type=\"section\" data-settings=\"{&quot;jet_parallax_layout_list&quot;:[]}\">\n\t\t\t\t\t\t<div class=\"elementor-container elementor-column-gap-default\">\n\t\t\t\t\t<div class=\"elementor-column elementor-col-100 elementor-top-column elementor-element elementor-element-cf4e449\" data-id=\"cf4e449\" data-element_type=\"column\" data-e-type=\"column\">\n\t\t\t<div class=\"elementor-widget-wrap elementor-element-populated\">\n\t\t\t\t\t\t<div class=\"elementor-element elementor-element-39a449c elementor-widget elementor-widget-image\" data-id=\"39a449c\" data-element_type=\"widget\" data-e-type=\"widget\" data-widget_type=\"image.default\">\n\t\t\t\t<div class=\"elementor-widget-container\">\n\t\t\t\t\t\t\t\t\t\t\t\t\t\t\t<img fetchpriority=\"high\" decoding=\"async\" width=\"642\" height=\"468\" src=\"https:\/\/www.ibizahomespaces.com\/wp-content\/uploads\/2025\/09\/Ibiza-virtual-walking-tours-Ibiza.png\" class=\"attachment-large size-large wp-image-4452\" alt=\"360\u00ba-virtual-tours-real-estate-Ibiza\" srcset=\"https:\/\/www.ibizahomespaces.com\/wp-content\/uploads\/2025\/09\/Ibiza-virtual-walking-tours-Ibiza.png 642w, https:\/\/www.ibizahomespaces.com\/wp-content\/uploads\/2025\/09\/Ibiza-virtual-walking-tours-Ibiza-300x219.png 300w, https:\/\/www.ibizahomespaces.com\/wp-content\/uploads\/2025\/09\/Ibiza-virtual-walking-tours-Ibiza-600x437.png 600w, https:\/\/www.ibizahomespaces.com\/wp-content\/uploads\/2025\/09\/Ibiza-virtual-walking-tours-Ibiza-640x468.png 640w\" sizes=\"(max-width: 642px) 100vw, 642px\" title=\"\">\t\t\t\t\t\t\t\t\t\t\t\t\t\t\t<\/div>\n\t\t\t\t<\/div>\n\t\t\t\t\t<\/div>\n\t\t<\/div>\n\t\t\t\t\t<\/div>\n\t\t<\/section>\n\t\t\t\t<section class=\"elementor-section elementor-top-section elementor-element elementor-element-fe31935 elementor-section-boxed elementor-section-height-default elementor-section-height-default\" data-id=\"fe31935\" data-element_type=\"section\" data-e-type=\"section\" data-settings=\"{&quot;jet_parallax_layout_list&quot;:[]}\">\n\t\t\t\t\t\t<div class=\"elementor-container elementor-column-gap-default\">\n\t\t\t\t\t<div class=\"elementor-column elementor-col-100 elementor-top-column elementor-element elementor-element-9520f3a\" data-id=\"9520f3a\" data-element_type=\"column\" data-e-type=\"column\">\n\t\t\t<div class=\"elementor-widget-wrap elementor-element-populated\">\n\t\t\t\t\t\t<div class=\"elementor-element elementor-element-0f3ed73 elementor-widget elementor-widget-image-gallery\" data-id=\"0f3ed73\" data-element_type=\"widget\" data-e-type=\"widget\" data-widget_type=\"image-gallery.default\">\n\t\t\t\t<div class=\"elementor-widget-container\">\n\t\t\t\t\t\t\t<div class=\"elementor-image-gallery\">\n\t\t\t<div id='gallery-1' class='gallery galleryid-4462 gallery-columns-3 gallery-size-thumbnail'><figure class='gallery-item'>\n\t\t\t<div class='gallery-icon landscape'>\n\t\t\t\t<a data-elementor-open-lightbox=\"yes\" data-elementor-lightbox-slideshow=\"0f3ed73\" data-elementor-lightbox-title=\"Virtual-tour-real-estate-Ibiza\" data-elementor-lightbox-description=\"360\u00ba-virtual-tours-real-estate-Ibiza\" data-e-action-hash=\"#elementor-action%3Aaction%3Dlightbox%26settings%3DeyJpZCI6NDQ1NCwidXJsIjoiaHR0cHM6XC9cL3d3dy5pYml6YWhvbWVzcGFjZXMuY29tXC93cC1jb250ZW50XC91cGxvYWRzXC8yMDI1XC8wOVwvVmlydHVhbC10b3VyLXJlYWwtZXN0YXRlLUliaXphLnBuZyIsInNsaWRlc2hvdyI6IjBmM2VkNzMifQ%3D%3D\" href='https:\/\/www.ibizahomespaces.com\/wp-content\/uploads\/2025\/09\/Virtual-tour-real-estate-Ibiza.png'><img decoding=\"async\" width=\"150\" height=\"150\" src=\"https:\/\/www.ibizahomespaces.com\/wp-content\/uploads\/2025\/09\/Virtual-tour-real-estate-Ibiza-150x150.png\" class=\"attachment-thumbnail size-thumbnail\" alt=\"360\u00ba-virtual-tours-real-estate-Ibiza\" aria-describedby=\"gallery-1-4454\" srcset=\"https:\/\/www.ibizahomespaces.com\/wp-content\/uploads\/2025\/09\/Virtual-tour-real-estate-Ibiza-150x150.png 150w, https:\/\/www.ibizahomespaces.com\/wp-content\/uploads\/2025\/09\/Virtual-tour-real-estate-Ibiza-230x230.png 230w, https:\/\/www.ibizahomespaces.com\/wp-content\/uploads\/2025\/09\/Virtual-tour-real-estate-Ibiza-400x400.png 400w, https:\/\/www.ibizahomespaces.com\/wp-content\/uploads\/2025\/09\/Virtual-tour-real-estate-Ibiza-640x640.png 640w, https:\/\/www.ibizahomespaces.com\/wp-content\/uploads\/2025\/09\/Virtual-tour-real-estate-Ibiza-300x300.png 300w, https:\/\/www.ibizahomespaces.com\/wp-content\/uploads\/2025\/09\/Virtual-tour-real-estate-Ibiza-100x100.png 100w\" sizes=\"(max-width: 150px) 100vw, 150px\" title=\"\"><\/a>\n\t\t\t<\/div>\n\t\t\t\t<figcaption class='wp-caption-text gallery-caption' id='gallery-1-4454'>\n\t\t\t\t360\u00ba-virtual-tours-real-estate-Ibiza\n\t\t\t\t<\/figcaption><\/figure><figure class='gallery-item'>\n\t\t\t<div class='gallery-icon landscape'>\n\t\t\t\t<a data-elementor-open-lightbox=\"yes\" data-elementor-lightbox-slideshow=\"0f3ed73\" data-elementor-lightbox-title=\"virtual-walking-tours-real-estate-Ibiza\" data-elementor-lightbox-description=\"360\u00ba-virtual-tours-real-estate-Ibiza\" data-e-action-hash=\"#elementor-action%3Aaction%3Dlightbox%26settings%3DeyJpZCI6NDQ1NiwidXJsIjoiaHR0cHM6XC9cL3d3dy5pYml6YWhvbWVzcGFjZXMuY29tXC93cC1jb250ZW50XC91cGxvYWRzXC8yMDI1XC8wOVwvdmlydHVhbC13YWxraW5nLXRvdXJzLXJlYWwtZXN0YXRlLUliaXphLnBuZyIsInNsaWRlc2hvdyI6IjBmM2VkNzMifQ%3D%3D\" href='https:\/\/www.ibizahomespaces.com\/wp-content\/uploads\/2025\/09\/virtual-walking-tours-real-estate-Ibiza.png'><img decoding=\"async\" width=\"150\" height=\"150\" src=\"https:\/\/www.ibizahomespaces.com\/wp-content\/uploads\/2025\/09\/virtual-walking-tours-real-estate-Ibiza-150x150.png\" class=\"attachment-thumbnail size-thumbnail\" alt=\"360\u00ba-virtual-tours-real-estate-Ibiza\" aria-describedby=\"gallery-1-4456\" srcset=\"https:\/\/www.ibizahomespaces.com\/wp-content\/uploads\/2025\/09\/virtual-walking-tours-real-estate-Ibiza-150x150.png 150w, https:\/\/www.ibizahomespaces.com\/wp-content\/uploads\/2025\/09\/virtual-walking-tours-real-estate-Ibiza-230x230.png 230w, https:\/\/www.ibizahomespaces.com\/wp-content\/uploads\/2025\/09\/virtual-walking-tours-real-estate-Ibiza-400x400.png 400w, https:\/\/www.ibizahomespaces.com\/wp-content\/uploads\/2025\/09\/virtual-walking-tours-real-estate-Ibiza-640x640.png 640w, https:\/\/www.ibizahomespaces.com\/wp-content\/uploads\/2025\/09\/virtual-walking-tours-real-estate-Ibiza-300x300.png 300w, https:\/\/www.ibizahomespaces.com\/wp-content\/uploads\/2025\/09\/virtual-walking-tours-real-estate-Ibiza-100x100.png 100w\" sizes=\"(max-width: 150px) 100vw, 150px\" title=\"\"><\/a>\n\t\t\t<\/div>\n\t\t\t\t<figcaption class='wp-caption-text gallery-caption' id='gallery-1-4456'>\n\t\t\t\t360\u00ba-virtual-tours-real-estate-Ibiza\n\t\t\t\t<\/figcaption><\/figure><figure class='gallery-item'>\n\t\t\t<div class='gallery-icon landscape'>\n\t\t\t\t<a data-elementor-open-lightbox=\"yes\" data-elementor-lightbox-slideshow=\"0f3ed73\" data-elementor-lightbox-title=\"360\u00ba-virtual-tour-Ibiza\" data-elementor-lightbox-description=\"360\u00ba-virtual-tours-real-estate-Ibiza\" data-e-action-hash=\"#elementor-action%3Aaction%3Dlightbox%26settings%3DeyJpZCI6NDQ1OCwidXJsIjoiaHR0cHM6XC9cL3d3dy5pYml6YWhvbWVzcGFjZXMuY29tXC93cC1jb250ZW50XC91cGxvYWRzXC8yMDI1XC8wOVwvMzYwby12aXJ0dWFsLXRvdXItSWJpemEucG5nIiwic2xpZGVzaG93IjoiMGYzZWQ3MyJ9\" href='https:\/\/www.ibizahomespaces.com\/wp-content\/uploads\/2025\/09\/360o-virtual-tour-Ibiza.png'><img loading=\"lazy\" decoding=\"async\" width=\"150\" height=\"150\" src=\"https:\/\/www.ibizahomespaces.com\/wp-content\/uploads\/2025\/09\/360o-virtual-tour-Ibiza-150x150.png\" class=\"attachment-thumbnail size-thumbnail\" alt=\"360\u00ba-virtual-tours-real-estate-Ibiza\" aria-describedby=\"gallery-1-4458\" srcset=\"https:\/\/www.ibizahomespaces.com\/wp-content\/uploads\/2025\/09\/360o-virtual-tour-Ibiza-150x150.png 150w, https:\/\/www.ibizahomespaces.com\/wp-content\/uploads\/2025\/09\/360o-virtual-tour-Ibiza-230x230.png 230w, https:\/\/www.ibizahomespaces.com\/wp-content\/uploads\/2025\/09\/360o-virtual-tour-Ibiza-400x400.png 400w, https:\/\/www.ibizahomespaces.com\/wp-content\/uploads\/2025\/09\/360o-virtual-tour-Ibiza-640x640.png 640w, https:\/\/www.ibizahomespaces.com\/wp-content\/uploads\/2025\/09\/360o-virtual-tour-Ibiza-300x300.png 300w, https:\/\/www.ibizahomespaces.com\/wp-content\/uploads\/2025\/09\/360o-virtual-tour-Ibiza-100x100.png 100w\" sizes=\"(max-width: 150px) 100vw, 150px\" title=\"\"><\/a>\n\t\t\t<\/div>\n\t\t\t\t<figcaption class='wp-caption-text gallery-caption' id='gallery-1-4458'>\n\t\t\t\t360\u00ba-virtual-tours-real-estate-Ibiza\n\t\t\t\t<\/figcaption><\/figure>\n\t\t<\/div>\n\t\t<\/div>\n\t\t\t\t\t\t<\/div>\n\t\t\t\t<\/div>\n\t\t\t\t\t<\/div>\n\t\t<\/div>\n\t\t\t\t\t<\/div>\n\t\t<\/section>\n\t\t\t\t<section class=\"elementor-section elementor-top-section elementor-element elementor-element-5823ea8 elementor-section-boxed elementor-section-height-default elementor-section-height-default\" data-id=\"5823ea8\" data-element_type=\"section\" data-e-type=\"section\" data-settings=\"{&quot;jet_parallax_layout_list&quot;:[]}\">\n\t\t\t\t\t\t<div class=\"elementor-container elementor-column-gap-default\">\n\t\t\t\t\t<div class=\"elementor-column elementor-col-100 elementor-top-column elementor-element elementor-element-5a154f2\" data-id=\"5a154f2\" data-element_type=\"column\" data-e-type=\"column\">\n\t\t\t<div class=\"elementor-widget-wrap elementor-element-populated\">\n\t\t\t\t\t\t<div class=\"elementor-element elementor-element-9e9f6b0 elementor-widget elementor-widget-text-editor\" data-id=\"9e9f6b0\" data-element_type=\"widget\" data-e-type=\"widget\" data-widget_type=\"text-editor.default\">\n\t\t\t\t<div class=\"elementor-widget-container\">\n\t\t\t\t\t\t\t\t\t<h3><strong> Tour virtuales de 360\u00b0 <\/strong><\/h3><h3><strong>Tour virtuales inmersivos de 360\u00b0 <\/strong><\/h3><p><strong>No se lo digas sin m\u00e1s. <\/strong><em><strong>Mostrarlos.<\/strong><\/em><strong> Cautive a su audiencia con recorridos virtuales inmersivos de 360\u00b0 <\/strong><\/p><p>En el mundo digital actual, los clientes deciden d\u00f3nde interactuar en cuesti\u00f3n de segundos. Las fotos est\u00e1ticas y las descripciones de texto ya no son suficientes para destacar. \u00bfC\u00f3mo captar la atenci\u00f3n, generar entusiasmo y cerrar tratos m\u00e1s r\u00e1pido? La respuesta son los recorridos virtuales inmersivos e interactivos de 360\u00b0.   <\/p><p>Nuestro servicio profesional de recorridos virtuales de 360\u00b0 transforma la forma en que presenta sus espacios. Creamos experiencias digitales cautivadoras y de alta calidad que permiten a compradores, inquilinos y clientes potenciales explorar su propiedad o espacio desde cualquier lugar del mundo, a cualquier hora del d\u00eda. Es lo mejor que puede pasar en persona.<br><br> <br> <br>  <\/p><p><strong>\u00bfPor qu\u00e9 elegir nuestro servicio de recorridos virtuales de 360\u00b0?<\/strong><\/p><p>Vamos m\u00e1s all\u00e1 de los panoramas b\u00e1sicos. Ofrecemos una experiencia premium e intuitiva que genera resultados. <\/p><ul><li><strong>Alta resoluci\u00f3n n\u00edtida:<\/strong> nuestra tecnolog\u00eda de \u00faltima generaci\u00f3n captura su espacio con detalles sorprendentes, lo que garantiza una experiencia de visualizaci\u00f3n realista y atractiva.<\/li><li><strong>Navegaci\u00f3n fluida:<\/strong> los usuarios \u201ccaminan\u201d intuitivamente por las salas con simples clics o arrastres en su computadora de escritorio, tableta o tel\u00e9fono inteligente.<\/li><li><strong>Poder de marketing integrado:<\/strong> mejoramos su recorrido con elementos interactivos como \u00abpuntos de acceso\u00bb informativos, logotipos de empresas, videos integrados y enlaces directos para hacer clic y llamar, convirtiendo a los espectadores en clientes potenciales.<\/li><li><strong>Accesibilidad universal<\/strong>: su recorrido se comparte f\u00e1cilmente a trav\u00e9s de un enlace simple, se integra en su sitio web, se publica en portales inmobiliarios y se promociona en los canales de redes sociales.<\/li><\/ul><h3><strong>Descubra oportunidades: \u00bfpara qui\u00e9n son nuestros tours?<\/strong><\/h3><p>Nuestro servicio es vers\u00e1til y aporta valor en numerosas industrias:<\/p><ol><li><strong> Agentes inmobiliarios y administradores de propiedades:<\/strong><\/li><\/ol><ul><li><strong>Listados de ventas:<\/strong> brinde a los buscadores de casas en l\u00ednea una verdadera idea del flujo y el espacio de una propiedad, calificando clientes potenciales antes de la primera visita.<\/li><li><strong>Propiedades en alquiler:<\/strong> Permita que los inquilinos potenciales recorran docenas de apartamentos de manera eficiente, ahorr\u00e1ndole tiempo y reduciendo los per\u00edodos de vacancia.<\/li><li><strong>Puertas Abiertas 24\/7:<\/strong> No pierda ninguna oportunidad de negocio. Su recorrido virtual trabaja para usted las 24 horas, captando clientes internacionales y de fuera de la ciudad. <\/li><\/ul><ol start=\"2\"><li><strong> Proyectos de construcci\u00f3n y edificaci\u00f3n:<\/strong><\/li><\/ol><ul><li><strong>Informes de progreso:<\/strong> Proporcione informes de progreso visuales y transparentes a los clientes que no pueden estar presentes en el sitio con regularidad. Un recorrido virtual es un registro innegable de los hitos, lo que garantiza que todos se mantengan informados y coordinados desde el inicio hasta el final. <\/li><li><strong>Monitoreo remoto:<\/strong> permite a arquitectos, inversionistas y partes interesadas remotas inspeccionar visualmente la mano de obra, revisar etapas y tomar decisiones sin viajes costosos y que consumen mucho tiempo.<\/li><\/ul><ol start=\"3\"><li><strong> Comercio minorista y hosteler\u00eda:<\/strong><\/li><\/ol><ul><li><strong>Boutiques y tiendas:<\/strong> muestre el dise\u00f1o, la atm\u00f3sfera y los \u00faltimos productos de su tienda en l\u00ednea, impulsando el tr\u00e1fico peatonal y las ventas en l\u00ednea.<\/li><li><strong>Restaurantes, cafeter\u00edas y hoteles<\/strong>: Permita que los clientes obtengan una vista previa de su ambiente, disposici\u00f3n de los asientos y comodidades, para que lo elijan incluso antes de llegar.<\/li><\/ul><ol start=\"4\"><li><strong> Espacios y lugares para eventos:<\/strong><\/li><\/ol><ul><li><strong>Lugares para bodas y conferencias: <\/strong>brinde a los organizadores y a las parejas una herramienta poderosa para visualizar su evento en su espacio, aumentando las reservas.<\/li><li><strong>Exposiciones y ferias comerciales<\/strong>: \u00a1Ampl\u00ede la vida de su evento! Cree un recorrido virtual para quienes no pudieron asistir y muestre los stands de los expositores. <\/li><\/ul><ol start=\"5\"><li><strong> Empresas y propiedades comerciales:<\/strong><\/li><\/ol><ul><li><strong>Visitas a oficinas:<\/strong> atraiga a los mejores talentos mostrando sus espacios de trabajo y su cultura en su p\u00e1gina de carreras.<\/li><li><strong>Industrial y almacenamiento:<\/strong> proporcione recorridos precisos y detallados de las instalaciones para posibles compradores o arrendatarios sin programar visitas complicadas al sitio.<\/li><\/ul><h3> <\/h3><h3> <\/h3><h3><strong>Nuestro proceso simple:<\/strong><\/h3><ol><li><strong>Consulta y programa: <\/strong>Hablamos de tus necesidades y programamos un horario conveniente para la sesi\u00f3n.<\/li><li><strong>Captura: <\/strong>Nuestro fot\u00f3grafo experto captura profesionalmente cada \u00e1ngulo de su espacio.<\/li><li><strong>Crear y mejorar: <\/strong>unimos las im\u00e1genes, creamos el recorrido y agregamos su marca personalizada y elementos interactivos.<\/li><li><strong>Entregar y publicar:<\/strong> recibir\u00e1s un enlace \u00fanico y un c\u00f3digo de inserci\u00f3n para comenzar a usar tu tour de inmediato en todos tus canales de marketing.<\/li><\/ol><h3><strong>\u00bfListo para transformar sus listados?<\/strong><\/h3><p>No permita que sus propiedades y espacios se pierdan en un mercado online saturado. Un recorrido virtual de 360\u00b0 ya no es un lujo: es una herramienta de marketing esencial que genera m\u00e1s visitas, m\u00e1s clientes potenciales y conversiones m\u00e1s r\u00e1pidas. <\/p><p><strong>Cont\u00e1ctenos hoy para obtener un presupuesto gratuito y sin compromiso y ver un recorrido de muestra. Construyamos algo incre\u00edble juntos. <\/strong><\/p>\t\t\t\t\t\t\t\t<\/div>\n\t\t\t\t<\/div>\n\t\t\t\t\t<\/div>\n\t\t<\/div>\n\t\t\t\t\t<\/div>\n\t\t<\/section>\n\t\t\t\t<\/div>\n\t\t","protected":false},"excerpt":{"rendered":"<p>360\u00ba-virtual-tours-real-estate-Ibiza 360\u00ba-virtual-tours-real-estate-Ibiza 360\u00ba-virtual-tours-real-estate-Ibiza Tour virtuales de 360\u00b0 Tour virtuales inmersivos de 360\u00b0 No se lo digas sin m\u00e1s. Mostrarlos. Cautive a su audiencia con recorridos virtuales inmersivos de 360\u00b0 En el mundo digital actual, los clientes deciden d\u00f3nde interactuar en cuesti\u00f3n de segundos. Las fotos est\u00e1ticas y las descripciones de texto ya no son suficientes [&hellip;]<\/p>\n","protected":false},"author":1,"featured_media":0,"parent":0,"menu_order":0,"comment_status":"closed","ping_status":"closed","template":"","meta":{"footnotes":""},"class_list":["post-4462","page","type-page","status-publish","hentry"],"_links":{"self":[{"href":"https:\/\/www.ibizahomespaces.com\/es\/wp-json\/wp\/v2\/pages\/4462","targetHints":{"allow":["GET"]}}],"collection":[{"href":"https:\/\/www.ibizahomespaces.com\/es\/wp-json\/wp\/v2\/pages"}],"about":[{"href":"https:\/\/www.ibizahomespaces.com\/es\/wp-json\/wp\/v2\/types\/page"}],"author":[{"embeddable":true,"href":"https:\/\/www.ibizahomespaces.com\/es\/wp-json\/wp\/v2\/users\/1"}],"replies":[{"embeddable":true,"href":"https:\/\/www.ibizahomespaces.com\/es\/wp-json\/wp\/v2\/comments?post=4462"}],"version-history":[{"count":6,"href":"https:\/\/www.ibizahomespaces.com\/es\/wp-json\/wp\/v2\/pages\/4462\/revisions"}],"predecessor-version":[{"id":4804,"href":"https:\/\/www.ibizahomespaces.com\/es\/wp-json\/wp\/v2\/pages\/4462\/revisions\/4804"}],"wp:attachment":[{"href":"https:\/\/www.ibizahomespaces.com\/es\/wp-json\/wp\/v2\/media?parent=4462"}],"curies":[{"name":"wp","href":"https:\/\/api.w.org\/{rel}","templated":true}]}}