{"id":4435,"date":"2025-09-03T23:03:17","date_gmt":"2025-09-03T22:03:17","guid":{"rendered":"https:\/\/www.ibizahomespaces.com\/muebles-de-exterior-de-point\/"},"modified":"2026-03-12T22:58:54","modified_gmt":"2026-03-12T21:58:54","slug":"muebles-de-exterior-de-point","status":"publish","type":"page","link":"https:\/\/www.ibizahomespaces.com\/es\/muebles-de-exterior-de-point\/","title":{"rendered":"Muebles de exterior de Point"},"content":{"rendered":"\t\t<div data-elementor-type=\"wp-page\" data-elementor-id=\"4435\" class=\"elementor elementor-4435 elementor-4402\">\n\t\t\t\t\t\t<section class=\"elementor-section elementor-top-section elementor-element elementor-element-9b55813 elementor-section-boxed elementor-section-height-default elementor-section-height-default\" data-id=\"9b55813\" data-element_type=\"section\" data-e-type=\"section\" data-settings=\"{&quot;jet_parallax_layout_list&quot;:[]}\">\n\t\t\t\t\t\t<div class=\"elementor-container elementor-column-gap-default\">\n\t\t\t\t\t<div class=\"elementor-column elementor-col-100 elementor-top-column elementor-element elementor-element-984fbe1\" data-id=\"984fbe1\" data-element_type=\"column\" data-e-type=\"column\">\n\t\t\t<div class=\"elementor-widget-wrap elementor-element-populated\">\n\t\t\t\t\t\t<div class=\"elementor-element elementor-element-056d4b7 elementor-widget elementor-widget-image\" data-id=\"056d4b7\" data-element_type=\"widget\" data-e-type=\"widget\" data-widget_type=\"image.default\">\n\t\t\t\t<div class=\"elementor-widget-container\">\n\t\t\t\t\t\t\t\t\t\t\t\t\t\t\t<img fetchpriority=\"high\" decoding=\"async\" width=\"1024\" height=\"603\" src=\"https:\/\/www.ibizahomespaces.com\/wp-content\/uploads\/2025\/09\/Point-outdoor-Ibiza-1024x603.jpg\" class=\"attachment-large size-large wp-image-4407\" alt=\"Point-Outdoor-Furniture\" srcset=\"https:\/\/www.ibizahomespaces.com\/wp-content\/uploads\/2025\/09\/Point-outdoor-Ibiza-1024x603.jpg 1024w, https:\/\/www.ibizahomespaces.com\/wp-content\/uploads\/2025\/09\/Point-outdoor-Ibiza-300x177.jpg 300w, https:\/\/www.ibizahomespaces.com\/wp-content\/uploads\/2025\/09\/Point-outdoor-Ibiza-768x452.jpg 768w, https:\/\/www.ibizahomespaces.com\/wp-content\/uploads\/2025\/09\/Point-outdoor-Ibiza-600x353.jpg 600w, https:\/\/www.ibizahomespaces.com\/wp-content\/uploads\/2025\/09\/Point-outdoor-Ibiza.jpg 1188w\" sizes=\"(max-width: 1024px) 100vw, 1024px\" title=\"\">\t\t\t\t\t\t\t\t\t\t\t\t\t\t\t<\/div>\n\t\t\t\t<\/div>\n\t\t\t\t\t<\/div>\n\t\t<\/div>\n\t\t\t\t\t<\/div>\n\t\t<\/section>\n\t\t\t\t<section class=\"elementor-section elementor-top-section elementor-element elementor-element-0ce660d elementor-section-boxed elementor-section-height-default elementor-section-height-default\" data-id=\"0ce660d\" data-element_type=\"section\" data-e-type=\"section\" data-settings=\"{&quot;jet_parallax_layout_list&quot;:[]}\">\n\t\t\t\t\t\t<div class=\"elementor-container elementor-column-gap-default\">\n\t\t\t\t\t<div class=\"elementor-column elementor-col-100 elementor-top-column elementor-element elementor-element-28c3255\" data-id=\"28c3255\" data-element_type=\"column\" data-e-type=\"column\">\n\t\t\t<div class=\"elementor-widget-wrap elementor-element-populated\">\n\t\t\t\t\t\t<div class=\"elementor-element elementor-element-c7de25e elementor-widget elementor-widget-heading\" data-id=\"c7de25e\" data-element_type=\"widget\" data-e-type=\"widget\" data-widget_type=\"heading.default\">\n\t\t\t\t<div class=\"elementor-widget-container\">\n\t\t\t\t\t<h2 class=\"elementor-heading-title elementor-size-default\">Muebles de exterior de Point<\/h2>\t\t\t\t<\/div>\n\t\t\t\t<\/div>\n\t\t\t\t\t<\/div>\n\t\t<\/div>\n\t\t\t\t\t<\/div>\n\t\t<\/section>\n\t\t\t\t<section class=\"elementor-section elementor-top-section elementor-element elementor-element-d482859 elementor-section-boxed elementor-section-height-default elementor-section-height-default\" data-id=\"d482859\" data-element_type=\"section\" data-e-type=\"section\" data-settings=\"{&quot;jet_parallax_layout_list&quot;:[]}\">\n\t\t\t\t\t\t<div class=\"elementor-container elementor-column-gap-default\">\n\t\t\t\t\t<div class=\"elementor-column elementor-col-100 elementor-top-column elementor-element elementor-element-a402c67\" data-id=\"a402c67\" data-element_type=\"column\" data-e-type=\"column\">\n\t\t\t<div class=\"elementor-widget-wrap elementor-element-populated\">\n\t\t\t\t\t\t<div class=\"elementor-element elementor-element-1ee8e47 elementor-widget elementor-widget-text-editor\" data-id=\"1ee8e47\" data-element_type=\"widget\" data-e-type=\"widget\" data-widget_type=\"text-editor.default\">\n\t\t\t\t<div class=\"elementor-widget-container\">\n\t\t\t\t\t\t\t\t\t<p><strong>Nos complace ofrecer las excepcionales colecciones de muebles de exterior Point, una marca en la que hemos confiado durante a\u00f1os. Point destaca por: <\/strong><\/p><ul><li><strong>Calidad artesanal: Muchas piezas est\u00e1n meticulosamente hechas a mano, lo que garantiza un nivel de detalle y durabilidad que los muebles producidos en masa no pueden igualar.<\/strong><\/li><li><strong>Amplia personalizaci\u00f3n: seleccione entre una amplia gama de telas y acabados de materiales premium resistentes al sol para crear una apariencia que sea exclusivamente suya.<\/strong><\/li><li><strong>Diversos estilos de dise\u00f1o: Su cartera ofrece una rica variedad de dise\u00f1os, desde elegantes y contempor\u00e1neos hasta cl\u00e1sicos atemporales, lo que garantiza un ajuste perfecto para cualquier entorno al aire libre.<\/strong><\/li><\/ul><h3><strong>\u00bfQui\u00e9nes son Point?<\/strong><\/h3><p><b> Descripci\u00f3n de la marca: Point Outdoor Furniture: la esencia de la vida al aire libre mediterr\u00e1nea<\/b><\/p><p><strong>Titular: Point Outdoor Furniture: Donde la artesan\u00eda espa\u00f1ola atemporal se fusiona con el dise\u00f1o moderno<\/strong><\/p><p><strong>Durante m\u00e1s de un siglo, el nombre Point ha sido sin\u00f3nimo de calidad excepcional, dise\u00f1o innovador y la elegancia natural del estilo de vida mediterr\u00e1neo. Fundada en Valencia, Espa\u00f1a, en 1920, Point ha evolucionado desde un fabricante de muebles tradicional hasta convertirse en un l\u00edder mundial en mobiliario de exterior de alta gama, manteni\u00e9ndose fiel a sus ra\u00edces artesanales y a su pasi\u00f3n por los materiales aut\u00e9nticos.<br><br> <br> <br> <\/strong><\/p><h4><strong><em>La filosof\u00eda de Point: artesan\u00eda, dise\u00f1o y durabilidad<\/em><\/strong><\/h4><p><strong>La filosof\u00eda de Point se basa en una trinidad de valores fundamentales:<\/strong><\/p><ul><li><strong>Artesan\u00eda: Cada pieza refleja un profundo respeto por la artesan\u00eda tradicional, combinada con ingenier\u00eda de precisi\u00f3n. Esta dedicaci\u00f3n garantiza que cada silla, mesa y sof\u00e1 no sea solo un mueble, sino un producto con un acabado meticuloso, dise\u00f1ado para durar generaciones. <\/strong><\/li><li><strong>Dise\u00f1o innovador: Point Outdoor Furniture colabora con reconocidos dise\u00f1adores internacionales para crear colecciones est\u00e9ticamente impactantes y sumamente c\u00f3modas. Sus dise\u00f1os se caracterizan por l\u00edneas limpias, formas org\u00e1nicas y un atractivo atemporal que trasciende las modas pasajeras. <\/strong><\/li><li><strong>Calidad sin concesiones: utilizando solo los mejores materiales, desde teca de calidad seleccionada y acero inoxidable hasta fibras sint\u00e9ticas innovadoras, Point somete cada producto a pruebas rigurosas para garantizar una resistencia a la intemperie, durabilidad y longevidad superiores.<\/strong><\/li><\/ul><h4><strong><em>Una cartera diversa de estilos para cada espacio<\/em><\/strong><\/h4><p><strong>Las colecciones de Point est\u00e1n dise\u00f1adas para crear armoniosos ambientes exteriores, desde amplias terrazas con piscina hasta \u00edntimos balcones urbanos. Su gama abarca varios estilos distintos: <\/strong><\/p><ul><li><strong>Cl\u00e1sicos contempor\u00e1neos: Colecciones como Lounge y Sole presentan l\u00edneas limpias y arquitect\u00f3nicas y siluetas minimalistas. Suelen utilizar elegantes estructuras de acero inoxidable combinadas con c\u00f3modos textiles para exteriores, ideales para crear un look sofisticado y moderno. <\/strong><\/li><li><strong>Coastal &amp; Resort: Evocando el esp\u00edritu relajado del Mediterr\u00e1neo, colecciones como Brisa y Varela suelen presentar mimbre sint\u00e9tico tejido o cuerda, combinados con cojines mullidos y esponjosos. Estas piezas est\u00e1n dise\u00f1adas para la m\u00e1xima comodidad y relajaci\u00f3n, ideales para relajarse junto a la piscina y disfrutar de largas y lujosas cenas al aire libre.<br><br> <br> <br> <\/strong><\/li><li><strong>Minimalista y arquitect\u00f3nico: Para quienes aprecian las estructuras audaces, colecciones como Aktion y Link ofrecen un lenguaje de dise\u00f1o geom\u00e9trico m\u00e1s asertivo. Estas piezas suelen funcionar como elementos escult\u00f3ricos en un espacio, definiendo \u00e1reas con su fuerte presencia. <\/strong><\/li><li><strong>Sofisticaci\u00f3n modular: Point destaca en la creaci\u00f3n de sistemas de asientos modulares vers\u00e1tiles, como las colecciones Lounge y Sole. Estas permiten una personalizaci\u00f3n ilimitada, permiti\u00e9ndole configurar el sof\u00e1, la esquina o la tumbona perfectos para adaptarse a su espacio y necesidades.<br><br> <br> <br> <\/strong><\/li><\/ul><h4><strong><em>Materiales y artesan\u00eda exclusivos<\/em><\/strong><\/h4><p><strong>El compromiso de Point con la calidad es evidente en su selecci\u00f3n de materiales:<\/strong><\/p><ul><li><strong>Acero inoxidable: Uso extensivo de acero inoxidable AISI 316 de grado marino, reconocido por su excepcional resistencia a la corrosi\u00f3n en entornos costeros hostiles. Los acabados incluyen pulido, satinado y un exclusivo acabado caf\u00e9 en bronce oscuro. <\/strong><\/li><li><strong>Teca Premium: Point utiliza \u00fanicamente madera de teca de grado A de origen sostenible. Su alto contenido en aceite natural la hace incre\u00edblemente duradera y resistente a la intemperie, adquiriendo una hermosa p\u00e1tina gris plateada si no se trata.<br><br> <br> <br> <\/strong><\/li><li><strong>Fibras sint\u00e9ticas: Point utiliza mimbres sint\u00e9ticos de alto rendimiento (como Point Fiber) y cuerdas que son resistentes a los rayos UV, impermeables y dise\u00f1adas para conservar su color y flexibilidad durante a\u00f1os, imitando la belleza del rat\u00e1n natural sin el mantenimiento.<br><br> <br> <br><\/strong><\/li><li><strong>Textiles para exterior: Los cojines est\u00e1n tapizados con telas acr\u00edlicas te\u00f1idas en soluci\u00f3n de las mejores marcas como Sunbrella\u00ae y Perennials\u00ae, lo que garantiza resistencia a la decoloraci\u00f3n, resistencia al moho y f\u00e1cil limpieza.<\/strong><\/li><\/ul><h4><strong><em>C\u00f3mo explorar y comprar colecciones de puntos<\/em><\/strong><\/h4><p><strong>Como distribuidor autorizado de Point, brindamos acceso directo a todo su cat\u00e1logo y un servicio personalizado para ayudarle a tomar la decisi\u00f3n correcta.<\/strong><\/p><ol><li><strong>Explora las colecciones: Te invitamos a explorar la gama completa de dise\u00f1os en el sitio web oficial de Point: <a href=\"https:\/\/www.point1920.com\/\" target=\"_blank\" rel=\"noopener\">Point Outdoor Furniture | point1920.com<\/a><\/strong><\/li><li><strong>Solicite cat\u00e1logos y consultas: Cont\u00e1ctenos para recibir cat\u00e1logos detallados en PDF y hojas t\u00e9cnicas de cualquier colecci\u00f3n que le interese. Nuestro equipo conoce los productos de Point y puede brindarle asesoramiento experto sobre estilos, configuraciones y opciones de materiales. <\/strong><\/li><li><strong>Servicio a medida: Los muebles Point se fabrican a medida. Podemos guiarle a trav\u00e9s de las personalizaciones disponibles, incluyendo la elecci\u00f3n de telas para cojines y acabados para metales y madera, para crear un ambiente \u00fanico a su gusto. <\/strong><\/li><li><strong>Entrega y servicio: Podemos organizar la entrega profesional y brindar asesoramiento experto sobre el cuidado y mantenimiento de sus muebles Point para garantizar que se mantengan hermosos en los a\u00f1os venideros.<\/strong><\/li><\/ol><p><strong>Descubra la fusi\u00f3n perfecta entre la herencia espa\u00f1ola y el dise\u00f1o moderno. Cont\u00e1ctenos hoy mismo para una consulta y perm\u00edtanos ayudarle a crear un espacio exterior hermoso y duradero. <\/strong><\/p><p><a href=\"https:\/\/www.ibizahomespaces.com\/es\/contactos\/\"><strong>Cont\u00e1ctenos para cat\u00e1logos y precios \u2192<\/strong><\/a><\/p>\t\t\t\t\t\t\t\t<\/div>\n\t\t\t\t<\/div>\n\t\t\t\t\t<\/div>\n\t\t<\/div>\n\t\t\t\t\t<\/div>\n\t\t<\/section>\n\t\t\t\t<\/div>\n\t\t","protected":false},"excerpt":{"rendered":"<p>Muebles de exterior de Point Nos complace ofrecer las excepcionales colecciones de muebles de exterior Point, una marca en la que hemos confiado durante a\u00f1os. Point destaca por: Calidad artesanal: Muchas piezas est\u00e1n meticulosamente hechas a mano, lo que garantiza un nivel de detalle y durabilidad que los muebles producidos en masa no pueden igualar. [&hellip;]<\/p>\n","protected":false},"author":1,"featured_media":0,"parent":0,"menu_order":0,"comment_status":"closed","ping_status":"closed","template":"","meta":{"footnotes":""},"class_list":["post-4435","page","type-page","status-publish","hentry"],"_links":{"self":[{"href":"https:\/\/www.ibizahomespaces.com\/es\/wp-json\/wp\/v2\/pages\/4435","targetHints":{"allow":["GET"]}}],"collection":[{"href":"https:\/\/www.ibizahomespaces.com\/es\/wp-json\/wp\/v2\/pages"}],"about":[{"href":"https:\/\/www.ibizahomespaces.com\/es\/wp-json\/wp\/v2\/types\/page"}],"author":[{"embeddable":true,"href":"https:\/\/www.ibizahomespaces.com\/es\/wp-json\/wp\/v2\/users\/1"}],"replies":[{"embeddable":true,"href":"https:\/\/www.ibizahomespaces.com\/es\/wp-json\/wp\/v2\/comments?post=4435"}],"version-history":[{"count":4,"href":"https:\/\/www.ibizahomespaces.com\/es\/wp-json\/wp\/v2\/pages\/4435\/revisions"}],"predecessor-version":[{"id":5656,"href":"https:\/\/www.ibizahomespaces.com\/es\/wp-json\/wp\/v2\/pages\/4435\/revisions\/5656"}],"wp:attachment":[{"href":"https:\/\/www.ibizahomespaces.com\/es\/wp-json\/wp\/v2\/media?parent=4435"}],"curies":[{"name":"wp","href":"https:\/\/api.w.org\/{rel}","templated":true}]}}