{"id":4193,"date":"2025-08-26T11:03:55","date_gmt":"2025-08-26T10:03:55","guid":{"rendered":"https:\/\/www.ibizahomespaces.com\/informacion-de-entrega-y-envio\/"},"modified":"2025-10-12T18:26:02","modified_gmt":"2025-10-12T17:26:02","slug":"informacion-de-entrega-y-envio","status":"publish","type":"page","link":"https:\/\/www.ibizahomespaces.com\/es\/informacion-de-entrega-y-envio\/","title":{"rendered":"Informaci\u00f3n de entrega y env\u00edo"},"content":{"rendered":"\t\t<div data-elementor-type=\"wp-page\" data-elementor-id=\"4193\" class=\"elementor elementor-4193 elementor-4187\">\n\t\t\t\t\t\t<section class=\"elementor-section elementor-top-section elementor-element elementor-element-a466ecb elementor-section-boxed elementor-section-height-default elementor-section-height-default\" data-id=\"a466ecb\" data-element_type=\"section\" data-e-type=\"section\" data-settings=\"{&quot;jet_parallax_layout_list&quot;:[]}\">\n\t\t\t\t\t\t<div class=\"elementor-container elementor-column-gap-default\">\n\t\t\t\t\t<div class=\"elementor-column elementor-col-100 elementor-top-column elementor-element elementor-element-806c582\" data-id=\"806c582\" data-element_type=\"column\" data-e-type=\"column\">\n\t\t\t<div class=\"elementor-widget-wrap elementor-element-populated\">\n\t\t\t\t\t\t<div class=\"elementor-element elementor-element-2ee1e2a elementor-widget__width-initial elementor-widget elementor-widget-text-editor\" data-id=\"2ee1e2a\" data-element_type=\"widget\" data-e-type=\"widget\" data-widget_type=\"text-editor.default\">\n\t\t\t\t<div class=\"elementor-widget-container\">\n\t\t\t\t\t\t\t\t\t<h3><strong>Informaci\u00f3n de entrega y env\u00edo<\/strong><\/h3><p>Al pedir muebles en Ibiza Home Spaces, nuestra tienda online de muebles nos dedicamos a que sus art\u00edculos lleguen a usted de la forma m\u00e1s eficiente y econ\u00f3mica posible. Aunque estamos ubicados en Ibiza, hemos ampliado nuestra log\u00edstica para ofrecer tarifas de env\u00edo m\u00e1s competitivas a toda Espa\u00f1a y Europa.<\/p><p><strong>C\u00f3mo funciona nuestra entrega:<\/strong><\/p><p>Para ofrecerle el mejor precio posible, enviamos productos desde dos ubicaciones:<\/p><ul><li><strong>Nuestro almac\u00e9n en Ibiza<\/strong><\/li><li><strong>Nuestro Centro de Distribuci\u00f3n en la Peninsular de Espa\u00f1a<\/strong><\/li><\/ul><p>Es posible que veas dos precios de env\u00edo diferentes para los art\u00edculos. Un precio m\u00e1s alto suele significar que el art\u00edculo se env\u00eda desde Ibiza, mientras que un precio m\u00e1s bajo significa que est\u00e1 disponible en nuestro stock en la pen\u00ednsula. Este sistema nos permite ofrecerte la tarifa m\u00e1s competitiva seg\u00fan tu ubicaci\u00f3n.<\/p><p><strong>C\u00f3mo obtener una cotizaci\u00f3n de entrega precisa:<\/strong><\/p><p>La forma m\u00e1s f\u00e1cil de obtener el coste exacto del env\u00edo es contactarnos con su <strong>c\u00f3digo postal.<\/strong> Revisaremos inmediatamente nuestro stock y le proporcionaremos el precio total, que incluye el env\u00edo a su direcci\u00f3n.<\/p><p><strong>Cont\u00e1ctenos para una cotizaci\u00f3n:<\/strong><\/p><ul><li><strong>Email:<\/strong> <a href=\"https:\/\/mailto:info@ibizahomespaces.com\/\">info@ibizahomespaces.com<\/a><\/li><li><strong>WhatsApp\/Telegram:<\/strong> +34 711083102<\/li><\/ul><p>Estaremos encantados de ofrecer precios de env\u00edo precisos para direcciones dentro de <strong>Espa\u00f1a y otras partes de Europa.<\/strong><\/p><h3><strong>Despu\u00e9s de realizar el pedido<\/strong><\/h3><p><strong>Art\u00edculos m\u00e1s peque\u00f1os:<\/strong><\/p><ul><li><strong>Env\u00edo:<\/strong> Los art\u00edculos normalmente se env\u00edan dentro de los 2 d\u00edas h\u00e1biles posteriores a que se confirma el pago.<\/li><li><strong>Env\u00edo:<\/strong> Realizamos env\u00edos con empresas de transporte de confianza que ofrecen seguimiento online.<\/li><\/ul><p><strong>Art\u00edculos y muebles m\u00e1s grandes:<\/strong><br \/>Para productos m\u00e1s voluminosos, trabajamos con una red de transportistas especializados para encontrar las mejores tarifas. Cont\u00e1ctenos antes de realizar su pedido para obtener un presupuesto de env\u00edo personalizado a cualquier zona o pa\u00eds. Buscaremos la opci\u00f3n m\u00e1s fiable y econ\u00f3mica para usted.<\/p><h3><strong>Informaci\u00f3n importante<\/strong><\/h3><ul><li><strong>Gastos de env\u00edo:<\/strong> Nuestros gastos de env\u00edo incluyen materiales de embalaje seguros, manipulaci\u00f3n y franqueo. Los gastos de manipulaci\u00f3n son fijos, mientras que los gastos de transporte se basan en el tama\u00f1o y el peso total del env\u00edo.<\/li><li><strong>Agrupaci\u00f3n de art\u00edculos:<\/strong> Para ahorrar en gastos de env\u00edo, recomendamos agrupar todos sus art\u00edculos en un solo pedido. No podemos combinar pedidos realizados en diferentes momentos, por lo que se aplicar\u00e1n los gastos de env\u00edo est\u00e1ndar a cada uno.<\/li><li><strong>Embalaje:<\/strong> Empaquetamos sus art\u00edculos con especial cuidado. Los objetos fr\u00e1giles se protegen con precisi\u00f3n en cajas de gran tama\u00f1o para garantizar que lleguen en perfectas condiciones.<\/li><\/ul><p>Siempre estamos aqu\u00ed para garantizar un proceso de entrega sin contratiempos. \u00a1No dude en contactarnos si tiene alguna pregunta!<\/p><p><strong>Cont\u00e1ctenos:<\/strong><\/p><ul><li><strong>Email:<\/strong> <a href=\"https:\/\/mailto:info@ibizahomespaces.com\/\">info@ibizahomespaces.com<\/a><\/li><li><strong>WhatsApp\/Telegram:<\/strong> +34 711083102<\/li><\/ul>\t\t\t\t\t\t\t\t<\/div>\n\t\t\t\t<\/div>\n\t\t\t\t\t<\/div>\n\t\t<\/div>\n\t\t\t\t\t<\/div>\n\t\t<\/section>\n\t\t\t\t<\/div>\n\t\t","protected":false},"excerpt":{"rendered":"<p>Informaci\u00f3n de entrega y env\u00edo Al pedir muebles en Ibiza Home Spaces, nuestra tienda online de muebles nos dedicamos a que sus art\u00edculos lleguen a usted de la forma m\u00e1s eficiente y econ\u00f3mica posible. Aunque estamos ubicados en Ibiza, hemos ampliado nuestra log\u00edstica para ofrecer tarifas de env\u00edo m\u00e1s competitivas a toda Espa\u00f1a y Europa. [&hellip;]<\/p>\n","protected":false},"author":1,"featured_media":0,"parent":0,"menu_order":0,"comment_status":"closed","ping_status":"closed","template":"","meta":{"footnotes":""},"class_list":["post-4193","page","type-page","status-publish","hentry"],"_links":{"self":[{"href":"https:\/\/www.ibizahomespaces.com\/es\/wp-json\/wp\/v2\/pages\/4193","targetHints":{"allow":["GET"]}}],"collection":[{"href":"https:\/\/www.ibizahomespaces.com\/es\/wp-json\/wp\/v2\/pages"}],"about":[{"href":"https:\/\/www.ibizahomespaces.com\/es\/wp-json\/wp\/v2\/types\/page"}],"author":[{"embeddable":true,"href":"https:\/\/www.ibizahomespaces.com\/es\/wp-json\/wp\/v2\/users\/1"}],"replies":[{"embeddable":true,"href":"https:\/\/www.ibizahomespaces.com\/es\/wp-json\/wp\/v2\/comments?post=4193"}],"version-history":[{"count":8,"href":"https:\/\/www.ibizahomespaces.com\/es\/wp-json\/wp\/v2\/pages\/4193\/revisions"}],"predecessor-version":[{"id":4642,"href":"https:\/\/www.ibizahomespaces.com\/es\/wp-json\/wp\/v2\/pages\/4193\/revisions\/4642"}],"wp:attachment":[{"href":"https:\/\/www.ibizahomespaces.com\/es\/wp-json\/wp\/v2\/media?parent=4193"}],"curies":[{"name":"wp","href":"https:\/\/api.w.org\/{rel}","templated":true}]}}