{"id":4160,"date":"2025-08-25T22:28:44","date_gmt":"2025-08-25T21:28:44","guid":{"rendered":"https:\/\/www.ibizahomespaces.com\/politica-de-privacidad-2\/"},"modified":"2025-09-05T21:51:43","modified_gmt":"2025-09-05T20:51:43","slug":"politica-de-privacidad-2","status":"publish","type":"page","link":"https:\/\/www.ibizahomespaces.com\/es\/politica-de-privacidad-2\/","title":{"rendered":"Pol\u00edtica de privacidad"},"content":{"rendered":"\t\t<div data-elementor-type=\"wp-page\" data-elementor-id=\"4160\" class=\"elementor elementor-4160 elementor-4154\">\n\t\t\t\t\t\t<section class=\"elementor-section elementor-top-section elementor-element elementor-element-551757a elementor-section-boxed elementor-section-height-default elementor-section-height-default\" data-id=\"551757a\" data-element_type=\"section\" data-e-type=\"section\" data-settings=\"{&quot;jet_parallax_layout_list&quot;:[]}\">\n\t\t\t\t\t\t<div class=\"elementor-container elementor-column-gap-default\">\n\t\t\t\t\t<div class=\"elementor-column elementor-col-100 elementor-top-column elementor-element elementor-element-f7338cf\" data-id=\"f7338cf\" data-element_type=\"column\" data-e-type=\"column\">\n\t\t\t<div class=\"elementor-widget-wrap elementor-element-populated\">\n\t\t\t\t\t\t<div class=\"elementor-element elementor-element-ea20cbf elementor-widget elementor-widget-text-editor\" data-id=\"ea20cbf\" data-element_type=\"widget\" data-e-type=\"widget\" data-widget_type=\"text-editor.default\">\n\t\t\t\t<div class=\"elementor-widget-container\">\n\t\t\t\t\t\t\t\t\t<p>Pol\u00edtica de privacidad<\/p><p>\u00daltima actualizaci\u00f3n: 25 de agosto de 2025<\/p><p>Esta Pol\u00edtica de privacidad describe nuestras pol\u00edticas y procedimientos sobre la recopilaci\u00f3n, el uso y la divulgaci\u00f3n de su informaci\u00f3n cuando utiliza el Servicio y le informa sobre sus derechos de privacidad y c\u00f3mo la ley lo protege.<\/p><p>Utilizamos sus datos personales para proporcionar y mejorar el Servicio. Al utilizar el Servicio, Usted acepta la recopilaci\u00f3n y el uso de informaci\u00f3n de acuerdo con esta Pol\u00edtica de privacidad. <\/p><h2>Interpretaci\u00f3n y definiciones<\/h2><h3>Interpretaci\u00f3n<\/h3><p>Las palabras cuyas letras iniciales se escriben en may\u00fascula tienen significados definidos bajo las siguientes condiciones. Las siguientes definiciones tendr\u00e1n el mismo significado independientemente de que aparezcan en singular o en plural. <\/p><h3>Definiciones<\/h3><p>A los efectos de esta Pol\u00edtica de Privacidad:<\/p><p>Cuenta se refiere a una cuenta \u00fanica creada para que Usted acceda a nuestro Servicio o a partes de nuestro Servicio.<\/p><p>Affiliate means an entity that controls, is controlled by or is under common control with a party, where \u00abcontrol\u00bb means ownership of 50% or more of the shares, equity interest or other securities entitled to vote for election of directors or other managing authority.<\/p><p>Empresa (denominada \u00abla Empresa\u00bb, \u00abNosotros\u00bb, \u00abNos\u00bb o \u00abNuestro\u00bb en este Acuerdo) se refiere a Ibiza Homs Spaces, 21 Carrer Venda de Can Llatzer, Santa Gertrudis de fruitera 07814.<\/p><p>Las cookies son peque\u00f1os archivos que un sitio web coloca en su ordenador, dispositivo m\u00f3vil o cualquier otro dispositivo, que contienen los detalles de su historial de navegaci\u00f3n en ese sitio web entre sus muchos usos.<\/p><p>Pa\u00eds se refiere a: Espa\u00f1a<\/p><p>Dispositivo se refiere a cualquier dispositivo que pueda acceder al Servicio, como una computadora, un tel\u00e9fono celular o una tableta digital.<\/p><p>Los Datos Personales son cualquier informaci\u00f3n relacionada con una persona f\u00edsica identificada o identificable.<\/p><p>El servicio se refiere al sitio web.<\/p><p>Proveedor de servicios significa cualquier persona f\u00edsica o jur\u00eddica que procese los datos en nombre de la Compa\u00f1\u00eda. Se refiere a empresas o personas de terceros empleadas por la Empresa para facilitar el Servicio, para prestar el Servicio en nombre de la Empresa, para realizar servicios relacionados con el Servicio o para ayudar a la Empresa a analizar c\u00f3mo se utiliza el Servicio. <\/p><p>Los Datos de uso se refieren a los datos recopilados autom\u00e1ticamente, ya sea generados por el uso del Servicio o de la propia infraestructura del Servicio (por ejemplo, la duraci\u00f3n de una visita a la p\u00e1gina).<\/p><p>El sitio web se refiere a Ibiza Home Spaces, accesible desde <a href=\"https:\/\/www.ibizahomespaces.com\/es\/\">https:\/\/www.ibizahomespaces.com\/<\/a><\/p><p>Usted se refiere a la persona que accede o utiliza el Servicio, o a la empresa u otra entidad legal en nombre de la cual dicha persona accede o utiliza el Servicio, seg\u00fan corresponda.<\/p><h2>Recopilaci\u00f3n y uso de sus datos personales<\/h2><h3>Tipos de datos recopilados<\/h3><h4><em>Datos personales<\/em><\/h4><p>Mientras utiliza nuestro servicio, es posible que le pidamos que nos proporcione cierta informaci\u00f3n de identificaci\u00f3n personal que puede utilizarse para ponerse en contacto con usted o identificarle. La informaci\u00f3n de identificaci\u00f3n personal puede incluir, entre otros: <\/p><p>Direcci\u00f3n de correo electr\u00f3nico<\/p><p>Nombre y apellidos<\/p><p>N\u00famero de tel\u00e9fono<\/p><p>Direcci\u00f3n, Estado, Provincia, C\u00f3digo Postal, Ciudad<\/p><p>Datos de uso<\/p><h4><em>Datos de uso<\/em><\/h4><p>Los Datos de uso se recopilan autom\u00e1ticamente cuando se utiliza el Servicio.<\/p><p>Los Datos de uso pueden incluir informaci\u00f3n como la direcci\u00f3n de Protocolo de Internet de su dispositivo (por ejemplo, la direcci\u00f3n IP), el tipo de navegador, la versi\u00f3n del navegador, las p\u00e1ginas de nuestro Servicio que visita, la hora y la fecha de su visita, el tiempo que pasa en esas p\u00e1ginas, identificadores \u00fanicos del dispositivo y otros datos de diagn\u00f3stico.<\/p><p>Cuando accede al Servicio a trav\u00e9s de un dispositivo m\u00f3vil, podemos recopilar cierta informaci\u00f3n autom\u00e1ticamente, incluidos, entre otros, el tipo de dispositivo m\u00f3vil que utiliza, la identificaci\u00f3n \u00fanica de su dispositivo m\u00f3vil, la direcci\u00f3n IP de su dispositivo m\u00f3vil, su sistema operativo m\u00f3vil, el tipo de navegador de Internet m\u00f3vil que utiliza, los identificadores \u00fanicos del dispositivo y otros datos de diagn\u00f3stico.<\/p><p>Tambi\u00e9n podemos recopilar informaci\u00f3n que su navegador env\u00eda cada vez que visita nuestro Servicio o cuando accede al Servicio a trav\u00e9s de un dispositivo m\u00f3vil.<\/p><h4><em>Tecnolog\u00edas de seguimiento y cookies<\/em><\/h4><p>Utilizamos cookies y tecnolog\u00edas de seguimiento similares para rastrear la actividad en nuestro servicio y almacenar cierta informaci\u00f3n. Las tecnolog\u00edas de seguimiento utilizadas son balizas, etiquetas y scripts para recopilar y rastrear informaci\u00f3n y para mejorar y analizar Nuestro Servicio. Las tecnolog\u00edas que utilizamos pueden incluir:  <\/p><ul><li>Cookies o cookies del navegador. Una cookie es un peque\u00f1o archivo que se coloca en su dispositivo. Puede indicarle a su navegador que rechace todas las cookies o que le indique cu\u00e1ndo se env\u00eda una cookie. Sin embargo, si no acepta las cookies, es posible que no pueda utilizar algunas partes de nuestro servicio. A menos que haya ajustado la configuraci\u00f3n de su navegador para que rechace las cookies, nuestro servicio puede utilizar cookies.   <\/li><li>Balizas web. Ciertas secciones de nuestro Servicio y nuestros correos electr\u00f3nicos pueden contener peque\u00f1os archivos electr\u00f3nicos conocidos como balizas web (tambi\u00e9n denominados gifs transparentes, etiquetas de p\u00edxel y gifs de un solo p\u00edxel) que permiten a la Compa\u00f1\u00eda, por ejemplo, contar los usuarios que han visitado esas p\u00e1ginas o han abierto un correo electr\u00f3nico y para otras estad\u00edsticas relacionadas con el sitio web (por ejemplo, registrar la popularidad de una determinada secci\u00f3n y verificar la integridad del sistema y del servidor).<\/li><\/ul><p>Cookies can be \u00abPersistent\u00bb or \u00abSession\u00bb Cookies. Persistent Cookies remain on Your personal computer or mobile device when You go offline, while Session Cookies are deleted as soon as You close Your web browser. You can learn more about cookies on <a href=\"https:\/\/www.termsfeed.com\/blog\/cookies\/#What_Are_Cookies\" target=\"_blank\" rel=\"noopener\">TermsFeed website<\/a> article.  <\/p><p>Utilizamos cookies de sesi\u00f3n y persistentes para los fines que se indican a continuaci\u00f3n:<\/p><p>Cookies necesarias\/esenciales<\/p><p>Tipo: Cookies de sesi\u00f3n<\/p><p>Administrado por: Nosotros<\/p><p>Finalidad: Estas cookies son esenciales para proporcionarle los servicios disponibles a trav\u00e9s del sitio web y permitirle utilizar algunas de sus funciones. Ayudan a autenticar a los usuarios y a evitar el uso fraudulento de las cuentas de usuario. Sin estas cookies, no podemos proporcionarle los servicios que ha solicitado, y solo las utilizamos para proporcionarle dichos servicios.  <\/p><p>Pol\u00edtica de Cookies \/ Aviso de Aceptaci\u00f3n de Cookies<\/p><p>Tipo: Cookies persistentes<\/p><p>Administrado por: Nosotros<\/p><p>Finalidad: Estas Cookies identifican si los usuarios han aceptado el uso de cookies en el Sitio Web.<\/p><p>Cookies de funcionalidad<\/p><p>Tipo: Cookies persistentes<\/p><p>Administrado por: Nosotros<\/p><p>Finalidad: Estas cookies nos permiten recordar las opciones que usted elige al usar el sitio web, como sus datos de inicio de sesi\u00f3n o su preferencia de idioma. El objetivo de estas cookies es brindarle una experiencia m\u00e1s personalizada y evitar que tenga que volver a ingresar sus preferencias cada vez que usa el sitio web. <\/p><p>Para obtener m\u00e1s informaci\u00f3n sobre las cookies que utilizamos y sus opciones con respecto a las cookies, visite nuestra Pol\u00edtica de cookies o la secci\u00f3n Cookies de nuestra Pol\u00edtica de privacidad.<\/p><h3>Uso de sus datos personales<\/h3><p>La Empresa podr\u00e1 utilizar los Datos Personales para las siguientes finalidades:<\/p><p>Para proporcionar y mantener nuestro Servicio, incluido el seguimiento del uso de nuestro Servicio.<\/p><p>para gestionar su registro como usuario del Servicio. Los Datos Personales que nos facilite pueden darle acceso a diferentes funcionalidades del Servicio que est\u00e1n a su disposici\u00f3n como usuario registrado. <\/p><p>Para la ejecuci\u00f3n de un contrato: el desarrollo, cumplimiento y ejecuci\u00f3n del contrato de compra de los productos, art\u00edculos o servicios que Usted haya adquirido o de cualquier otro contrato con Nosotros a trav\u00e9s del Servicio.<\/p><p>Para contactar con Usted: Para contactarlo por correo electr\u00f3nico, llamadas telef\u00f3nicas, SMS, u otras formas equivalentes de comunicaci\u00f3n electr\u00f3nica, tales como notificaciones push de una aplicaci\u00f3n m\u00f3vil sobre actualizaciones o comunicaciones informativas relacionadas con las funcionalidades, productos o servicios contratados, incluidas las actualizaciones de seguridad, cuando sea necesario o razonable para su implementaci\u00f3n.<\/p><p>Para proporcionarle noticias, ofertas especiales e informaci\u00f3n general sobre otros bienes, servicios y eventos que ofrecemos que son similares a los que ya ha comprado o sobre los que ha preguntado, a menos que haya optado por no recibir dicha informaci\u00f3n.<\/p><p>Para gestionar sus solicitudes: Para atender y gestionar sus solicitudes a Nosotros.<\/p><p>Para transferencias comerciales: Podemos utilizar su informaci\u00f3n para evaluar o llevar a cabo una fusi\u00f3n, desinversi\u00f3n, reestructuraci\u00f3n, reorganizaci\u00f3n, disoluci\u00f3n u otra venta o transferencia de algunos o todos nuestros activos, ya sea como un negocio en marcha o como parte de una quiebra, liquidaci\u00f3n o procedimiento similar, en el que los datos personales que tenemos sobre los usuarios de nuestro Servicio se encuentran entre los activos transferidos.<\/p><p>Para otros fines: Podemos utilizar su informaci\u00f3n para otros fines, como el an\u00e1lisis de datos, la identificaci\u00f3n de tendencias de uso, la determinaci\u00f3n de la eficacia de nuestras campa\u00f1as promocionales y para evaluar y mejorar nuestro Servicio, productos, servicios, marketing y su experiencia.<\/p><p>Podemos compartir su informaci\u00f3n personal en las siguientes situaciones:<\/p><ul><li>Con proveedores de servicios: Podemos compartir su informaci\u00f3n personal con proveedores de servicios para monitorear y analizar el uso de nuestro servicio, para comunicarnos con usted.<\/li><li>Para transferencias comerciales: Podemos compartir o transferir su informaci\u00f3n personal en relaci\u00f3n con, o durante las negociaciones de, cualquier fusi\u00f3n, venta de activos de la Compa\u00f1\u00eda, financiamiento o adquisici\u00f3n de la totalidad o una parte de Nuestro negocio a otra compa\u00f1\u00eda.<\/li><li>Con afiliados: Podemos compartir su informaci\u00f3n con nuestros afiliados, en cuyo caso exigiremos a esos afiliados que cumplan con esta Pol\u00edtica de privacidad. Las filiales incluyen nuestra empresa matriz y cualquier otra subsidiaria, socios de empresas conjuntas u otras empresas que controlemos o que est\u00e9n bajo control com\u00fan con nosotros. <\/li><li>Con socios comerciales: Podemos compartir su informaci\u00f3n con nuestros socios comerciales para ofrecerle ciertos productos, servicios o promociones.<\/li><li>Con otros usuarios: cuando comparte informaci\u00f3n personal o interact\u00faa en las \u00e1reas p\u00fablicas con otros usuarios, dicha informaci\u00f3n puede ser vista por todos los usuarios y puede distribuirse p\u00fablicamente al exterior.<\/li><li>Con su consentimiento: Podemos divulgar su informaci\u00f3n personal para cualquier otro prop\u00f3sito con su consentimiento.<\/li><\/ul><h3>Retenci\u00f3n de sus datos personales<\/h3><p>La Compa\u00f1\u00eda conservar\u00e1 sus datos personales solo durante el tiempo que sea necesario para los fines establecidos en esta Pol\u00edtica de privacidad. Conservaremos y utilizaremos sus datos personales en la medida necesaria para cumplir con nuestras obligaciones legales (por ejemplo, si estamos obligados a conservar sus datos para cumplir con las leyes aplicables), resolver disputas y hacer cumplir nuestros acuerdos y pol\u00edticas legales. <\/p><p>La Empresa tambi\u00e9n conservar\u00e1 los Datos de Uso con fines de an\u00e1lisis interno. Por lo general, los datos de uso se conservan durante un per\u00edodo de tiempo m\u00e1s corto, excepto cuando estos datos se utilizan para reforzar la seguridad o mejorar la funcionalidad de nuestro servicio, o cuando estamos legalmente obligados a conservar estos datos durante per\u00edodos de tiempo m\u00e1s largos. <\/p><h3>Transferencia de sus datos personales<\/h3><p>Su informaci\u00f3n, incluidos los Datos Personales, se procesa en las oficinas operativas de la Compa\u00f1\u00eda y en cualquier otro lugar donde se encuentren las partes involucradas en el procesamiento. Esto significa que esta informaci\u00f3n puede transferirse y mantenerse en computadoras ubicadas fuera de su estado, provincia, pa\u00eds u otra jurisdicci\u00f3n gubernamental donde las leyes de protecci\u00f3n de datos pueden diferir de las de su jurisdicci\u00f3n. <\/p><p>Su consentimiento a esta Pol\u00edtica de Privacidad, seguido de Su env\u00edo de dicha informaci\u00f3n, representa Su aceptaci\u00f3n de esa transferencia.<\/p><p>La Compa\u00f1\u00eda tomar\u00e1 todas las medidas razonablemente necesarias para garantizar que sus datos se traten de forma segura y de acuerdo con esta Pol\u00edtica de privacidad y no se realizar\u00e1 ninguna transferencia de sus datos personales a una organizaci\u00f3n o un pa\u00eds a menos que existan controles adecuados, incluida la seguridad de sus datos y otra informaci\u00f3n personal.<\/p><h3>Eliminar sus datos personales<\/h3><p>Tiene derecho a eliminar o solicitar que le ayudemos a eliminar los Datos personales que hemos recopilado sobre usted.<\/p><p>Nuestro Servicio puede darle la posibilidad de eliminar cierta informaci\u00f3n sobre Usted desde el Servicio.<\/p><p>Puede actualizar, modificar o eliminar su informaci\u00f3n en cualquier momento iniciando sesi\u00f3n en su cuenta, si tiene una, y visitando la secci\u00f3n de configuraci\u00f3n de la cuenta que le permite administrar su informaci\u00f3n personal. Tambi\u00e9n puede ponerse en contacto con nosotros para solicitar acceso, corregir o eliminar cualquier informaci\u00f3n personal que nos haya proporcionado. <\/p><p>Sin embargo, tenga en cuenta que es posible que necesitemos conservar cierta informaci\u00f3n cuando tengamos una obligaci\u00f3n legal o una base legal para hacerlo.<\/p><h3>Divulgaci\u00f3n de sus datos personales<\/h3><h4><em>Transacciones comerciales<\/em><\/h4><p>Si la Compa\u00f1\u00eda est\u00e1 involucrada en una fusi\u00f3n, adquisici\u00f3n o venta de activos, sus datos personales pueden ser transferidos. Le notificaremos antes de que sus datos personales se transfieran y est\u00e9n sujetos a una pol\u00edtica de privacidad diferente. <\/p><h4><em>Aplicaci\u00f3n de la ley<\/em><\/h4><p>En determinadas circunstancias, es posible que se exija a la Empresa que revele sus datos personales si as\u00ed lo exige la ley o en respuesta a solicitudes v\u00e1lidas de las autoridades p\u00fablicas (por ejemplo, un tribunal o una agencia gubernamental).<\/p><h4><em>Otros requisitos legales<\/em><\/h4><p>La Compa\u00f1\u00eda puede divulgar sus datos personales en la creencia de buena fe de que dicha acci\u00f3n es necesaria para:<\/p><ul><li>Cumplir con una obligaci\u00f3n legal<\/li><li>Proteger y defender los derechos o la propiedad de la Empresa<\/li><li>Prevenir o investigar posibles irregularidades en relaci\u00f3n con el Servicio<\/li><li>Proteger la seguridad personal de los Usuarios del Servicio o del p\u00fablico<\/li><li>Prot\u00e9jase contra la responsabilidad legal<\/li><\/ul><h3>Seguridad de sus datos personales<\/h3><p>La seguridad de sus datos personales es importante para nosotros, pero recuerde que ning\u00fan m\u00e9todo de transmisi\u00f3n a trav\u00e9s de Internet o m\u00e9todo de almacenamiento electr\u00f3nico es 100% seguro. Si bien nos esforzamos por utilizar medios comercialmente aceptables para proteger sus datos personales, no podemos garantizar su seguridad absoluta. <\/p><h2>Privacidad de los ni\u00f1os<\/h2><p>Nuestro Servicio no se dirige a ninguna persona menor de 13 a\u00f1os. No recopilamos a sabiendas informaci\u00f3n de identificaci\u00f3n personal de ninguna persona menor de 13 a\u00f1os. Si usted es padre o tutor y sabe que su hijo nos ha proporcionado datos personales, p\u00f3ngase en contacto con nosotros. Si nos damos cuenta de que hemos recopilado datos personales de cualquier persona menor de 13 a\u00f1os sin la verificaci\u00f3n del consentimiento de los padres, tomamos medidas para eliminar esa informaci\u00f3n de nuestros servidores.   <\/p><p>Si necesitamos basarnos en el consentimiento como base legal para procesar su informaci\u00f3n y su pa\u00eds requiere el consentimiento de uno de los padres, podemos requerir el consentimiento de sus padres antes de recopilar y usar esa informaci\u00f3n.<\/p><h2>Enlaces a otros sitios web<\/h2><p>Nuestro Servicio puede contener enlaces a otros sitios web que no son operados por Nosotros. Si hace clic en un enlace de terceros, se le dirigir\u00e1 al sitio de ese tercero. Le recomendamos encarecidamente que revise la Pol\u00edtica de privacidad de cada sitio que visite.  <\/p><p>No tenemos control ni asumimos ninguna responsabilidad por el contenido, las pol\u00edticas de privacidad o las pr\u00e1cticas de los sitios o servicios de terceros.<\/p><h2>Cambios a esta Pol\u00edtica de Privacidad<\/h2><p>Es posible que actualicemos nuestra Pol\u00edtica de privacidad de vez en cuando. Le notificaremos cualquier cambio mediante la publicaci\u00f3n de la nueva Pol\u00edtica de privacidad en esta p\u00e1gina. <\/p><p>Le informaremos por correo electr\u00f3nico y\/o un aviso destacado en Nuestro Servicio, antes de que el cambio entre en vigencia y actualizaremos la fecha de \u00ab\u00daltima actualizaci\u00f3n\u00bb en la parte superior de esta Pol\u00edtica de privacidad.<\/p><p>Se recomienda revisar esta Pol\u00edtica de privacidad peri\u00f3dicamente para ver si hay cambios. Los cambios a esta Pol\u00edtica de Privacidad son efectivos cuando se publican en esta p\u00e1gina. <\/p><h2>Cont\u00e1ctenos<\/h2><p>Si tiene alguna pregunta sobre esta Pol\u00edtica de Privacidad, puede ponerse en contacto con nosotros:<\/p><ul><li>Por email: info@ibizahomespaces.com<\/li><\/ul>\t\t\t\t\t\t\t\t<\/div>\n\t\t\t\t<\/div>\n\t\t\t\t\t<\/div>\n\t\t<\/div>\n\t\t\t\t\t<\/div>\n\t\t<\/section>\n\t\t\t\t<\/div>\n\t\t","protected":false},"excerpt":{"rendered":"<p>Pol\u00edtica de privacidad \u00daltima actualizaci\u00f3n: 25 de agosto de 2025 Esta Pol\u00edtica de privacidad describe nuestras pol\u00edticas y procedimientos sobre la recopilaci\u00f3n, el uso y la divulgaci\u00f3n de su informaci\u00f3n cuando utiliza el Servicio y le informa sobre sus derechos de privacidad y c\u00f3mo la ley lo protege. Utilizamos sus datos personales para proporcionar y [&hellip;]<\/p>\n","protected":false},"author":1,"featured_media":0,"parent":0,"menu_order":0,"comment_status":"closed","ping_status":"closed","template":"","meta":{"footnotes":""},"class_list":["post-4160","page","type-page","status-publish","hentry"],"_links":{"self":[{"href":"https:\/\/www.ibizahomespaces.com\/es\/wp-json\/wp\/v2\/pages\/4160","targetHints":{"allow":["GET"]}}],"collection":[{"href":"https:\/\/www.ibizahomespaces.com\/es\/wp-json\/wp\/v2\/pages"}],"about":[{"href":"https:\/\/www.ibizahomespaces.com\/es\/wp-json\/wp\/v2\/types\/page"}],"author":[{"embeddable":true,"href":"https:\/\/www.ibizahomespaces.com\/es\/wp-json\/wp\/v2\/users\/1"}],"replies":[{"embeddable":true,"href":"https:\/\/www.ibizahomespaces.com\/es\/wp-json\/wp\/v2\/comments?post=4160"}],"version-history":[{"count":1,"href":"https:\/\/www.ibizahomespaces.com\/es\/wp-json\/wp\/v2\/pages\/4160\/revisions"}],"predecessor-version":[{"id":4161,"href":"https:\/\/www.ibizahomespaces.com\/es\/wp-json\/wp\/v2\/pages\/4160\/revisions\/4161"}],"wp:attachment":[{"href":"https:\/\/www.ibizahomespaces.com\/es\/wp-json\/wp\/v2\/media?parent=4160"}],"curies":[{"name":"wp","href":"https:\/\/api.w.org\/{rel}","templated":true}]}}