{"id":3563,"date":"2025-03-12T16:58:24","date_gmt":"2025-03-12T15:58:24","guid":{"rendered":"https:\/\/www.ibizahomespaces.com\/catalogos-de-marcas\/"},"modified":"2025-11-20T16:17:30","modified_gmt":"2025-11-20T15:17:30","slug":"catalogos-de-marcas","status":"publish","type":"page","link":"https:\/\/www.ibizahomespaces.com\/es\/catalogos-de-marcas\/","title":{"rendered":"Marcas de muebles"},"content":{"rendered":"\t\t<div data-elementor-type=\"wp-page\" data-elementor-id=\"3563\" class=\"elementor elementor-3563 elementor-3538\">\n\t\t\t\t\t\t<section class=\"elementor-section elementor-top-section elementor-element elementor-element-c1054f8 elementor-section-boxed elementor-section-height-default elementor-section-height-default\" data-id=\"c1054f8\" data-element_type=\"section\" data-e-type=\"section\" data-settings=\"{&quot;jet_parallax_layout_list&quot;:[]}\">\n\t\t\t\t\t\t<div class=\"elementor-container elementor-column-gap-default\">\n\t\t\t\t\t<div class=\"elementor-column elementor-col-100 elementor-top-column elementor-element elementor-element-3a81a57\" data-id=\"3a81a57\" data-element_type=\"column\" data-e-type=\"column\">\n\t\t\t<div class=\"elementor-widget-wrap elementor-element-populated\">\n\t\t\t\t\t\t<div class=\"elementor-element elementor-element-ef3b501 elementor-widget elementor-widget-text-editor\" data-id=\"ef3b501\" data-element_type=\"widget\" data-e-type=\"widget\" data-widget_type=\"text-editor.default\">\n\t\t\t\t<div class=\"elementor-widget-container\">\n\t\t\t\t\t\t\t\t\t<p><strong>Marcas de muebles<\/strong><\/p><p>B\u00fasqueda de muebles a medida sin esfuerzo<\/p><p>Simplificamos el proceso de encontrar y encargar muebles a medida de nuestra red de marcas pr\u00e9mium. Nuestro servicio especializado est\u00e1 dise\u00f1ado para ofrecerle exactamente lo que imagina para su hogar. <\/p><p><strong>C\u00f3mo funciona:<\/strong><\/p><ol><li><strong>Consulta y explora:<\/strong> Comparte tu visi\u00f3n con nosotros. Escucharemos tus necesidades y te proporcionaremos los cat\u00e1logos m\u00e1s recientes de nuestras marcas asociadas. <\/li><li><strong>Personaliza y realiza tu pedido<\/strong>: Selecciona la prenda ideal y nosotros gestionaremos el pedido personalizado, especificando el estilo, la tela, el color y los acabados que prefieras.<\/li><li><strong>Entrega e instalaci\u00f3n: <\/strong>Coordinamos la entrega a domicilio. Para nuestros clientes de Ibiza, incluimos el montaje e instalaci\u00f3n profesional a domicilio sin coste adicional. <\/li><\/ol><p><strong>Sus beneficios:<\/strong><\/p><ul><li>Acceso a una selecci\u00f3n exclusiva de marcas de calidad.<\/li><li>Asesoramiento experto sobre opciones personalizadas.<\/li><li>Un proceso de pedido totalmente gestionado y sin estr\u00e9s.<\/li><li>Servicio personalizado de principio a fin.<\/li><\/ul><p><strong>Cont\u00e1ctanos hoy para una presentaci\u00f3n personalizada de nuestras colecciones de marca.<\/strong><\/p>\t\t\t\t\t\t\t\t<\/div>\n\t\t\t\t<\/div>\n\t\t\t\t\t<\/div>\n\t\t<\/div>\n\t\t\t\t\t<\/div>\n\t\t<\/section>\n\t\t\t\t<section class=\"elementor-section elementor-top-section elementor-element elementor-element-4264ca1 elementor-section-boxed elementor-section-height-default elementor-section-height-default\" data-id=\"4264ca1\" data-element_type=\"section\" data-e-type=\"section\" data-settings=\"{&quot;jet_parallax_layout_list&quot;:[]}\">\n\t\t\t\t\t\t<div class=\"elementor-container elementor-column-gap-default\">\n\t\t\t\t\t<div class=\"elementor-column elementor-col-100 elementor-top-column elementor-element elementor-element-0b2a243\" data-id=\"0b2a243\" data-element_type=\"column\" data-e-type=\"column\">\n\t\t\t<div class=\"elementor-widget-wrap elementor-element-populated\">\n\t\t\t\t\t\t\t<\/div>\n\t\t<\/div>\n\t\t\t\t\t<\/div>\n\t\t<\/section>\n\t\t\t\t<section class=\"elementor-section elementor-top-section elementor-element elementor-element-3b9515f elementor-section-boxed elementor-section-height-default elementor-section-height-default\" data-id=\"3b9515f\" data-element_type=\"section\" data-e-type=\"section\" data-settings=\"{&quot;jet_parallax_layout_list&quot;:[]}\">\n\t\t\t\t\t\t<div class=\"elementor-container elementor-column-gap-default\">\n\t\t\t\t\t<div class=\"elementor-column elementor-col-100 elementor-top-column elementor-element elementor-element-532ad64\" data-id=\"532ad64\" data-element_type=\"column\" data-e-type=\"column\">\n\t\t\t<div class=\"elementor-widget-wrap elementor-element-populated\">\n\t\t\t\t\t\t<div class=\"elementor-element elementor-element-32d4ef6 elementor-widget elementor-widget-image\" data-id=\"32d4ef6\" data-element_type=\"widget\" data-e-type=\"widget\" data-widget_type=\"image.default\">\n\t\t\t\t<div class=\"elementor-widget-container\">\n\t\t\t\t\t\t\t\t\t\t\t\t<figure class=\"wp-caption\">\n\t\t\t\t\t\t\t\t\t\t\t<a href=\"https:\/\/www.ibizahomespaces.com\/es\/catalogos-de-marcas\/muebles-de-diseno-vondom\/\">\n\t\t\t\t\t\t\t<img fetchpriority=\"high\" decoding=\"async\" width=\"1181\" height=\"617\" src=\"https:\/\/www.ibizahomespaces.com\/wp-content\/uploads\/2025\/09\/Vondom-Ibiza-Home-Spaces.jpg\" class=\"attachment-kava-thumb-justify-2 size-kava-thumb-justify-2 wp-image-4349\" alt=\"Vondom-design-furniture-available-in-Ibiza\" srcset=\"https:\/\/www.ibizahomespaces.com\/wp-content\/uploads\/2025\/09\/Vondom-Ibiza-Home-Spaces.jpg 1181w, https:\/\/www.ibizahomespaces.com\/wp-content\/uploads\/2025\/09\/Vondom-Ibiza-Home-Spaces-300x157.jpg 300w, https:\/\/www.ibizahomespaces.com\/wp-content\/uploads\/2025\/09\/Vondom-Ibiza-Home-Spaces-1024x535.jpg 1024w, https:\/\/www.ibizahomespaces.com\/wp-content\/uploads\/2025\/09\/Vondom-Ibiza-Home-Spaces-768x401.jpg 768w, https:\/\/www.ibizahomespaces.com\/wp-content\/uploads\/2025\/09\/Vondom-Ibiza-Home-Spaces-600x313.jpg 600w\" sizes=\"(max-width: 1181px) 100vw, 1181px\" title=\"\">\t\t\t\t\t\t\t\t<\/a>\n\t\t\t\t\t\t\t\t\t\t\t<figcaption class=\"widget-image-caption wp-caption-text\">Vondom-design-furniture-available-in-Ibiza<\/figcaption>\n\t\t\t\t\t\t\t\t\t\t<\/figure>\n\t\t\t\t\t\t\t\t\t<\/div>\n\t\t\t\t<\/div>\n\t\t\t\t\t<\/div>\n\t\t<\/div>\n\t\t\t\t\t<\/div>\n\t\t<\/section>\n\t\t\t\t<section class=\"elementor-section elementor-top-section elementor-element elementor-element-0614b51 elementor-section-boxed elementor-section-height-default elementor-section-height-default\" data-id=\"0614b51\" data-element_type=\"section\" data-e-type=\"section\" data-settings=\"{&quot;jet_parallax_layout_list&quot;:[]}\">\n\t\t\t\t\t\t<div class=\"elementor-container elementor-column-gap-default\">\n\t\t\t\t\t<div class=\"elementor-column elementor-col-100 elementor-top-column elementor-element elementor-element-c66f717\" data-id=\"c66f717\" data-element_type=\"column\" data-e-type=\"column\">\n\t\t\t<div class=\"elementor-widget-wrap elementor-element-populated\">\n\t\t\t\t\t\t<div class=\"elementor-element elementor-element-fe66c92 elementor-widget elementor-widget-image\" data-id=\"fe66c92\" data-element_type=\"widget\" data-e-type=\"widget\" data-widget_type=\"image.default\">\n\t\t\t\t<div class=\"elementor-widget-container\">\n\t\t\t\t\t\t\t\t\t\t\t\t<figure class=\"wp-caption\">\n\t\t\t\t\t\t\t\t\t\t\t<a href=\"https:\/\/www.ibizahomespaces.com\/es\/muebles-de-exterior-de-point\/\">\n\t\t\t\t\t\t\t<img decoding=\"async\" width=\"1170\" height=\"650\" src=\"https:\/\/www.ibizahomespaces.com\/wp-content\/uploads\/2025\/09\/Point-outdoor-Ibiza-1170x650.jpg\" class=\"attachment-kava-thumb-l size-kava-thumb-l wp-image-4407\" alt=\"Point-Outdoor-Furniture\" title=\"\">\t\t\t\t\t\t\t\t<\/a>\n\t\t\t\t\t\t\t\t\t\t\t<figcaption class=\"widget-image-caption wp-caption-text\">Point-Outdoor-Furniture-Ibiza-Spain<\/figcaption>\n\t\t\t\t\t\t\t\t\t\t<\/figure>\n\t\t\t\t\t\t\t\t\t<\/div>\n\t\t\t\t<\/div>\n\t\t\t\t\t<\/div>\n\t\t<\/div>\n\t\t\t\t\t<\/div>\n\t\t<\/section>\n\t\t\t\t<\/div>\n\t\t","protected":false},"excerpt":{"rendered":"<p>Marcas de muebles B\u00fasqueda de muebles a medida sin esfuerzo Simplificamos el proceso de encontrar y encargar muebles a medida de nuestra red de marcas pr\u00e9mium. Nuestro servicio especializado est\u00e1 dise\u00f1ado para ofrecerle exactamente lo que imagina para su hogar. C\u00f3mo funciona: Consulta y explora: Comparte tu visi\u00f3n con nosotros. Escucharemos tus necesidades y te [&hellip;]<\/p>\n","protected":false},"author":1,"featured_media":0,"parent":0,"menu_order":0,"comment_status":"closed","ping_status":"closed","template":"","meta":{"footnotes":""},"class_list":["post-3563","page","type-page","status-publish","hentry"],"_links":{"self":[{"href":"https:\/\/www.ibizahomespaces.com\/es\/wp-json\/wp\/v2\/pages\/3563","targetHints":{"allow":["GET"]}}],"collection":[{"href":"https:\/\/www.ibizahomespaces.com\/es\/wp-json\/wp\/v2\/pages"}],"about":[{"href":"https:\/\/www.ibizahomespaces.com\/es\/wp-json\/wp\/v2\/types\/page"}],"author":[{"embeddable":true,"href":"https:\/\/www.ibizahomespaces.com\/es\/wp-json\/wp\/v2\/users\/1"}],"replies":[{"embeddable":true,"href":"https:\/\/www.ibizahomespaces.com\/es\/wp-json\/wp\/v2\/comments?post=3563"}],"version-history":[{"count":10,"href":"https:\/\/www.ibizahomespaces.com\/es\/wp-json\/wp\/v2\/pages\/3563\/revisions"}],"predecessor-version":[{"id":4895,"href":"https:\/\/www.ibizahomespaces.com\/es\/wp-json\/wp\/v2\/pages\/3563\/revisions\/4895"}],"wp:attachment":[{"href":"https:\/\/www.ibizahomespaces.com\/es\/wp-json\/wp\/v2\/media?parent=3563"}],"curies":[{"name":"wp","href":"https:\/\/api.w.org\/{rel}","templated":true}]}}