{"id":3464,"date":"2024-07-21T09:39:08","date_gmt":"2024-07-21T08:39:08","guid":{"rendered":"https:\/\/www.ibizahomespaces.com\/tienda-muebles\/"},"modified":"2026-01-04T19:42:59","modified_gmt":"2026-01-04T18:42:59","slug":"tienda-de-muebles-2","status":"publish","type":"page","link":"https:\/\/www.ibizahomespaces.com\/es\/tienda-de-muebles-2\/","title":{"rendered":"Tienda de muebles"},"content":{"rendered":"\t\t<div data-elementor-type=\"wp-page\" data-elementor-id=\"3464\" class=\"elementor elementor-3464 elementor-3455\">\n\t\t\t\t\t\t<section class=\"elementor-section elementor-top-section elementor-element elementor-element-238beca elementor-section-boxed elementor-section-height-default elementor-section-height-default\" data-id=\"238beca\" data-element_type=\"section\" data-e-type=\"section\" data-settings=\"{&quot;jet_parallax_layout_list&quot;:[]}\">\n\t\t\t\t\t\t<div class=\"elementor-container elementor-column-gap-default\">\n\t\t\t\t\t<div class=\"elementor-column elementor-col-100 elementor-top-column elementor-element elementor-element-4ce64fe\" data-id=\"4ce64fe\" data-element_type=\"column\" data-e-type=\"column\">\n\t\t\t<div class=\"elementor-widget-wrap elementor-element-populated\">\n\t\t\t\t\t\t<div class=\"elementor-element elementor-element-b54d18b elementor-widget elementor-widget-heading\" data-id=\"b54d18b\" data-element_type=\"widget\" data-e-type=\"widget\" data-widget_type=\"heading.default\">\n\t\t\t\t<div class=\"elementor-widget-container\">\n\t\t\t\t\t<h2 class=\"elementor-heading-title elementor-size-default\">Sala de exposici\u00f3n de muebles Ibiza<\/h2>\t\t\t\t<\/div>\n\t\t\t\t<\/div>\n\t\t\t\t<div class=\"elementor-element elementor-element-4b6fb55 elementor-widget elementor-widget-heading\" data-id=\"4b6fb55\" data-element_type=\"widget\" data-e-type=\"widget\" data-widget_type=\"heading.default\">\n\t\t\t\t<div class=\"elementor-widget-container\">\n\t\t\t\t\t<h2 class=\"elementor-heading-title elementor-size-default\">Tienda de muebles en Ibiza<\/h2>\t\t\t\t<\/div>\n\t\t\t\t<\/div>\n\t\t\t\t\t<\/div>\n\t\t<\/div>\n\t\t\t\t\t<\/div>\n\t\t<\/section>\n\t\t\t\t<section class=\"elementor-section elementor-top-section elementor-element elementor-element-105a276 elementor-section-boxed elementor-section-height-default elementor-section-height-default\" data-id=\"105a276\" data-element_type=\"section\" data-e-type=\"section\" data-settings=\"{&quot;jet_parallax_layout_list&quot;:[]}\">\n\t\t\t\t\t\t<div class=\"elementor-container elementor-column-gap-default\">\n\t\t\t\t\t<div class=\"elementor-column elementor-col-100 elementor-top-column elementor-element elementor-element-573c808\" data-id=\"573c808\" data-element_type=\"column\" data-e-type=\"column\">\n\t\t\t<div class=\"elementor-widget-wrap elementor-element-populated\">\n\t\t\t\t\t\t<div class=\"elementor-element elementor-element-e90a729 elementor-widget elementor-widget-image\" data-id=\"e90a729\" data-element_type=\"widget\" data-e-type=\"widget\" data-widget_type=\"image.default\">\n\t\t\t\t<div class=\"elementor-widget-container\">\n\t\t\t\t\t\t\t\t\t\t\t\t\t\t\t<img fetchpriority=\"high\" decoding=\"async\" width=\"1024\" height=\"557\" src=\"https:\/\/www.ibizahomespaces.com\/wp-content\/uploads\/2025\/08\/furniture-shop-front-1024x557.jpg\" class=\"attachment-large size-large wp-image-4204\" alt=\"tienda de muebles Ibiza\" srcset=\"https:\/\/www.ibizahomespaces.com\/wp-content\/uploads\/2025\/08\/furniture-shop-front-1024x557.jpg 1024w, https:\/\/www.ibizahomespaces.com\/wp-content\/uploads\/2025\/08\/furniture-shop-front-300x163.jpg 300w, https:\/\/www.ibizahomespaces.com\/wp-content\/uploads\/2025\/08\/furniture-shop-front-768x417.jpg 768w, https:\/\/www.ibizahomespaces.com\/wp-content\/uploads\/2025\/08\/furniture-shop-front-1536x835.jpg 1536w, https:\/\/www.ibizahomespaces.com\/wp-content\/uploads\/2025\/08\/furniture-shop-front-2048x1113.jpg 2048w, https:\/\/www.ibizahomespaces.com\/wp-content\/uploads\/2025\/08\/furniture-shop-front-600x326.jpg 600w\" sizes=\"(max-width: 1024px) 100vw, 1024px\" title=\"\">\t\t\t\t\t\t\t\t\t\t\t\t\t\t\t<\/div>\n\t\t\t\t<\/div>\n\t\t\t\t\t<\/div>\n\t\t<\/div>\n\t\t\t\t\t<\/div>\n\t\t<\/section>\n\t\t\t\t<section class=\"elementor-section elementor-top-section elementor-element elementor-element-08d34e9 elementor-section-boxed elementor-section-height-default elementor-section-height-default\" data-id=\"08d34e9\" data-element_type=\"section\" data-e-type=\"section\" data-settings=\"{&quot;jet_parallax_layout_list&quot;:[]}\">\n\t\t\t\t\t\t<div class=\"elementor-container elementor-column-gap-default\">\n\t\t\t\t\t<div class=\"elementor-column elementor-col-100 elementor-top-column elementor-element elementor-element-5b593fa\" data-id=\"5b593fa\" data-element_type=\"column\" data-e-type=\"column\">\n\t\t\t<div class=\"elementor-widget-wrap elementor-element-populated\">\n\t\t\t\t\t\t<div class=\"elementor-element elementor-element-c744d1d elementor-widget elementor-widget-text-editor\" data-id=\"c744d1d\" data-element_type=\"widget\" data-e-type=\"widget\" data-widget_type=\"text-editor.default\">\n\t\t\t\t<div class=\"elementor-widget-container\">\n\t\t\t\t\t\t\t\t\t<p class=\"ds-markdown-paragraph\"><strong>Tienda de muebles &#8211; Ibiza Home Spaces: Su socio l\u00edder en muebles en Ibiza.<\/strong><\/p><p class=\"ds-markdown-paragraph\"><strong>Con m\u00e1s de 15 a\u00f1os de experiencia en la industria del mueble, hemos perfeccionado nuestra experiencia, desde la gesti\u00f3n de tiendas f\u00edsicas hasta la exitosa atenci\u00f3n online a una clientela europea. Nos enorgullece convertir esta experiencia en un servicio dedicado a la comunidad ibicenca. <\/strong><\/p><p class=\"ds-markdown-paragraph\"><strong>Nuestra sala de exposici\u00f3n en Santa Gertrudis le ofrece acceso a un amplio mundo de dise\u00f1o. Adem\u00e1s de nuestro stock local, le ofrecemos acceso directo a una prestigiosa cartera de marcas de muebles de Espa\u00f1a y el extranjero. Nos especializamos en conectar con usted, asegur\u00e1ndole acceso a la mejor calidad y artesan\u00eda para su hogar o proyecto. <\/strong><\/p><p class=\"p1\"><strong>Nuestro proceso es colaborativo. Ofrecemos cat\u00e1logos completos y muestras de materiales para inspirar su visi\u00f3n. Visite nuestra sala de exposici\u00f3n para hablar sobre sus conceptos en detalle o cont\u00e1ctenos digitalmente para obtener sugerencias personalizadas. Perm\u00edtanos guiarle desde la inspiraci\u00f3n hasta la instalaci\u00f3n.<\/strong><\/p>\t\t\t\t\t\t\t\t<\/div>\n\t\t\t\t<\/div>\n\t\t\t\t\t<\/div>\n\t\t<\/div>\n\t\t\t\t\t<\/div>\n\t\t<\/section>\n\t\t\t\t<\/div>\n\t\t","protected":false},"excerpt":{"rendered":"<p>Sala de exposici\u00f3n de muebles Ibiza Tienda de muebles en Ibiza Tienda de muebles &#8211; Ibiza Home Spaces: Su socio l\u00edder en muebles en Ibiza. Con m\u00e1s de 15 a\u00f1os de experiencia en la industria del mueble, hemos perfeccionado nuestra experiencia, desde la gesti\u00f3n de tiendas f\u00edsicas hasta la exitosa atenci\u00f3n online a una clientela [&hellip;]<\/p>\n","protected":false},"author":1,"featured_media":0,"parent":0,"menu_order":0,"comment_status":"closed","ping_status":"closed","template":"elementor_header_footer","meta":{"footnotes":""},"class_list":["post-3464","page","type-page","status-publish","hentry"],"_links":{"self":[{"href":"https:\/\/www.ibizahomespaces.com\/es\/wp-json\/wp\/v2\/pages\/3464","targetHints":{"allow":["GET"]}}],"collection":[{"href":"https:\/\/www.ibizahomespaces.com\/es\/wp-json\/wp\/v2\/pages"}],"about":[{"href":"https:\/\/www.ibizahomespaces.com\/es\/wp-json\/wp\/v2\/types\/page"}],"author":[{"embeddable":true,"href":"https:\/\/www.ibizahomespaces.com\/es\/wp-json\/wp\/v2\/users\/1"}],"replies":[{"embeddable":true,"href":"https:\/\/www.ibizahomespaces.com\/es\/wp-json\/wp\/v2\/comments?post=3464"}],"version-history":[{"count":17,"href":"https:\/\/www.ibizahomespaces.com\/es\/wp-json\/wp\/v2\/pages\/3464\/revisions"}],"predecessor-version":[{"id":5122,"href":"https:\/\/www.ibizahomespaces.com\/es\/wp-json\/wp\/v2\/pages\/3464\/revisions\/5122"}],"wp:attachment":[{"href":"https:\/\/www.ibizahomespaces.com\/es\/wp-json\/wp\/v2\/media?parent=3464"}],"curies":[{"name":"wp","href":"https:\/\/api.w.org\/{rel}","templated":true}]}}