{"id":3364,"date":"2024-07-10T17:38:44","date_gmt":"2024-07-10T16:38:44","guid":{"rendered":"https:\/\/www.ibizahomespaces.com\/servicios\/vasos-y-accesorios-para-eventos-y-bares-beach-clubs\/jarras-de-plastico-con-marca-para-eventos-lugares\/"},"modified":"2024-07-10T18:31:04","modified_gmt":"2024-07-10T17:31:04","slug":"jarras-de-plastico-con-marca-para-eventos-lugares","status":"publish","type":"page","link":"https:\/\/www.ibizahomespaces.com\/es\/servicios\/vasos-y-accesorios-para-eventos-y-bares-beach-clubs\/jarras-de-plastico-con-marca-para-eventos-lugares\/","title":{"rendered":"Jarras de pl\u00e1stico para eventos\/lugares"},"content":{"rendered":"<h2>Jarras de pl\u00e1stico para eventos\/lugares.<\/h2>\n<p><strong>Mejore la seguridad y la marca de sus eventos con nuestras jarras de pl\u00e1stico para eventos\/lugares de alta calidad, perfectas para clubes de playa, bares de playa, lugares junto a la piscina y \u00e1reas al aire libre donde la cristaler\u00eda no es pr\u00e1ctica.<\/strong><\/p>\n<p><strong>Beneficios clave de las jarras de pl\u00e1stico para eventos\/lugares:<\/strong><\/p>\n<p><strong>Seguridad: La principal ventaja de utilizar jarras de pl\u00e1stico duraderas es la eliminaci\u00f3n de roturas molestas, especialmente en lugares abiertos al aire libre donde los invitados pueden nadar o caminar descalzos. Esto reduce significativamente el riesgo de lesiones por cristales rotos, garantizando un entorno m\u00e1s seguro para todos los asistentes. <\/strong><\/p>\n<p><strong>Oportunidades de marca: Las jarras de pl\u00e1stico para eventos\/lugares son ideales para la marca, ya sea para un evento espec\u00edfico o para patrocinadores que buscan agregar sus logotipos a su lugar. Las gafas se pueden colorear e imprimir en masa, lo que ofrece una excelente opci\u00f3n para mostrar mensajes de marca de manera efectiva. <\/strong><\/p>\n<p><strong>Versatilidad: Obtenemos una variedad de jarras de pl\u00e1stico para eventos\/lugares de los principales proveedores, disponibles en opciones transparentes, de colores, con o sin marca. Las opciones son infinitas, lo que le permite personalizar las gafas para adaptarlas a sus necesidades espec\u00edficas. <\/strong><\/p>\n<p><strong>Opciones de materiales: Nuestras jarras pueden estar hechas de pl\u00e1stico PC m\u00e1s resistente o incluso pl\u00e1sticos biodegradables, seg\u00fan sus preferencias. La f\u00e1brica ofrece una selecci\u00f3n de moldes, por lo que se puede utilizar cualquier material pl\u00e1stico para satisfacer sus necesidades. <\/strong><\/p>\n<p><strong>Env\u00edos a todo el mundo: No importa su ubicaci\u00f3n, podemos organizar la producci\u00f3n y el env\u00edo para garantizar que sus gafas se entreguen a tiempo.<\/strong><\/p>\n<p><strong>Simplemente cont\u00e1ctenos con sus requisitos y le brindaremos toda la informaci\u00f3n que necesita para tomar la mejor decisi\u00f3n para su lugar o evento. Nuestro equipo experimentado est\u00e1 listo para asesorarlo sobre las diversas opciones disponibles, asegur\u00e1ndose de que reciba la soluci\u00f3n perfecta para su lugar. <\/strong><\/p>\n<p><strong>Cont\u00e1ctenos hoy para mejorar sus eventos con nuestras jarras de pl\u00e1stico de marca, seguras, personalizables y elegantes.<\/strong><\/p>\n<p><strong>Aqu\u00ed hay un par de ejemplos, pero hay muchos otros estilos disponibles; cont\u00e1ctenos para obtener m\u00e1s informaci\u00f3n u opciones de moldes.<\/strong><\/p>\n<p><img fetchpriority=\"high\" decoding=\"async\" src=\"https:\/\/www.ibizahomespaces.com\/wp-content\/uploads\/2024\/07\/PC-Plastic-jugs-with-lid-768x1365.jpg\" sizes=\"(max-width: 768px) 100vw, 768px\" srcset=\"https:\/\/www.ibizahomespaces.com\/wp-content\/uploads\/2024\/07\/PC-Plastic-jugs-with-lid-768x1365.jpg 768w, https:\/\/www.ibizahomespaces.com\/wp-content\/uploads\/2024\/07\/PC-Plastic-jugs-with-lid-169x300.jpg 169w, https:\/\/www.ibizahomespaces.com\/wp-content\/uploads\/2024\/07\/PC-Plastic-jugs-with-lid-576x1024.jpg 576w, https:\/\/www.ibizahomespaces.com\/wp-content\/uploads\/2024\/07\/PC-Plastic-jugs-with-lid-864x1536.jpg 864w, https:\/\/www.ibizahomespaces.com\/wp-content\/uploads\/2024\/07\/PC-Plastic-jugs-with-lid-562x999.jpg 562w, https:\/\/www.ibizahomespaces.com\/wp-content\/uploads\/2024\/07\/PC-Plastic-jugs-with-lid-600x1067.jpg 600w, https:\/\/www.ibizahomespaces.com\/wp-content\/uploads\/2024\/07\/PC-Plastic-jugs-with-lid.jpg 1080w\" alt=\"Jarras pl\u00e1sticas de PC para locales o eventos.\" width=\"768\" height=\"1365\" title=\"\"><br \/>\n<img decoding=\"async\" src=\"https:\/\/www.ibizahomespaces.com\/wp-content\/uploads\/2024\/07\/PC-Plastic-jug-576x1024.jpg\" sizes=\"(max-width: 576px) 100vw, 576px\" srcset=\"https:\/\/www.ibizahomespaces.com\/wp-content\/uploads\/2024\/07\/PC-Plastic-jug-576x1024.jpg 576w, https:\/\/www.ibizahomespaces.com\/wp-content\/uploads\/2024\/07\/PC-Plastic-jug-169x300.jpg 169w, https:\/\/www.ibizahomespaces.com\/wp-content\/uploads\/2024\/07\/PC-Plastic-jug-768x1365.jpg 768w, https:\/\/www.ibizahomespaces.com\/wp-content\/uploads\/2024\/07\/PC-Plastic-jug-864x1536.jpg 864w, https:\/\/www.ibizahomespaces.com\/wp-content\/uploads\/2024\/07\/PC-Plastic-jug-562x999.jpg 562w, https:\/\/www.ibizahomespaces.com\/wp-content\/uploads\/2024\/07\/PC-Plastic-jug-600x1067.jpg 600w, https:\/\/www.ibizahomespaces.com\/wp-content\/uploads\/2024\/07\/PC-Plastic-jug.jpg 1080w\" alt=\"Jarras pl\u00e1sticas de PC para locales o eventos.\" width=\"576\" height=\"1024\" title=\"\"><\/p>\n","protected":false},"excerpt":{"rendered":"<p>Jarras de pl\u00e1stico para eventos\/lugares. Mejore la seguridad y la marca de sus eventos con nuestras jarras de pl\u00e1stico para eventos\/lugares de alta calidad, perfectas para clubes de playa, bares de playa, lugares junto a la piscina y \u00e1reas al aire libre donde la cristaler\u00eda no es pr\u00e1ctica. Beneficios clave de las jarras de pl\u00e1stico [&hellip;]<\/p>\n","protected":false},"author":1,"featured_media":0,"parent":3257,"menu_order":0,"comment_status":"closed","ping_status":"closed","template":"","meta":{"footnotes":""},"class_list":["post-3364","page","type-page","status-publish","hentry"],"_links":{"self":[{"href":"https:\/\/www.ibizahomespaces.com\/es\/wp-json\/wp\/v2\/pages\/3364","targetHints":{"allow":["GET"]}}],"collection":[{"href":"https:\/\/www.ibizahomespaces.com\/es\/wp-json\/wp\/v2\/pages"}],"about":[{"href":"https:\/\/www.ibizahomespaces.com\/es\/wp-json\/wp\/v2\/types\/page"}],"author":[{"embeddable":true,"href":"https:\/\/www.ibizahomespaces.com\/es\/wp-json\/wp\/v2\/users\/1"}],"replies":[{"embeddable":true,"href":"https:\/\/www.ibizahomespaces.com\/es\/wp-json\/wp\/v2\/comments?post=3364"}],"version-history":[{"count":2,"href":"https:\/\/www.ibizahomespaces.com\/es\/wp-json\/wp\/v2\/pages\/3364\/revisions"}],"predecessor-version":[{"id":3375,"href":"https:\/\/www.ibizahomespaces.com\/es\/wp-json\/wp\/v2\/pages\/3364\/revisions\/3375"}],"up":[{"embeddable":true,"href":"https:\/\/www.ibizahomespaces.com\/es\/wp-json\/wp\/v2\/pages\/3257"}],"wp:attachment":[{"href":"https:\/\/www.ibizahomespaces.com\/es\/wp-json\/wp\/v2\/media?parent=3364"}],"curies":[{"name":"wp","href":"https:\/\/api.w.org\/{rel}","templated":true}]}}