{"id":3261,"date":"2024-07-01T17:00:22","date_gmt":"2024-07-01T16:00:22","guid":{"rendered":"https:\/\/www.ibizahomespaces.com\/servicios\/vasos-de-plastico-con-marca-para-eventos-empressas-de-bares\/"},"modified":"2025-07-03T22:04:08","modified_gmt":"2025-07-03T21:04:08","slug":"vasos-de-plastico-con-marca-para-eventos-empressas-de-bares","status":"publish","type":"page","link":"https:\/\/www.ibizahomespaces.com\/es\/servicios\/vasos-de-plastico-con-marca-para-eventos-empressas-de-bares\/","title":{"rendered":"<br>Vasos de pl\u00e1stico de marca para beber"},"content":{"rendered":"\t\t<div data-elementor-type=\"wp-page\" data-elementor-id=\"3261\" class=\"elementor elementor-3261 elementor-3192\">\n\t\t\t\t\t\t<\/div>\n\t\t","protected":false},"excerpt":{"rendered":"<p>Vasos de pl\u00e1stico de marca para beber Mejore la seguridad y la marca de sus eventos con nuestros vasos de pl\u00e1stico para bebidas de marca de alta calidad, perfectos para clubes de playa, bares de playa, lugares junto a la piscina y \u00e1reas al aire libre donde la cristaler\u00eda no es pr\u00e1ctica. Beneficios clave de [&hellip;]<\/p>\n","protected":false},"author":1,"featured_media":0,"parent":1906,"menu_order":0,"comment_status":"closed","ping_status":"closed","template":"","meta":{"footnotes":""},"class_list":["post-3261","page","type-page","status-publish","hentry"],"_links":{"self":[{"href":"https:\/\/www.ibizahomespaces.com\/es\/wp-json\/wp\/v2\/pages\/3261","targetHints":{"allow":["GET"]}}],"collection":[{"href":"https:\/\/www.ibizahomespaces.com\/es\/wp-json\/wp\/v2\/pages"}],"about":[{"href":"https:\/\/www.ibizahomespaces.com\/es\/wp-json\/wp\/v2\/types\/page"}],"author":[{"embeddable":true,"href":"https:\/\/www.ibizahomespaces.com\/es\/wp-json\/wp\/v2\/users\/1"}],"replies":[{"embeddable":true,"href":"https:\/\/www.ibizahomespaces.com\/es\/wp-json\/wp\/v2\/comments?post=3261"}],"version-history":[{"count":14,"href":"https:\/\/www.ibizahomespaces.com\/es\/wp-json\/wp\/v2\/pages\/3261\/revisions"}],"predecessor-version":[{"id":3989,"href":"https:\/\/www.ibizahomespaces.com\/es\/wp-json\/wp\/v2\/pages\/3261\/revisions\/3989"}],"up":[{"embeddable":true,"href":"https:\/\/www.ibizahomespaces.com\/es\/wp-json\/wp\/v2\/pages\/1906"}],"wp:attachment":[{"href":"https:\/\/www.ibizahomespaces.com\/es\/wp-json\/wp\/v2\/media?parent=3261"}],"curies":[{"name":"wp","href":"https:\/\/api.w.org\/{rel}","templated":true}]}}