{"id":2501,"date":"2024-02-18T22:03:00","date_gmt":"2024-02-18T21:03:00","guid":{"rendered":"https:\/\/www.ibizahomespaces.com\/alquiler-de-carpas\/"},"modified":"2025-10-12T12:11:49","modified_gmt":"2025-10-12T11:11:49","slug":"alquiler-de-carpas","status":"publish","type":"page","link":"https:\/\/www.ibizahomespaces.com\/es\/alquiler-de-carpas\/","title":{"rendered":"Alquiler de carpas"},"content":{"rendered":"<h2>Alquiler de carpas para eventas<\/h2>\n<figure id=\"attachment_2655\" aria-describedby=\"caption-attachment-2655\" style=\"width: 1024px\" class=\"wp-caption aligncenter\"><img fetchpriority=\"high\" decoding=\"async\" class=\"size-large wp-image-2655\" src=\"https:\/\/www.ibizahomespaces.com\/wp-content\/uploads\/2024\/02\/tent-rental-white-1024x681.jpg\" alt=\"alquilar carpas Ibiza\" width=\"1024\" height=\"681\" title=\"\" srcset=\"https:\/\/www.ibizahomespaces.com\/wp-content\/uploads\/2024\/02\/tent-rental-white-1024x681.jpg 1024w, https:\/\/www.ibizahomespaces.com\/wp-content\/uploads\/2024\/02\/tent-rental-white-600x399.jpg 600w, https:\/\/www.ibizahomespaces.com\/wp-content\/uploads\/2024\/02\/tent-rental-white-300x200.jpg 300w, https:\/\/www.ibizahomespaces.com\/wp-content\/uploads\/2024\/02\/tent-rental-white-768x511.jpg 768w, https:\/\/www.ibizahomespaces.com\/wp-content\/uploads\/2024\/02\/tent-rental-white.jpg 1052w\" sizes=\"(max-width: 1024px) 100vw, 1024px\" \/><figcaption id=\"caption-attachment-2655\" class=\"wp-caption-text\">alquilar carpas de eventos<\/figcaption><\/figure>\n<h3 style=\"margin: 0cm 0cm 0.0001pt; font-size: 12pt; font-family: Cambria;\">Alquiler de carpas para eventas<\/h3>\n<p style=\"margin: 0cm 0cm 0.0001pt; font-size: 12pt; font-family: Cambria;\">Descubre el ep\u00edtome de la elegancia al aire libre con nuestra carpa para eventos de 5 x 5 metros, un complemento vers\u00e1til y elegante para elevar tus reuniones privadas. Tanto si prefieres un ambiente al aire libre como si deseas una cobertura total, esta carpa te ofrece la flexibilidad que necesitas. Funciona como parasol o cortavientos, y proporciona el santuario perfecto para tu evento.<\/p>\n<p style=\"margin: 0cm 0cm 0.0001pt; font-size: 12pt; font-family: Cambria;\">Nuestras carpas para eventos no son s\u00f3lo una soluci\u00f3n pr\u00e1ctica; son una declaraci\u00f3n de sofisticaci\u00f3n. Fabricadas en un elegante tono blanco, no s\u00f3lo reflejan los rayos del sol, sino que tambi\u00e9n a\u00f1aden un toque de refinamiento a tu entorno. Impermeables y resistentes a los rayos UV, estas carpas garantizan un entorno confortable incluso a altas temperaturas solares.<\/p>\n<p style=\"margin: 0cm 0cm 0.0001pt; font-size: 12pt; font-family: Cambria; color: #000000;\">Adaptable a tus necesidades, la carpa viene con laterales intercambiables, lo que te permite crear un espacio a medida. Elige entre una configuraci\u00f3n totalmente blanca u opta por laterales con ventanas para realzar el ambiente. La puerta frontal, con cremallera, a\u00f1ade un toque de comodidad y accesibilidad.<\/p>\n<p style=\"margin: 0cm 0cm 0.0001pt; font-size: 12pt; font-family: Cambria; color: #000000;\">Contacta con nosotros para m\u00e1s informaci\u00f3n, fechas y precios. +34 711083102<\/p>\n<figure class=\"gallery-item\"><a href=\"https:\/\/www.ibizahomespaces.com\/wp-content\/uploads\/2024\/02\/white-rental-event-tent.jpg\" data-elementor-open-lightbox=\"yes\" data-elementor-lightbox-slideshow=\"9b51a73\" data-elementor-lightbox-title=\"white-rental-event-tent\" data-e-action-hash=\"#elementor-action%3Aaction%3Dlightbox%26settings%3DeyJpZCI6MjY0NSwidXJsIjoiaHR0cHM6XC9cL3d3dy5pYml6YWhvbWVzcGFjZXMuY29tXC93cC1jb250ZW50XC91cGxvYWRzXC8yMDI0XC8wMlwvd2hpdGUtcmVudGFsLWV2ZW50LXRlbnQuanBnIiwic2xpZGVzaG93IjoiOWI1MWE3MyJ9\"><img decoding=\"async\" src=\"https:\/\/www.ibizahomespaces.com\/wp-content\/uploads\/2024\/02\/white-rental-event-tent-150x150.jpg\" sizes=\"(max-width: 150px) 100vw, 150px\" srcset=\"https:\/\/www.ibizahomespaces.com\/wp-content\/uploads\/2024\/02\/white-rental-event-tent-150x150.jpg 150w, https:\/\/www.ibizahomespaces.com\/wp-content\/uploads\/2024\/02\/white-rental-event-tent-300x300.jpg 300w, https:\/\/www.ibizahomespaces.com\/wp-content\/uploads\/2024\/02\/white-rental-event-tent-100x100.jpg 100w, https:\/\/www.ibizahomespaces.com\/wp-content\/uploads\/2024\/02\/white-rental-event-tent-230x230.jpg 230w, https:\/\/www.ibizahomespaces.com\/wp-content\/uploads\/2024\/02\/white-rental-event-tent-400x400.jpg 400w, https:\/\/www.ibizahomespaces.com\/wp-content\/uploads\/2024\/02\/white-rental-event-tent-640x640.jpg 640w\" alt=\"\" width=\"150\" height=\"150\" title=\"\"><\/a><\/figure>\n<figure class=\"gallery-item\"><a href=\"https:\/\/www.ibizahomespaces.com\/wp-content\/uploads\/2024\/02\/tent-rental-white.jpg\" data-elementor-open-lightbox=\"yes\" data-elementor-lightbox-slideshow=\"9b51a73\" data-elementor-lightbox-title=\"tent-rental-white\" data-e-action-hash=\"#elementor-action%3Aaction%3Dlightbox%26settings%3DeyJpZCI6MjY1NCwidXJsIjoiaHR0cHM6XC9cL3d3dy5pYml6YWhvbWVzcGFjZXMuY29tXC93cC1jb250ZW50XC91cGxvYWRzXC8yMDI0XC8wMlwvdGVudC1yZW50YWwtd2hpdGUuanBnIiwic2xpZGVzaG93IjoiOWI1MWE3MyJ9\"><img decoding=\"async\" src=\"https:\/\/www.ibizahomespaces.com\/wp-content\/uploads\/2024\/02\/tent-rental-white-150x150.jpg\" sizes=\"(max-width: 150px) 100vw, 150px\" srcset=\"https:\/\/www.ibizahomespaces.com\/wp-content\/uploads\/2024\/02\/tent-rental-white-150x150.jpg 150w, https:\/\/www.ibizahomespaces.com\/wp-content\/uploads\/2024\/02\/tent-rental-white-300x300.jpg 300w, https:\/\/www.ibizahomespaces.com\/wp-content\/uploads\/2024\/02\/tent-rental-white-100x100.jpg 100w, https:\/\/www.ibizahomespaces.com\/wp-content\/uploads\/2024\/02\/tent-rental-white-230x230.jpg 230w, https:\/\/www.ibizahomespaces.com\/wp-content\/uploads\/2024\/02\/tent-rental-white-400x400.jpg 400w, https:\/\/www.ibizahomespaces.com\/wp-content\/uploads\/2024\/02\/tent-rental-white-640x640.jpg 640w\" alt=\"\" width=\"150\" height=\"150\" title=\"\"><\/a><\/figure>\n<figure class=\"gallery-item\"><a href=\"https:\/\/www.ibizahomespaces.com\/wp-content\/uploads\/2024\/02\/event-tent-back-view.jpg\" data-elementor-open-lightbox=\"yes\" data-elementor-lightbox-slideshow=\"9b51a73\" data-elementor-lightbox-title=\"event-tent-back-view\" data-e-action-hash=\"#elementor-action%3Aaction%3Dlightbox%26settings%3DeyJpZCI6MjY0OCwidXJsIjoiaHR0cHM6XC9cL3d3dy5pYml6YWhvbWVzcGFjZXMuY29tXC93cC1jb250ZW50XC91cGxvYWRzXC8yMDI0XC8wMlwvZXZlbnQtdGVudC1iYWNrLXZpZXcuanBnIiwic2xpZGVzaG93IjoiOWI1MWE3MyJ9\"><img loading=\"lazy\" decoding=\"async\" src=\"https:\/\/www.ibizahomespaces.com\/wp-content\/uploads\/2024\/02\/event-tent-back-view-150x150.jpg\" sizes=\"(max-width: 150px) 100vw, 150px\" srcset=\"https:\/\/www.ibizahomespaces.com\/wp-content\/uploads\/2024\/02\/event-tent-back-view-150x150.jpg 150w, https:\/\/www.ibizahomespaces.com\/wp-content\/uploads\/2024\/02\/event-tent-back-view-300x300.jpg 300w, https:\/\/www.ibizahomespaces.com\/wp-content\/uploads\/2024\/02\/event-tent-back-view-100x100.jpg 100w, https:\/\/www.ibizahomespaces.com\/wp-content\/uploads\/2024\/02\/event-tent-back-view-230x230.jpg 230w, https:\/\/www.ibizahomespaces.com\/wp-content\/uploads\/2024\/02\/event-tent-back-view-400x400.jpg 400w, https:\/\/www.ibizahomespaces.com\/wp-content\/uploads\/2024\/02\/event-tent-back-view-640x640.jpg 640w\" alt=\"\" width=\"150\" height=\"150\" title=\"\"><\/a><\/figure>\n<figure class=\"gallery-item\"><a href=\"https:\/\/www.ibizahomespaces.com\/wp-content\/uploads\/2024\/02\/First-event-tent.jpg\" data-elementor-open-lightbox=\"yes\" data-elementor-lightbox-slideshow=\"9b51a73\" data-elementor-lightbox-title=\"First-event-tent\" data-e-action-hash=\"#elementor-action%3Aaction%3Dlightbox%26settings%3DeyJpZCI6MjY1MCwidXJsIjoiaHR0cHM6XC9cL3d3dy5pYml6YWhvbWVzcGFjZXMuY29tXC93cC1jb250ZW50XC91cGxvYWRzXC8yMDI0XC8wMlwvRmlyc3QtZXZlbnQtdGVudC5qcGciLCJzbGlkZXNob3ciOiI5YjUxYTczIn0%3D\"><img loading=\"lazy\" decoding=\"async\" src=\"https:\/\/www.ibizahomespaces.com\/wp-content\/uploads\/2024\/02\/First-event-tent-150x150.jpg\" sizes=\"(max-width: 150px) 100vw, 150px\" srcset=\"https:\/\/www.ibizahomespaces.com\/wp-content\/uploads\/2024\/02\/First-event-tent-150x150.jpg 150w, https:\/\/www.ibizahomespaces.com\/wp-content\/uploads\/2024\/02\/First-event-tent-300x300.jpg 300w, https:\/\/www.ibizahomespaces.com\/wp-content\/uploads\/2024\/02\/First-event-tent-100x100.jpg 100w, https:\/\/www.ibizahomespaces.com\/wp-content\/uploads\/2024\/02\/First-event-tent-230x230.jpg 230w, https:\/\/www.ibizahomespaces.com\/wp-content\/uploads\/2024\/02\/First-event-tent-400x400.jpg 400w, https:\/\/www.ibizahomespaces.com\/wp-content\/uploads\/2024\/02\/First-event-tent-640x640.jpg 640w\" alt=\"\" width=\"150\" height=\"150\" title=\"\"><\/a><\/figure>\n<figure class=\"gallery-item\"><a href=\"https:\/\/www.ibizahomespaces.com\/wp-content\/uploads\/2024\/02\/inflatable-event-tent-close-roof.jpg\" data-elementor-open-lightbox=\"yes\" data-elementor-lightbox-slideshow=\"9b51a73\" data-elementor-lightbox-title=\"inflatable-event-tent-close-roof\" data-e-action-hash=\"#elementor-action%3Aaction%3Dlightbox%26settings%3DeyJpZCI6MjY1MiwidXJsIjoiaHR0cHM6XC9cL3d3dy5pYml6YWhvbWVzcGFjZXMuY29tXC93cC1jb250ZW50XC91cGxvYWRzXC8yMDI0XC8wMlwvaW5mbGF0YWJsZS1ldmVudC10ZW50LWNsb3NlLXJvb2YuanBnIiwic2xpZGVzaG93IjoiOWI1MWE3MyJ9\"><img loading=\"lazy\" decoding=\"async\" src=\"https:\/\/www.ibizahomespaces.com\/wp-content\/uploads\/2024\/02\/inflatable-event-tent-close-roof-150x150.jpg\" sizes=\"(max-width: 150px) 100vw, 150px\" srcset=\"https:\/\/www.ibizahomespaces.com\/wp-content\/uploads\/2024\/02\/inflatable-event-tent-close-roof-150x150.jpg 150w, https:\/\/www.ibizahomespaces.com\/wp-content\/uploads\/2024\/02\/inflatable-event-tent-close-roof-300x300.jpg 300w, https:\/\/www.ibizahomespaces.com\/wp-content\/uploads\/2024\/02\/inflatable-event-tent-close-roof-100x100.jpg 100w, https:\/\/www.ibizahomespaces.com\/wp-content\/uploads\/2024\/02\/inflatable-event-tent-close-roof-230x230.jpg 230w, https:\/\/www.ibizahomespaces.com\/wp-content\/uploads\/2024\/02\/inflatable-event-tent-close-roof-400x400.jpg 400w, https:\/\/www.ibizahomespaces.com\/wp-content\/uploads\/2024\/02\/inflatable-event-tent-close-roof-640x640.jpg 640w\" alt=\"\" width=\"150\" height=\"150\" title=\"\"><\/a><\/figure>\n<figure class=\"gallery-item\"><a href=\"https:\/\/www.ibizahomespaces.com\/wp-content\/uploads\/2024\/02\/new-inflatable-event-tent-Ibiza-white.jpg\" data-elementor-open-lightbox=\"yes\" data-elementor-lightbox-slideshow=\"9b51a73\" data-elementor-lightbox-title=\"new-inflatable-event-tent-Ibiza-white\" data-e-action-hash=\"#elementor-action%3Aaction%3Dlightbox%26settings%3DeyJpZCI6MjcxMywidXJsIjoiaHR0cHM6XC9cL3d3dy5pYml6YWhvbWVzcGFjZXMuY29tXC93cC1jb250ZW50XC91cGxvYWRzXC8yMDI0XC8wMlwvbmV3LWluZmxhdGFibGUtZXZlbnQtdGVudC1JYml6YS13aGl0ZS5qcGciLCJzbGlkZXNob3ciOiI5YjUxYTczIn0%3D\" data-elementor-lightbox-description=\"Outdoor-event-tents for hire\"><img loading=\"lazy\" decoding=\"async\" src=\"https:\/\/www.ibizahomespaces.com\/wp-content\/uploads\/2024\/02\/new-inflatable-event-tent-Ibiza-white-150x150.jpg\" sizes=\"(max-width: 150px) 100vw, 150px\" srcset=\"https:\/\/www.ibizahomespaces.com\/wp-content\/uploads\/2024\/02\/new-inflatable-event-tent-Ibiza-white-150x150.jpg 150w, https:\/\/www.ibizahomespaces.com\/wp-content\/uploads\/2024\/02\/new-inflatable-event-tent-Ibiza-white-300x300.jpg 300w, https:\/\/www.ibizahomespaces.com\/wp-content\/uploads\/2024\/02\/new-inflatable-event-tent-Ibiza-white-100x100.jpg 100w, https:\/\/www.ibizahomespaces.com\/wp-content\/uploads\/2024\/02\/new-inflatable-event-tent-Ibiza-white-230x230.jpg 230w, https:\/\/www.ibizahomespaces.com\/wp-content\/uploads\/2024\/02\/new-inflatable-event-tent-Ibiza-white-400x400.jpg 400w\" alt=\"Outdoor-event-tents for hire\" width=\"150\" height=\"150\" aria-describedby=\"gallery-1-2713\" title=\"\"><\/a><figcaption id=\"gallery-1-2713\" class=\"wp-caption-text gallery-caption\">Outdoor-event-tents for hire<\/figcaption><\/figure>\n<figure class=\"gallery-item\"><a href=\"https:\/\/www.ibizahomespaces.com\/wp-content\/uploads\/2024\/02\/event-tent-Ibiza-inside.jpg\" data-elementor-open-lightbox=\"yes\" data-elementor-lightbox-slideshow=\"9b51a73\" data-elementor-lightbox-title=\"event-tent-Ibiza-inside\" data-e-action-hash=\"#elementor-action%3Aaction%3Dlightbox%26settings%3DeyJpZCI6MjcxMSwidXJsIjoiaHR0cHM6XC9cL3d3dy5pYml6YWhvbWVzcGFjZXMuY29tXC93cC1jb250ZW50XC91cGxvYWRzXC8yMDI0XC8wMlwvZXZlbnQtdGVudC1JYml6YS1pbnNpZGUuanBnIiwic2xpZGVzaG93IjoiOWI1MWE3MyJ9\" data-elementor-lightbox-description=\"Event tents for hire Ibiza\"><img loading=\"lazy\" decoding=\"async\" src=\"https:\/\/www.ibizahomespaces.com\/wp-content\/uploads\/2024\/02\/event-tent-Ibiza-inside-150x150.jpg\" sizes=\"(max-width: 150px) 100vw, 150px\" srcset=\"https:\/\/www.ibizahomespaces.com\/wp-content\/uploads\/2024\/02\/event-tent-Ibiza-inside-150x150.jpg 150w, https:\/\/www.ibizahomespaces.com\/wp-content\/uploads\/2024\/02\/event-tent-Ibiza-inside-300x300.jpg 300w, https:\/\/www.ibizahomespaces.com\/wp-content\/uploads\/2024\/02\/event-tent-Ibiza-inside-100x100.jpg 100w, https:\/\/www.ibizahomespaces.com\/wp-content\/uploads\/2024\/02\/event-tent-Ibiza-inside-230x230.jpg 230w, https:\/\/www.ibizahomespaces.com\/wp-content\/uploads\/2024\/02\/event-tent-Ibiza-inside-400x400.jpg 400w\" alt=\"Event tents for hire Ibiza\" width=\"150\" height=\"150\" aria-describedby=\"gallery-1-2711\" title=\"\"><\/a><\/figure>\n<p style=\"margin: 0cm 0cm 0.0001pt; font-size: 12pt; font-family: Cambria;\">Event tents for hire Ibiza<\/p>\n<figure class=\"gallery-item\"><a href=\"https:\/\/www.ibizahomespaces.com\/wp-content\/uploads\/2024\/02\/white-inflatable.jpg\" data-elementor-open-lightbox=\"yes\" data-elementor-lightbox-slideshow=\"9b51a73\" data-elementor-lightbox-title=\"white-inflatable\" data-e-action-hash=\"#elementor-action%3Aaction%3Dlightbox%26settings%3DeyJpZCI6MjY1NiwidXJsIjoiaHR0cHM6XC9cL3d3dy5pYml6YWhvbWVzcGFjZXMuY29tXC93cC1jb250ZW50XC91cGxvYWRzXC8yMDI0XC8wMlwvd2hpdGUtaW5mbGF0YWJsZS5qcGciLCJzbGlkZXNob3ciOiI5YjUxYTczIn0%3D\" data-elementor-lightbox-description=\"Event tents for hire Ibiza\"><img loading=\"lazy\" decoding=\"async\" src=\"https:\/\/www.ibizahomespaces.com\/wp-content\/uploads\/2024\/02\/white-inflatable-150x150.jpg\" sizes=\"(max-width: 150px) 100vw, 150px\" srcset=\"https:\/\/www.ibizahomespaces.com\/wp-content\/uploads\/2024\/02\/white-inflatable-150x150.jpg 150w, https:\/\/www.ibizahomespaces.com\/wp-content\/uploads\/2024\/02\/white-inflatable-300x300.jpg 300w, https:\/\/www.ibizahomespaces.com\/wp-content\/uploads\/2024\/02\/white-inflatable-100x100.jpg 100w, https:\/\/www.ibizahomespaces.com\/wp-content\/uploads\/2024\/02\/white-inflatable-230x230.jpg 230w, https:\/\/www.ibizahomespaces.com\/wp-content\/uploads\/2024\/02\/white-inflatable-400x400.jpg 400w, https:\/\/www.ibizahomespaces.com\/wp-content\/uploads\/2024\/02\/white-inflatable-640x640.jpg 640w\" alt=\"\" width=\"150\" height=\"150\" title=\"\"><\/a><\/figure>\n","protected":false},"excerpt":{"rendered":"<p>Alquiler de carpas para eventas Alquiler de carpas para eventas Descubre el ep\u00edtome de la elegancia al aire libre con nuestra carpa para eventos de 5 x 5 metros, un complemento vers\u00e1til y elegante para elevar tus reuniones privadas. Tanto si prefieres un ambiente al aire libre como si deseas una cobertura total, esta carpa [&hellip;]<\/p>\n","protected":false},"author":1,"featured_media":0,"parent":0,"menu_order":0,"comment_status":"closed","ping_status":"closed","template":"","meta":{"footnotes":""},"class_list":["post-2501","page","type-page","status-publish","hentry"],"_links":{"self":[{"href":"https:\/\/www.ibizahomespaces.com\/es\/wp-json\/wp\/v2\/pages\/2501","targetHints":{"allow":["GET"]}}],"collection":[{"href":"https:\/\/www.ibizahomespaces.com\/es\/wp-json\/wp\/v2\/pages"}],"about":[{"href":"https:\/\/www.ibizahomespaces.com\/es\/wp-json\/wp\/v2\/types\/page"}],"author":[{"embeddable":true,"href":"https:\/\/www.ibizahomespaces.com\/es\/wp-json\/wp\/v2\/users\/1"}],"replies":[{"embeddable":true,"href":"https:\/\/www.ibizahomespaces.com\/es\/wp-json\/wp\/v2\/comments?post=2501"}],"version-history":[{"count":9,"href":"https:\/\/www.ibizahomespaces.com\/es\/wp-json\/wp\/v2\/pages\/2501\/revisions"}],"predecessor-version":[{"id":4622,"href":"https:\/\/www.ibizahomespaces.com\/es\/wp-json\/wp\/v2\/pages\/2501\/revisions\/4622"}],"wp:attachment":[{"href":"https:\/\/www.ibizahomespaces.com\/es\/wp-json\/wp\/v2\/media?parent=2501"}],"curies":[{"name":"wp","href":"https:\/\/api.w.org\/{rel}","templated":true}]}}