{"id":2495,"date":"2024-02-18T21:55:03","date_gmt":"2024-02-18T20:55:03","guid":{"rendered":"https:\/\/www.ibizahomespaces.com\/alquiler-de-mesas\/"},"modified":"2025-10-12T11:43:28","modified_gmt":"2025-10-12T10:43:28","slug":"alquiler-de-mesas","status":"publish","type":"page","link":"https:\/\/www.ibizahomespaces.com\/es\/alquiler-de-mobiliario-para-eventos\/alquiler-de-mesas\/","title":{"rendered":"Alquiler de mesas"},"content":{"rendered":"<h2><strong>Alquiler de mesas para eventos Ibiza<\/strong><\/h2>\n<p>Si est\u00e1 alquilando nuestras sillas, entonces tiene mucho sentido que tambi\u00e9n pueda alquilar nuestras mesas, tenemos mesas rectangulares y redondas en varios tama\u00f1os disponibles, solo h\u00e1ganos saber cu\u00e1ntas personas asistir\u00e1n y luego podemos calcular la cantidad de mesas que necesitar\u00e1 para sus arreglos de asientos.<\/p>\n<figure id=\"attachment_2724\" aria-describedby=\"caption-attachment-2724\" style=\"width: 1000px\" class=\"wp-caption alignnone\"><img fetchpriority=\"high\" decoding=\"async\" class=\"size-full wp-image-2724\" src=\"https:\/\/www.ibizahomespaces.com\/wp-content\/uploads\/2024\/02\/event-tables-for-rent-in-Ibiza.jpg\" alt=\"Event-tables and chairs in Ibiza for rent\" width=\"1000\" height=\"750\" title=\"\" srcset=\"https:\/\/www.ibizahomespaces.com\/wp-content\/uploads\/2024\/02\/event-tables-for-rent-in-Ibiza.jpg 1000w, https:\/\/www.ibizahomespaces.com\/wp-content\/uploads\/2024\/02\/event-tables-for-rent-in-Ibiza-600x450.jpg 600w, https:\/\/www.ibizahomespaces.com\/wp-content\/uploads\/2024\/02\/event-tables-for-rent-in-Ibiza-300x225.jpg 300w, https:\/\/www.ibizahomespaces.com\/wp-content\/uploads\/2024\/02\/event-tables-for-rent-in-Ibiza-768x576.jpg 768w\" sizes=\"(max-width: 1000px) 100vw, 1000px\" \/><figcaption id=\"caption-attachment-2724\" class=\"wp-caption-text\">Event-tables and chairs in Ibiza for rent<\/figcaption><\/figure>\n<p><strong>Posibilidades de Configuraci\u00f3n Infinita:<\/strong>\u00a0Tanto si planeas un banquete formal como una reuni\u00f3n informal, estas mesas ofrecen una versatilidad inigualable. Col\u00f3calas en l\u00edneas rectas para un look cl\u00e1sico, o s\u00e9 creativo con una disposici\u00f3n en herradura para fomentar la conversaci\u00f3n y la interacci\u00f3n. \u00a1Las posibilidades son infinitas!<\/p>\n<p><strong>Opciones de Alquiler Flexibles:<\/strong>\u00a0Nos adaptamos a tus necesidades con opciones de alquiler flexibles. Elige alquilar solo las mesas para una configuraci\u00f3n minimalista, o a\u00f1ade un toque de elegancia con nuestros impolutos manteles blancos. En cualquier caso, tu evento irradiar\u00e1 estilo y sofisticaci\u00f3n.<\/p>\n<p><strong>Cont\u00e1ctanos:<\/strong>\u00a0\u00bfListo para hacer de tu evento un momento inolvidable? Ponte en contacto con nosotros hoy mismo para consultar la disponibilidad y recibir un presupuesto personalizado.<\/p>\n<p>Para m\u00e1s informaci\u00f3n, env\u00edanos un correo a\u00a0<a href=\"https:\/\/mailto:info@ibizahomespaces.com\/\"><strong>info@ibizahomespaces.com<\/strong><\/a>\u00a0o, para una respuesta m\u00e1s r\u00e1pida, escr\u00edbenos por WhatsApp al\u00a0<strong>+34 711 083 102<\/strong>.<\/p>\n","protected":false},"excerpt":{"rendered":"<p>Alquiler de mesas para eventos Ibiza Si est\u00e1 alquilando nuestras sillas, entonces tiene mucho sentido que tambi\u00e9n pueda alquilar nuestras mesas, tenemos mesas rectangulares y redondas en varios tama\u00f1os disponibles, solo h\u00e1ganos saber cu\u00e1ntas personas asistir\u00e1n y luego podemos calcular la cantidad de mesas que necesitar\u00e1 para sus arreglos de asientos. Posibilidades de Configuraci\u00f3n Infinita:\u00a0Tanto [&hellip;]<\/p>\n","protected":false},"author":1,"featured_media":0,"parent":2484,"menu_order":0,"comment_status":"closed","ping_status":"closed","template":"","meta":{"footnotes":""},"class_list":["post-2495","page","type-page","status-publish","hentry"],"_links":{"self":[{"href":"https:\/\/www.ibizahomespaces.com\/es\/wp-json\/wp\/v2\/pages\/2495","targetHints":{"allow":["GET"]}}],"collection":[{"href":"https:\/\/www.ibizahomespaces.com\/es\/wp-json\/wp\/v2\/pages"}],"about":[{"href":"https:\/\/www.ibizahomespaces.com\/es\/wp-json\/wp\/v2\/types\/page"}],"author":[{"embeddable":true,"href":"https:\/\/www.ibizahomespaces.com\/es\/wp-json\/wp\/v2\/users\/1"}],"replies":[{"embeddable":true,"href":"https:\/\/www.ibizahomespaces.com\/es\/wp-json\/wp\/v2\/comments?post=2495"}],"version-history":[{"count":12,"href":"https:\/\/www.ibizahomespaces.com\/es\/wp-json\/wp\/v2\/pages\/2495\/revisions"}],"predecessor-version":[{"id":4611,"href":"https:\/\/www.ibizahomespaces.com\/es\/wp-json\/wp\/v2\/pages\/2495\/revisions\/4611"}],"up":[{"embeddable":true,"href":"https:\/\/www.ibizahomespaces.com\/es\/wp-json\/wp\/v2\/pages\/2484"}],"wp:attachment":[{"href":"https:\/\/www.ibizahomespaces.com\/es\/wp-json\/wp\/v2\/media?parent=2495"}],"curies":[{"name":"wp","href":"https:\/\/api.w.org\/{rel}","templated":true}]}}