{"id":2488,"date":"2024-02-18T21:46:32","date_gmt":"2024-02-18T20:46:32","guid":{"rendered":"https:\/\/www.ibizahomespaces.com\/alquiler-de-sillas\/"},"modified":"2025-07-03T18:47:44","modified_gmt":"2025-07-03T17:47:44","slug":"alquiler-de-sillas","status":"publish","type":"page","link":"https:\/\/www.ibizahomespaces.com\/es\/alquiler-de-mobiliario-para-eventos\/alquiler-de-sillas\/","title":{"rendered":"Alquiler de sillas"},"content":{"rendered":"\t\t<div data-elementor-type=\"wp-page\" data-elementor-id=\"2488\" class=\"elementor elementor-2488 elementor-2486\">\n\t\t\t\t\t\t<section class=\"elementor-section elementor-top-section elementor-element elementor-element-80b7998 elementor-section-boxed elementor-section-height-default elementor-section-height-default\" data-id=\"80b7998\" data-element_type=\"section\" data-e-type=\"section\" data-settings=\"{&quot;jet_parallax_layout_list&quot;:[]}\">\n\t\t\t\t\t\t<div class=\"elementor-container elementor-column-gap-default\">\n\t\t\t\t\t<div class=\"elementor-column elementor-col-100 elementor-top-column elementor-element elementor-element-2b053d4\" data-id=\"2b053d4\" data-element_type=\"column\" data-e-type=\"column\">\n\t\t\t<div class=\"elementor-widget-wrap elementor-element-populated\">\n\t\t\t\t\t\t<div class=\"elementor-element elementor-element-5fc06f8 elementor-widget elementor-widget-heading\" data-id=\"5fc06f8\" data-element_type=\"widget\" data-e-type=\"widget\" data-widget_type=\"heading.default\">\n\t\t\t\t<div class=\"elementor-widget-container\">\n\t\t\t\t\t<h2 class=\"elementor-heading-title elementor-size-default\">Alquiler de sillas para eventos<br><\/h2>\t\t\t\t<\/div>\n\t\t\t\t<\/div>\n\t\t\t\t\t<\/div>\n\t\t<\/div>\n\t\t\t\t\t<\/div>\n\t\t<\/section>\n\t\t\t\t<section class=\"elementor-section elementor-top-section elementor-element elementor-element-e26964a elementor-section-boxed elementor-section-height-default elementor-section-height-default\" data-id=\"e26964a\" data-element_type=\"section\" data-e-type=\"section\" data-settings=\"{&quot;jet_parallax_layout_list&quot;:[]}\">\n\t\t\t\t\t\t<div class=\"elementor-container elementor-column-gap-default\">\n\t\t\t\t\t<div class=\"elementor-column elementor-col-100 elementor-top-column elementor-element elementor-element-660e75b\" data-id=\"660e75b\" data-element_type=\"column\" data-e-type=\"column\">\n\t\t\t<div class=\"elementor-widget-wrap elementor-element-populated\">\n\t\t\t\t\t\t<div class=\"elementor-element elementor-element-b1ed2d6 elementor-widget elementor-widget-image\" data-id=\"b1ed2d6\" data-element_type=\"widget\" data-e-type=\"widget\" data-widget_type=\"image.default\">\n\t\t\t\t<div class=\"elementor-widget-container\">\n\t\t\t\t\t\t\t\t\t\t\t\t<figure class=\"wp-caption\">\n\t\t\t\t\t\t\t\t\t\t<img fetchpriority=\"high\" decoding=\"async\" width=\"1024\" height=\"681\" src=\"https:\/\/www.ibizahomespaces.com\/wp-content\/uploads\/2024\/02\/silla-eventas-bambu-stager-1-1024x681.jpeg\" class=\"attachment-large size-large wp-image-2506\" alt=\"Ibiza-chair-and-table-rental-rental-for-events-weddings-private-events\" srcset=\"https:\/\/www.ibizahomespaces.com\/wp-content\/uploads\/2024\/02\/silla-eventas-bambu-stager-1-1024x681.jpeg 1024w, https:\/\/www.ibizahomespaces.com\/wp-content\/uploads\/2024\/02\/silla-eventas-bambu-stager-1-600x399.jpeg 600w, https:\/\/www.ibizahomespaces.com\/wp-content\/uploads\/2024\/02\/silla-eventas-bambu-stager-1-300x200.jpeg 300w, https:\/\/www.ibizahomespaces.com\/wp-content\/uploads\/2024\/02\/silla-eventas-bambu-stager-1-768x511.jpeg 768w, https:\/\/www.ibizahomespaces.com\/wp-content\/uploads\/2024\/02\/silla-eventas-bambu-stager-1.jpeg 1476w\" sizes=\"(max-width: 1024px) 100vw, 1024px\" title=\"\">\t\t\t\t\t\t\t\t\t\t\t<figcaption class=\"widget-image-caption wp-caption-text\">Ibiza-chair-and-table-rental-rental-for-events-weddings-private-events<\/figcaption>\n\t\t\t\t\t\t\t\t\t\t<\/figure>\n\t\t\t\t\t\t\t\t\t<\/div>\n\t\t\t\t<\/div>\n\t\t\t\t\t<\/div>\n\t\t<\/div>\n\t\t\t\t\t<\/div>\n\t\t<\/section>\n\t\t\t\t<section class=\"elementor-section elementor-top-section elementor-element elementor-element-b0515e3 elementor-section-boxed elementor-section-height-default elementor-section-height-default\" data-id=\"b0515e3\" data-element_type=\"section\" data-e-type=\"section\" data-settings=\"{&quot;jet_parallax_layout_list&quot;:[]}\">\n\t\t\t\t\t\t<div class=\"elementor-container elementor-column-gap-default\">\n\t\t\t\t\t<div class=\"elementor-column elementor-col-100 elementor-top-column elementor-element elementor-element-211744c\" data-id=\"211744c\" data-element_type=\"column\" data-e-type=\"column\">\n\t\t\t<div class=\"elementor-widget-wrap elementor-element-populated\">\n\t\t\t\t\t\t<div class=\"elementor-element elementor-element-73a8bca elementor-widget elementor-widget-text-editor\" data-id=\"73a8bca\" data-element_type=\"widget\" data-e-type=\"widget\" data-widget_type=\"text-editor.default\">\n\t\t\t\t<div class=\"elementor-widget-container\">\n\t\t\t\t\t\t\t\t\t<hr><h3><strong>Sillas para eventos con estilo para tu celebraci\u00f3n en Ibiza<\/strong><\/h3><p class=\"ds-markdown-paragraph\">Eleva tu evento con nuestros <strong>alquileres de sillas que marcan tendencia, perfectos<\/strong>para bodas, fiestas y reuniones VIP en Ibiza. Desde dise\u00f1os modernos y elegantes hasta cl\u00e1sicos boho-chic, seleccionamos sillas que complementan tu visi\u00f3n.   <em>\u00a1Pronto llegar\u00e1n nuevos estilos 2026!<\/em><\/p><h3><strong>Servicio de alquiler de sillas sin complicaciones<\/strong><\/h3><p class=\"ds-markdown-paragraph\">Dinos la fecha de tu evento y nosotros nos encargamos del resto:<br>\u2705 <strong>Entrega y recogida<\/strong> &#8211; Te llevamos y recogemos, para que t\u00fa te centres en organizar<br>\u2705 <strong>Montaje experto<\/strong> &#8211; Las sillas se colocan exactamente donde las necesitas<br>\u2705 <strong>Sin costes ocultos<\/strong> &#8211; Precios transparentes, adaptados a tus necesidades<\/p><h3><strong>\u00bfPor qu\u00e9 confiar en nosotros?<\/strong><\/h3><p class=\"ds-markdown-paragraph\">Con <strong>m\u00e1s de 15 a\u00f1os en la industria del mueble<\/strong> (incluidas dos tiendas de \u00e9xito), combinamos un conocimiento profundo del dise\u00f1o con una log\u00edstica impecable. Conocemos la escena de eventos de Ibiza y sabemos exactamente qu\u00e9 hace que tu decoraci\u00f3n sea inolvidable. <\/p><p class=\"ds-markdown-paragraph\"><a href=\"https:\/\/www.ibizahomespaces.com\/es\/contactos\/\">\ud83d\udcde <strong>Ponte en contacto con nosotros<\/strong><\/a> \u00a1para reservar tus sillas o hablar de opciones personalizadas!<\/p>\t\t\t\t\t\t\t\t<\/div>\n\t\t\t\t<\/div>\n\t\t\t\t\t<\/div>\n\t\t<\/div>\n\t\t\t\t\t<\/div>\n\t\t<\/section>\n\t\t\t\t<section class=\"elementor-section elementor-top-section elementor-element elementor-element-a21b6fa elementor-section-boxed elementor-section-height-default elementor-section-height-default\" data-id=\"a21b6fa\" data-element_type=\"section\" data-e-type=\"section\" data-settings=\"{&quot;jet_parallax_layout_list&quot;:[]}\">\n\t\t\t\t\t\t<div class=\"elementor-container elementor-column-gap-default\">\n\t\t\t\t\t<div class=\"elementor-column elementor-col-50 elementor-top-column elementor-element elementor-element-2a30a9f\" data-id=\"2a30a9f\" data-element_type=\"column\" data-e-type=\"column\">\n\t\t\t<div class=\"elementor-widget-wrap elementor-element-populated\">\n\t\t\t\t\t\t<div class=\"elementor-element elementor-element-2158865 elementor-widget elementor-widget-image\" data-id=\"2158865\" data-element_type=\"widget\" data-e-type=\"widget\" data-widget_type=\"image.default\">\n\t\t\t\t<div class=\"elementor-widget-container\">\n\t\t\t\t\t\t\t\t\t\t\t\t\t\t\t<img decoding=\"async\" width=\"538\" height=\"476\" src=\"https:\/\/www.ibizahomespaces.com\/wp-content\/uploads\/2024\/02\/Bamboo-chair-for-events-1-1.jpeg\" class=\"attachment-medium_large size-medium_large wp-image-2518\" alt=\"Event Chair Rental\" srcset=\"https:\/\/www.ibizahomespaces.com\/wp-content\/uploads\/2024\/02\/Bamboo-chair-for-events-1-1.jpeg 538w, https:\/\/www.ibizahomespaces.com\/wp-content\/uploads\/2024\/02\/Bamboo-chair-for-events-1-1-300x265.jpeg 300w\" sizes=\"(max-width: 538px) 100vw, 538px\" title=\"\">\t\t\t\t\t\t\t\t\t\t\t\t\t\t\t<\/div>\n\t\t\t\t<\/div>\n\t\t\t\t\t<\/div>\n\t\t<\/div>\n\t\t\t\t<div class=\"elementor-column elementor-col-50 elementor-top-column elementor-element elementor-element-02a8331\" data-id=\"02a8331\" data-element_type=\"column\" data-e-type=\"column\">\n\t\t\t<div class=\"elementor-widget-wrap elementor-element-populated\">\n\t\t\t\t\t\t<div class=\"elementor-element elementor-element-e279818 elementor-widget elementor-widget-image\" data-id=\"e279818\" data-element_type=\"widget\" data-e-type=\"widget\" data-widget_type=\"image.default\">\n\t\t\t\t<div class=\"elementor-widget-container\">\n\t\t\t\t\t\t\t\t\t\t\t\t\t\t\t<img decoding=\"async\" width=\"768\" height=\"768\" src=\"https:\/\/www.ibizahomespaces.com\/wp-content\/uploads\/2024\/02\/sillas-eventos-bambu-1-2-768x768.jpeg\" class=\"attachment-medium_large size-medium_large wp-image-2522\" alt=\"Bamboo-natural-chair-for-events-in-Ibiza\" srcset=\"https:\/\/www.ibizahomespaces.com\/wp-content\/uploads\/2024\/02\/sillas-eventos-bambu-1-2-768x768.jpeg 768w, https:\/\/www.ibizahomespaces.com\/wp-content\/uploads\/2024\/02\/sillas-eventos-bambu-1-2-300x300.jpeg 300w, https:\/\/www.ibizahomespaces.com\/wp-content\/uploads\/2024\/02\/sillas-eventos-bambu-1-2-100x100.jpeg 100w, https:\/\/www.ibizahomespaces.com\/wp-content\/uploads\/2024\/02\/sillas-eventos-bambu-1-2-600x600.jpeg 600w, https:\/\/www.ibizahomespaces.com\/wp-content\/uploads\/2024\/02\/sillas-eventos-bambu-1-2-1024x1024.jpeg 1024w, https:\/\/www.ibizahomespaces.com\/wp-content\/uploads\/2024\/02\/sillas-eventos-bambu-1-2-150x150.jpeg 150w, https:\/\/www.ibizahomespaces.com\/wp-content\/uploads\/2024\/02\/sillas-eventos-bambu-1-2-230x230.jpeg 230w, https:\/\/www.ibizahomespaces.com\/wp-content\/uploads\/2024\/02\/sillas-eventos-bambu-1-2-400x400.jpeg 400w, https:\/\/www.ibizahomespaces.com\/wp-content\/uploads\/2024\/02\/sillas-eventos-bambu-1-2-640x640.jpeg 640w, https:\/\/www.ibizahomespaces.com\/wp-content\/uploads\/2024\/02\/sillas-eventos-bambu-1-2.jpeg 1490w\" sizes=\"(max-width: 768px) 100vw, 768px\" title=\"\">\t\t\t\t\t\t\t\t\t\t\t\t\t\t\t<\/div>\n\t\t\t\t<\/div>\n\t\t\t\t\t<\/div>\n\t\t<\/div>\n\t\t\t\t\t<\/div>\n\t\t<\/section>\n\t\t\t\t<\/div>\n\t\t","protected":false},"excerpt":{"rendered":"<p>Alquiler de sillas para eventos Ibiza-chair-and-table-rental-rental-for-events-weddings-private-events Sillas para eventos con estilo para tu celebraci\u00f3n en Ibiza Eleva tu evento con nuestros alquileres de sillas que marcan tendencia, perfectospara bodas, fiestas y reuniones VIP en Ibiza. Desde dise\u00f1os modernos y elegantes hasta cl\u00e1sicos boho-chic, seleccionamos sillas que complementan tu visi\u00f3n. \u00a1Pronto llegar\u00e1n nuevos estilos 2026! Servicio [&hellip;]<\/p>\n","protected":false},"author":1,"featured_media":0,"parent":2484,"menu_order":0,"comment_status":"closed","ping_status":"closed","template":"","meta":{"footnotes":""},"class_list":["post-2488","page","type-page","status-publish","hentry"],"_links":{"self":[{"href":"https:\/\/www.ibizahomespaces.com\/es\/wp-json\/wp\/v2\/pages\/2488","targetHints":{"allow":["GET"]}}],"collection":[{"href":"https:\/\/www.ibizahomespaces.com\/es\/wp-json\/wp\/v2\/pages"}],"about":[{"href":"https:\/\/www.ibizahomespaces.com\/es\/wp-json\/wp\/v2\/types\/page"}],"author":[{"embeddable":true,"href":"https:\/\/www.ibizahomespaces.com\/es\/wp-json\/wp\/v2\/users\/1"}],"replies":[{"embeddable":true,"href":"https:\/\/www.ibizahomespaces.com\/es\/wp-json\/wp\/v2\/comments?post=2488"}],"version-history":[{"count":34,"href":"https:\/\/www.ibizahomespaces.com\/es\/wp-json\/wp\/v2\/pages\/2488\/revisions"}],"predecessor-version":[{"id":3985,"href":"https:\/\/www.ibizahomespaces.com\/es\/wp-json\/wp\/v2\/pages\/2488\/revisions\/3985"}],"up":[{"embeddable":true,"href":"https:\/\/www.ibizahomespaces.com\/es\/wp-json\/wp\/v2\/pages\/2484"}],"wp:attachment":[{"href":"https:\/\/www.ibizahomespaces.com\/es\/wp-json\/wp\/v2\/media?parent=2488"}],"curies":[{"name":"wp","href":"https:\/\/api.w.org\/{rel}","templated":true}]}}