{"id":2484,"date":"2024-02-17T22:51:31","date_gmt":"2024-02-17T21:51:31","guid":{"rendered":"https:\/\/www.ibizahomespaces.com\/alquiler-de-mobiliario-para-eventos\/"},"modified":"2025-10-12T12:00:23","modified_gmt":"2025-10-12T11:00:23","slug":"alquiler-de-mobiliario-para-eventos","status":"publish","type":"page","link":"https:\/\/www.ibizahomespaces.com\/es\/alquiler-de-mobiliario-para-eventos\/","title":{"rendered":"Alquiler de Mobiliario para Eventos"},"content":{"rendered":"<h2>Alquiler de mobiliario para eventos en Ibiza<\/h2>\n<p style=\"border: 0px solid #e3e3e3; --tw-border-spacing-x: 0; --tw-border-spacing-y: 0; --tw-translate-x: 0; --tw-translate-y: 0; --tw-rotate: 0; --tw-skew-x: 0; --tw-skew-y: 0; --tw-scale-x: 1; --tw-scale-y: 1; --tw-scroll-snap-strictness: proximity; --tw-ring-offset-width: 0px; --tw-ring-offset-color: #fff; --tw-ring-color: rgba(69,89,164,0.5); --tw-ring-offset-shadow: 0 0 transparent; --tw-ring-shadow: 0 0 transparent; --tw-shadow: 0 0 transparent; --tw-shadow-colored: 0 0 transparent; margin-bottom: 1.25em; color: #0d0d0d; font-family: S\u00f6hne, ui-sans-serif, system-ui, -apple-system, 'Segoe UI', Roboto, Ubuntu, Cantarell, 'Noto Sans', sans-serif, 'Helvetica Neue', Arial, 'Apple Color Emoji', 'Segoe UI Emoji', 'Segoe UI Symbol', 'Noto Color Emoji'; font-size: 16px; white-space: pre-wrap;\">Si est\u00e1s buscando la cr\u00e8me de la cr\u00e8me en mobiliario para eventos para tu extravagancia en Ibiza, \u00a1tu b\u00fasqueda termina aqu\u00ed! Escr\u00edbenos y seremos tu genio en una botella, listos para hacer realidad los deseos de tu evento. Tanto si se trata de la grandeza de una boda como de la profesionalidad de un evento corporativo, tenemos lo que necesitas.  <\/p>\n<p style=\"border: 0px solid #e3e3e3; --tw-border-spacing-x: 0; --tw-border-spacing-y: 0; --tw-translate-x: 0; --tw-translate-y: 0; --tw-rotate: 0; --tw-skew-x: 0; --tw-skew-y: 0; --tw-scale-x: 1; --tw-scale-y: 1; --tw-scroll-snap-strictness: proximity; --tw-ring-offset-width: 0px; --tw-ring-offset-color: #fff; --tw-ring-color: rgba(69,89,164,0.5); --tw-ring-offset-shadow: 0 0 transparent; --tw-ring-shadow: 0 0 transparent; --tw-shadow: 0 0 transparent; --tw-shadow-colored: 0 0 transparent; margin-top: 1.25em; margin-bottom: 1.25em; color: #0d0d0d; font-family: S\u00f6hne, ui-sans-serif, system-ui, -apple-system, 'Segoe UI', Roboto, Ubuntu, Cantarell, 'Noto Sans', sans-serif, 'Helvetica Neue', Arial, 'Apple Color Emoji', 'Segoe UI Emoji', 'Segoe UI Symbol', 'Noto Color Emoji'; font-size: 16px; white-space: pre-wrap;\">No dejes que nuestro sitio web sea la \u00fanica br\u00fajula de nuestro tesoro: nuestro inventario es una bestia din\u00e1mica con nuevas llegadas que brotan como confeti. Aunque no encuentres lo que deseas en Internet, \u00a1no te preocupes! Una r\u00e1pida charla con nosotros puede descubrirte joyas ocultas que a\u00fan no han debutado en la web. Somos como un bullicioso equipo entre bastidores: ocupados, pero siempre dispuestos a desplegar la alfombra roja para satisfacer las necesidades de tu evento.   <\/p>\n<p style=\"border: 0px solid #e3e3e3; --tw-border-spacing-x: 0; --tw-border-spacing-y: 0; --tw-translate-x: 0; --tw-translate-y: 0; --tw-rotate: 0; --tw-skew-x: 0; --tw-skew-y: 0; --tw-scale-x: 1; --tw-scale-y: 1; --tw-scroll-snap-strictness: proximity; --tw-ring-offset-width: 0px; --tw-ring-offset-color: #fff; --tw-ring-color: rgba(69,89,164,0.5); --tw-ring-offset-shadow: 0 0 transparent; --tw-ring-shadow: 0 0 transparent; --tw-shadow: 0 0 transparent; --tw-shadow-colored: 0 0 transparent; margin-top: 1.25em; margin-bottom: 0px; color: #0d0d0d; font-family: S\u00f6hne, ui-sans-serif, system-ui, -apple-system, 'Segoe UI', Roboto, Ubuntu, Cantarell, 'Noto Sans', sans-serif, 'Helvetica Neue', Arial, 'Apple Color Emoji', 'Segoe UI Emoji', 'Segoe UI Symbol', 'Noto Color Emoji'; font-size: 16px; white-space: pre-wrap;\">Desde sillas que te acunan c\u00f3modamente hasta mesas que gritan sofisticaci\u00f3n, carpas que desaf\u00edan los elementos y bares que son el alma de la fiesta, lo tenemos todo. \u00bfTe sientes como la realeza? Eleva tu evento con nuestras piezas esc\u00e9nicas, porque, admit\u00e1moslo, a veces necesitas elevarte por encima de la multitud. As\u00ed que, \u00bfpor qu\u00e9 conformarse con lo ordinario cuando puedes tener lo extraordinario?  Tu evento, tus reglas, \u00a1hag\u00e1moslo legendario!<\/p>\n\n\n<div class=\"wp-block-group\"><div class=\"wp-block-group__inner-container is-layout-constrained wp-block-group-is-layout-constrained\">\n<figure class=\"wp-block-gallery has-nested-images columns-default is-cropped wp-block-gallery-1 is-layout-flex wp-block-gallery-is-layout-flex\">\n<figure class=\"wp-block-image is-style-rounded\"><a href=\"https:\/\/www.ibizahomespaces.com\/es\/alquiler-de-mobiliario-para-eventos\/alquiler-de-sillas\/\"><img decoding=\"async\" src=\"https:\/\/www.ibizahomespaces.com\/wp-content\/uploads\/2024\/02\/Bamboo-chair-for-events-1-1.jpeg\" alt=\"Alquiler de sillas para eventos\" title=\"\"><\/a><figcaption class=\"wp-element-caption\">Alquiler de sillas para eventos<\/figcaption><\/figure>\n<\/figure>\n<\/div><\/div>\n\n\n\n<div class=\"wp-block-group\"><div class=\"wp-block-group__inner-container is-layout-constrained wp-block-group-is-layout-constrained\"><div class=\"wp-block-image is-style-rounded\">\n<figure class=\"aligncenter\"><a href=\"https:\/\/www.ibizahomespaces.com\/es\/alquiler-de-mobiliario-para-eventos\/alquiler-de-mesas\/\"><img decoding=\"async\" src=\"https:\/\/www.ibizahomespaces.com\/wp-content\/uploads\/2024\/02\/event-tables-for-rent-in-Ibiza.jpg\" alt=\"Alquiler de mesas y sillas para eventos en Ibiza\" title=\"\"><\/a><figcaption class=\"wp-element-caption\">Alquiler de mesas y sillas para eventos en Ibiza<\/figcaption><\/figure>\n<\/div><\/div><\/div>\n\n\n\n<figure class=\"wp-block-gallery has-nested-images columns-default is-cropped is-style-rectangular wp-block-gallery-2 is-layout-flex wp-block-gallery-is-layout-flex\">\n<figure class=\"wp-block-image size-large is-style-rounded\"><a href=\"https:\/\/www.ibizahomespaces.com\/es\/alquiler-de-carpas\/\"><img fetchpriority=\"high\" decoding=\"async\" width=\"1024\" height=\"681\" data-id=\"2654\" src=\"https:\/\/www.ibizahomespaces.com\/wp-content\/uploads\/2024\/02\/tent-rental-white-1024x681.jpg\" alt=\"Alquiler de carpas para eventos Ibiza,\" class=\"wp-image-2654\" title=\"\" srcset=\"https:\/\/www.ibizahomespaces.com\/wp-content\/uploads\/2024\/02\/tent-rental-white-1024x681.jpg 1024w, https:\/\/www.ibizahomespaces.com\/wp-content\/uploads\/2024\/02\/tent-rental-white-600x399.jpg 600w, https:\/\/www.ibizahomespaces.com\/wp-content\/uploads\/2024\/02\/tent-rental-white-300x200.jpg 300w, https:\/\/www.ibizahomespaces.com\/wp-content\/uploads\/2024\/02\/tent-rental-white-768x511.jpg 768w, https:\/\/www.ibizahomespaces.com\/wp-content\/uploads\/2024\/02\/tent-rental-white.jpg 1052w\" sizes=\"(max-width: 1024px) 100vw, 1024px\" \/><\/a><figcaption class=\"wp-element-caption\">Ferias comerciales &#8211; bodas &#8211; eventos en casa <\/figcaption><\/figure>\n<\/figure>\n","protected":false},"excerpt":{"rendered":"<p>Alquiler de mobiliario para eventos en Ibiza Si est\u00e1s buscando la cr\u00e8me de la cr\u00e8me en mobiliario para eventos para tu extravagancia en Ibiza, \u00a1tu b\u00fasqueda termina aqu\u00ed! Escr\u00edbenos y seremos tu genio en una botella, listos para hacer realidad los deseos de tu evento. Tanto si se trata de la grandeza de una boda [&hellip;]<\/p>\n","protected":false},"author":1,"featured_media":0,"parent":0,"menu_order":0,"comment_status":"closed","ping_status":"closed","template":"","meta":{"footnotes":""},"class_list":["post-2484","page","type-page","status-publish","hentry"],"_links":{"self":[{"href":"https:\/\/www.ibizahomespaces.com\/es\/wp-json\/wp\/v2\/pages\/2484","targetHints":{"allow":["GET"]}}],"collection":[{"href":"https:\/\/www.ibizahomespaces.com\/es\/wp-json\/wp\/v2\/pages"}],"about":[{"href":"https:\/\/www.ibizahomespaces.com\/es\/wp-json\/wp\/v2\/types\/page"}],"author":[{"embeddable":true,"href":"https:\/\/www.ibizahomespaces.com\/es\/wp-json\/wp\/v2\/users\/1"}],"replies":[{"embeddable":true,"href":"https:\/\/www.ibizahomespaces.com\/es\/wp-json\/wp\/v2\/comments?post=2484"}],"version-history":[{"count":6,"href":"https:\/\/www.ibizahomespaces.com\/es\/wp-json\/wp\/v2\/pages\/2484\/revisions"}],"predecessor-version":[{"id":4617,"href":"https:\/\/www.ibizahomespaces.com\/es\/wp-json\/wp\/v2\/pages\/2484\/revisions\/4617"}],"wp:attachment":[{"href":"https:\/\/www.ibizahomespaces.com\/es\/wp-json\/wp\/v2\/media?parent=2484"}],"curies":[{"name":"wp","href":"https:\/\/api.w.org\/{rel}","templated":true}]}}