{"id":2159,"date":"2020-06-22T13:39:50","date_gmt":"2020-06-22T12:39:50","guid":{"rendered":"https:\/\/www.ibizahomespaces.com\/servicios\/paquetes-de-muebles-exclusivos\/"},"modified":"2025-08-01T09:47:20","modified_gmt":"2025-08-01T08:47:20","slug":"paquetes-de-muebles-exclusivos","status":"publish","type":"page","link":"https:\/\/www.ibizahomespaces.com\/es\/servicios\/paquetes-de-muebles-exclusivos\/","title":{"rendered":"Paquetes de muebles exclusivos"},"content":{"rendered":"<h2>Paquetes de muebles exclusivos<br \/>\n<\/h2>\n<p>\t\t\t\t\t\t\t\t\t\t\t\t\t\t\t<img fetchpriority=\"high\" decoding=\"async\" width=\"978\" height=\"546\" src=\"https:\/\/www.ibizahomespaces.com\/wp-content\/uploads\/2024\/02\/furniture-packages.jpg\" alt=\"Furniture packages Ibiza\" srcset=\"https:\/\/www.ibizahomespaces.com\/wp-content\/uploads\/2024\/02\/furniture-packages.jpg 978w, https:\/\/www.ibizahomespaces.com\/wp-content\/uploads\/2024\/02\/furniture-packages-600x335.jpg 600w, https:\/\/www.ibizahomespaces.com\/wp-content\/uploads\/2024\/02\/furniture-packages-300x167.jpg 300w, https:\/\/www.ibizahomespaces.com\/wp-content\/uploads\/2024\/02\/furniture-packages-768x429.jpg 768w, https:\/\/www.ibizahomespaces.com\/wp-content\/uploads\/2024\/02\/furniture-packages-150x85.jpg 150w\" sizes=\"(max-width: 978px) 100vw, 978px\" title=\"\">\t\t\t\t\t\t\t\t\t\t\t\t\t\t\t<\/p>\n<h3>DESCRIPCI\u00d3N GENERAL DEL SERVICIO<br \/>\n<\/h3>\n<p>Descubre nuestros exclusivos paquetes de muebles, dise\u00f1ados para adaptarse a todas las necesidades y presupuestos. Tanto si te acabas de mudar a una nueva casa como si est\u00e1s amueblando un espacio personal o preparando una vivienda para alquilarla, te ofrecemos una gama de elegantes soluciones de mobiliario adaptadas a tus necesidades. Elige entre paquetes completos para el hogar o conjuntos para una sola habitaci\u00f3n, seg\u00fan tus necesidades. Pronto dispondremos de m\u00e1s detalles, pero mientras tanto, no dudes en ponerte en contacto con nosotros directamente para obtener m\u00e1s informaci\u00f3n. Estamos aqu\u00ed para ayudarte a crear el espacio vital perfecto.    <\/p>\n<p>\u00a1P\u00f3ngase en contacto con nosotros para obtener m\u00e1s detalles!<\/p>\n<h4>Detalles del paquete<\/h4>\n<h2>\t<\/h2>\n<h2>PREGUNTAS FRECUENTES<\/h2>\n<p>\t\t\t\t\t\t\t\t\t\t\t\t\t\t\t<svg viewBox=\"0 0 192 512\" xmlns=\"http:\/\/www.w3.org\/2000\/svg\"><path d=\"M0 384.662V127.338c0-17.818 21.543-26.741 34.142-14.142l128.662 128.662c7.81 7.81 7.81 20.474 0 28.284L34.142 398.804C21.543 411.404 0 402.48 0 384.662z\"><\/path><\/svg><br \/>\n\t\t\t\t\t\t\t\t<svg viewBox=\"0 0 320 512\" xmlns=\"http:\/\/www.w3.org\/2000\/svg\"><path d=\"M288.662 352H31.338c-17.818 0-26.741-21.543-14.142-34.142l128.662-128.662c7.81-7.81 20.474-7.81 28.284 0l128.662 128.662c12.6 12.599 3.676 34.142-14.142 34.142z\"><\/path><\/svg><br \/>\n\t\t\t\t\t\t\t\t\t\t\t\t<a tabindex=\"0\">\u00bfCu\u00e1nto cuesta cada paquete?<\/a><\/p>\n<nav><a href=\"https:\/\/www.ibizahomespaces.com\/es\/servicios\/consulta\/\">Consultation<\/a><br \/>\n<a href=\"https:\/\/www.ibizahomespaces.com\/es\/servicios\/diseno-proyecto-y-visualizacion-3d\/\">Design-Project &#038; 3D Visualization<\/a><br \/>\n<a href=\"https:\/\/www.ibizahomespaces.com\/es\/servicios\/paquetes-de-muebles-exclusivos\/\">Exclusive Furniture Packages<\/a><br \/>\n<\/nav>\n","protected":false},"excerpt":{"rendered":"<p>Paquetes de muebles exclusivos DESCRIPCI\u00d3N GENERAL DEL SERVICIO Descubre nuestros exclusivos paquetes de muebles, dise\u00f1ados para adaptarse a todas las necesidades y presupuestos. Tanto si te acabas de mudar a una nueva casa como si est\u00e1s amueblando un espacio personal o preparando una vivienda para alquilarla, te ofrecemos una gama de elegantes soluciones de mobiliario [&hellip;]<\/p>\n","protected":false},"author":1,"featured_media":0,"parent":1906,"menu_order":0,"comment_status":"closed","ping_status":"closed","template":"elementor_header_footer","meta":{"footnotes":""},"class_list":["post-2159","page","type-page","status-publish","hentry"],"_links":{"self":[{"href":"https:\/\/www.ibizahomespaces.com\/es\/wp-json\/wp\/v2\/pages\/2159","targetHints":{"allow":["GET"]}}],"collection":[{"href":"https:\/\/www.ibizahomespaces.com\/es\/wp-json\/wp\/v2\/pages"}],"about":[{"href":"https:\/\/www.ibizahomespaces.com\/es\/wp-json\/wp\/v2\/types\/page"}],"author":[{"embeddable":true,"href":"https:\/\/www.ibizahomespaces.com\/es\/wp-json\/wp\/v2\/users\/1"}],"replies":[{"embeddable":true,"href":"https:\/\/www.ibizahomespaces.com\/es\/wp-json\/wp\/v2\/comments?post=2159"}],"version-history":[{"count":5,"href":"https:\/\/www.ibizahomespaces.com\/es\/wp-json\/wp\/v2\/pages\/2159\/revisions"}],"predecessor-version":[{"id":4028,"href":"https:\/\/www.ibizahomespaces.com\/es\/wp-json\/wp\/v2\/pages\/2159\/revisions\/4028"}],"up":[{"embeddable":true,"href":"https:\/\/www.ibizahomespaces.com\/es\/wp-json\/wp\/v2\/pages\/1906"}],"wp:attachment":[{"href":"https:\/\/www.ibizahomespaces.com\/es\/wp-json\/wp\/v2\/media?parent=2159"}],"curies":[{"name":"wp","href":"https:\/\/api.w.org\/{rel}","templated":true}]}}