{"id":1999,"date":"2020-06-22T14:28:08","date_gmt":"2020-06-22T13:28:08","guid":{"rendered":"https:\/\/www.ibizahomespaces.com\/proyectos\/colaboraciones\/"},"modified":"2024-02-23T18:19:02","modified_gmt":"2024-02-23T17:19:02","slug":"colaboraciones","status":"publish","type":"page","link":"https:\/\/www.ibizahomespaces.com\/es\/proyectos\/colaboraciones\/","title":{"rendered":"Colaboraciones"},"content":{"rendered":"\t\t<div data-elementor-type=\"wp-page\" data-elementor-id=\"1999\" class=\"elementor elementor-1999 elementor-1242\">\n\t\t\t\t\t\t<section class=\"elementor-section elementor-top-section elementor-element elementor-element-3e972a6 elementor-section-boxed elementor-section-height-default elementor-section-height-default\" data-id=\"3e972a6\" data-element_type=\"section\" data-e-type=\"section\" data-settings=\"{&quot;jet_parallax_layout_list&quot;:[{&quot;jet_parallax_layout_image&quot;:{&quot;url&quot;:&quot;&quot;,&quot;id&quot;:&quot;&quot;,&quot;size&quot;:&quot;&quot;},&quot;_id&quot;:&quot;cae3fa5&quot;,&quot;jet_parallax_layout_image_tablet&quot;:{&quot;url&quot;:&quot;&quot;,&quot;id&quot;:&quot;&quot;,&quot;size&quot;:&quot;&quot;},&quot;jet_parallax_layout_image_mobile&quot;:{&quot;url&quot;:&quot;&quot;,&quot;id&quot;:&quot;&quot;,&quot;size&quot;:&quot;&quot;},&quot;jet_parallax_layout_speed&quot;:{&quot;unit&quot;:&quot;%&quot;,&quot;size&quot;:50,&quot;sizes&quot;:[]},&quot;jet_parallax_layout_type&quot;:&quot;scroll&quot;,&quot;jet_parallax_layout_direction&quot;:null,&quot;jet_parallax_layout_fx_direction&quot;:null,&quot;jet_parallax_layout_z_index&quot;:&quot;&quot;,&quot;jet_parallax_layout_bg_x&quot;:50,&quot;jet_parallax_layout_bg_x_tablet&quot;:&quot;&quot;,&quot;jet_parallax_layout_bg_x_mobile&quot;:&quot;&quot;,&quot;jet_parallax_layout_bg_y&quot;:50,&quot;jet_parallax_layout_bg_y_tablet&quot;:&quot;&quot;,&quot;jet_parallax_layout_bg_y_mobile&quot;:&quot;&quot;,&quot;jet_parallax_layout_bg_size&quot;:&quot;auto&quot;,&quot;jet_parallax_layout_bg_size_tablet&quot;:&quot;&quot;,&quot;jet_parallax_layout_bg_size_mobile&quot;:&quot;&quot;,&quot;jet_parallax_layout_animation_prop&quot;:&quot;transform&quot;,&quot;jet_parallax_layout_on&quot;:[&quot;desktop&quot;,&quot;tablet&quot;]}]}\">\n\t\t\t\t\t\t<div class=\"elementor-container elementor-column-gap-default\">\n\t\t\t\t\t<div class=\"elementor-column elementor-col-50 elementor-top-column elementor-element elementor-element-a49840a\" data-id=\"a49840a\" data-element_type=\"column\" data-e-type=\"column\">\n\t\t\t<div class=\"elementor-widget-wrap elementor-element-populated\">\n\t\t\t\t\t\t<div class=\"elementor-element elementor-element-d8d91a0 elementor-widget elementor-widget-image\" data-id=\"d8d91a0\" data-element_type=\"widget\" data-e-type=\"widget\" data-widget_type=\"image.default\">\n\t\t\t\t<div class=\"elementor-widget-container\">\n\t\t\t\t\t\t\t\t\t\t\t\t\t\t\t<img fetchpriority=\"high\" decoding=\"async\" width=\"700\" height=\"700\" src=\"https:\/\/www.ibizahomespaces.com\/wp-content\/uploads\/2024\/01\/staging-o-beach-restaurant-rattan.jpeg\" class=\"attachment-full size-full wp-image-1453\" alt=\"\" srcset=\"https:\/\/www.ibizahomespaces.com\/wp-content\/uploads\/2024\/01\/staging-o-beach-restaurant-rattan.jpeg 700w, https:\/\/www.ibizahomespaces.com\/wp-content\/uploads\/2024\/01\/staging-o-beach-restaurant-rattan-300x300.jpeg 300w, https:\/\/www.ibizahomespaces.com\/wp-content\/uploads\/2024\/01\/staging-o-beach-restaurant-rattan-100x100.jpeg 100w, https:\/\/www.ibizahomespaces.com\/wp-content\/uploads\/2024\/01\/staging-o-beach-restaurant-rattan-600x600.jpeg 600w, https:\/\/www.ibizahomespaces.com\/wp-content\/uploads\/2024\/01\/staging-o-beach-restaurant-rattan-150x150.jpeg 150w, https:\/\/www.ibizahomespaces.com\/wp-content\/uploads\/2024\/01\/staging-o-beach-restaurant-rattan-230x230.jpeg 230w, https:\/\/www.ibizahomespaces.com\/wp-content\/uploads\/2024\/01\/staging-o-beach-restaurant-rattan-400x400.jpeg 400w, https:\/\/www.ibizahomespaces.com\/wp-content\/uploads\/2024\/01\/staging-o-beach-restaurant-rattan-640x640.jpeg 640w\" sizes=\"(max-width: 700px) 100vw, 700px\" title=\"\">\t\t\t\t\t\t\t\t\t\t\t\t\t\t\t<\/div>\n\t\t\t\t<\/div>\n\t\t\t\t<div class=\"elementor-element elementor-element-865ffc4 elementor-widget elementor-widget-heading\" data-id=\"865ffc4\" data-element_type=\"widget\" data-e-type=\"widget\" data-widget_type=\"heading.default\">\n\t\t\t\t<div class=\"elementor-widget-container\">\n\t\t\t\t\t<h3 class=\"elementor-heading-title elementor-size-default\">Experiencia en colaboraci\u00f3n comercial<\/h3>\t\t\t\t<\/div>\n\t\t\t\t<\/div>\n\t\t\t\t<div class=\"elementor-element elementor-element-91a3bd9 elementor-widget elementor-widget-text-editor\" data-id=\"91a3bd9\" data-element_type=\"widget\" data-e-type=\"widget\" data-widget_type=\"text-editor.default\">\n\t\t\t\t<div class=\"elementor-widget-container\">\n\t\t\t\t\t\t\t\t\t<\/p>\n<p>Explore nuestra cartera de colaboraciones comerciales exitosas, donde hemos demostrado nuestra competencia en el abastecimiento y asesoramiento sobre la selecci\u00f3n de muebles para diversos entornos comerciales. Nuestra experiencia abarca varias industrias, incluidos hoteles, apartamentos, restaurantes, clubes de playa y tiendas. Si usted es una empresa comercial que busca asistencia experta en el abastecimiento de muebles u orientaci\u00f3n sobre la selecci\u00f3n de los tipos y estilos ideales para su proyecto, estamos aqu\u00ed para ayudarlo. P\u00f3ngase en contacto con nosotros directamente para programar una consulta sin compromiso y hagamos realidad su visi\u00f3n.   <\/p>\n\t\t\t\t\t\t\t\t<\/div>\n\t\t\t\t<\/div>\n\t\t\t\t\t<\/div>\n\t\t<\/div>\n\t\t\t\t<div class=\"elementor-column elementor-col-50 elementor-top-column elementor-element elementor-element-7deece2\" data-id=\"7deece2\" data-element_type=\"column\" data-e-type=\"column\">\n\t\t\t<div class=\"elementor-widget-wrap elementor-element-populated\">\n\t\t\t\t\t\t<div class=\"elementor-element elementor-element-9c284c0 elementor-widget elementor-widget-heading\" data-id=\"9c284c0\" data-element_type=\"widget\" data-e-type=\"widget\" data-widget_type=\"heading.default\">\n\t\t\t\t<div class=\"elementor-widget-container\">\n\t\t\t\t\t<h2 class=\"elementor-heading-title elementor-size-default\">Colaboraciones comerciales<\/h2>\t\t\t\t<\/div>\n\t\t\t\t<\/div>\n\t\t\t\t<div class=\"elementor-element elementor-element-74e140f elementor-widget elementor-widget-jet-animated-box\" data-id=\"74e140f\" data-element_type=\"widget\" data-e-type=\"widget\" data-widget_type=\"jet-animated-box.default\">\n\t\t\t\t<div class=\"elementor-widget-container\">\n\t\t\t\t\t<div class=\"elementor-jet-animated-box jet-elements\"><div id=\"jet-animated-box-74e140f\" class=\"jet-animated-box jet-box-effect-16\" data-settings='{&quot;widgetId&quot;:&quot;74e140f&quot;,&quot;switchEventType&quot;:&quot;hover&quot;,&quot;paperFoldDirection&quot;:&quot;left&quot;,&quot;slideOutDirection&quot;:&quot;left&quot;,&quot;peelCornerPosition&quot;:&quot;right&quot;}'>\n\t<div id=\"jet-animated-box__front-74e140f\" class=\"jet-animated-box__front\">\n\t\t<div class=\"jet-animated-box__inner\"><div class=\"jet-animated-box__content\"><\/div><\/div>\n\t\t<div class=\"jet-animated-box__overlay\"><\/div><\/div>\n\t<div id=\"jet-animated-box__back-74e140f\" class=\"jet-animated-box__back\">\n\t\t<div class=\"jet-animated-box__inner\"><div class=\"jet-animated-box__content\"><h3 class=\"jet-animated-box__title jet-animated-box__title--back\"><a href=\"#\">Pearl Ibiza<\/a><\/h3><a class=\"elementor-button elementor-size-md jet-animated-box__button jet-animated-box__button--back jet-animated-box__button--icon-\" href=\"https:\/\/www.ibizahomespaces.com\/wp-content\/uploads\/2024\/01\/staging-pearl.jpeg\"><span class=\"jet-animated-box__button-text\">VER DETALLES<\/span><\/a>\n\n<\/div><\/div>\n\t\t<div class=\"jet-animated-box__overlay\"><\/div><\/div>\n<\/div>\n<\/div>\t\t\t\t<\/div>\n\t\t\t\t<\/div>\n\t\t\t\t<div class=\"elementor-element elementor-element-18c58fa elementor-widget elementor-widget-jet-animated-box\" data-id=\"18c58fa\" data-element_type=\"widget\" data-e-type=\"widget\" data-widget_type=\"jet-animated-box.default\">\n\t\t\t\t<div class=\"elementor-widget-container\">\n\t\t\t\t\t<div class=\"elementor-jet-animated-box jet-elements\"><div id=\"jet-animated-box-18c58fa\" class=\"jet-animated-box jet-box-effect-16\" data-settings='{&quot;widgetId&quot;:&quot;18c58fa&quot;,&quot;switchEventType&quot;:&quot;hover&quot;,&quot;paperFoldDirection&quot;:&quot;left&quot;,&quot;slideOutDirection&quot;:&quot;left&quot;,&quot;peelCornerPosition&quot;:&quot;right&quot;}'>\n\t<div id=\"jet-animated-box__front-18c58fa\" class=\"jet-animated-box__front\">\n\t\t<div class=\"jet-animated-box__inner\"><\/div>\n\t\t<div class=\"jet-animated-box__overlay\"><\/div><\/div>\n\t<div id=\"jet-animated-box__back-18c58fa\" class=\"jet-animated-box__back\">\n\t\t<div class=\"jet-animated-box__inner\"><div class=\"jet-animated-box__content\"><h3 class=\"jet-animated-box__title jet-animated-box__title--back\"><a href=\"#\">Apartementos Apollo<\/a><\/h3><a class=\"elementor-button elementor-size-md jet-animated-box__button jet-animated-box__button--back jet-animated-box__button--icon-\" href=\"https:\/\/www.ibizahomespaces.com\/wp-content\/uploads\/2024\/01\/staging-apolo.jpeg\"><span class=\"jet-animated-box__button-text\">VER DETALLES<\/span><\/a>\n\n<\/div><\/div>\n\t\t<div class=\"jet-animated-box__overlay\"><\/div><\/div>\n<\/div>\n<\/div>\t\t\t\t<\/div>\n\t\t\t\t<\/div>\n\t\t\t\t<div class=\"elementor-element elementor-element-bd1bea7 elementor-widget elementor-widget-jet-animated-box\" data-id=\"bd1bea7\" data-element_type=\"widget\" data-e-type=\"widget\" data-widget_type=\"jet-animated-box.default\">\n\t\t\t\t<div class=\"elementor-widget-container\">\n\t\t\t\t\t<div class=\"elementor-jet-animated-box jet-elements\"><div id=\"jet-animated-box-bd1bea7\" class=\"jet-animated-box jet-box-effect-16\" data-settings='{&quot;widgetId&quot;:&quot;bd1bea7&quot;,&quot;switchEventType&quot;:&quot;hover&quot;,&quot;paperFoldDirection&quot;:&quot;left&quot;,&quot;slideOutDirection&quot;:&quot;left&quot;,&quot;peelCornerPosition&quot;:&quot;right&quot;}'>\n\t<div id=\"jet-animated-box__front-bd1bea7\" class=\"jet-animated-box__front\">\n\t\t<div class=\"jet-animated-box__inner\"><div class=\"jet-animated-box__content\"><\/div><\/div>\n\t\t<div class=\"jet-animated-box__overlay\"><\/div><\/div>\n\t<div id=\"jet-animated-box__back-bd1bea7\" class=\"jet-animated-box__back\">\n\t\t<div class=\"jet-animated-box__inner\"><div class=\"jet-animated-box__content\"><h3 class=\"jet-animated-box__title jet-animated-box__title--back\"><a href=\"#\">Rio Ibiza<\/a><\/h3><a class=\"elementor-button elementor-size-md jet-animated-box__button jet-animated-box__button--back jet-animated-box__button--icon-\" href=\"https:\/\/www.ibizahomespaces.com\/wp-content\/uploads\/2024\/01\/staging-rio.jpeg\"><span class=\"jet-animated-box__button-text\">VER DETALLES<\/span><\/a>\n\n<\/div><\/div>\n\t\t<div class=\"jet-animated-box__overlay\"><\/div><\/div>\n<\/div>\n<\/div>\t\t\t\t<\/div>\n\t\t\t\t<\/div>\n\t\t\t\t\t<\/div>\n\t\t<\/div>\n\t\t\t\t\t<\/div>\n\t\t<\/section>\n\t\t\t\t<\/div>\n\t\t","protected":false},"excerpt":{"rendered":"<p>Experiencia en colaboraci\u00f3n comercial Explore nuestra cartera de colaboraciones comerciales exitosas, donde hemos demostrado nuestra competencia en el abastecimiento y asesoramiento sobre la selecci\u00f3n de muebles para diversos entornos comerciales. Nuestra experiencia abarca varias industrias, incluidos hoteles, apartamentos, restaurantes, clubes de playa y tiendas. Si usted es una empresa comercial que busca asistencia experta en [&hellip;]<\/p>\n","protected":false},"author":1,"featured_media":0,"parent":1980,"menu_order":0,"comment_status":"closed","ping_status":"closed","template":"elementor_header_footer","meta":{"footnotes":""},"class_list":["post-1999","page","type-page","status-publish","hentry"],"_links":{"self":[{"href":"https:\/\/www.ibizahomespaces.com\/es\/wp-json\/wp\/v2\/pages\/1999","targetHints":{"allow":["GET"]}}],"collection":[{"href":"https:\/\/www.ibizahomespaces.com\/es\/wp-json\/wp\/v2\/pages"}],"about":[{"href":"https:\/\/www.ibizahomespaces.com\/es\/wp-json\/wp\/v2\/types\/page"}],"author":[{"embeddable":true,"href":"https:\/\/www.ibizahomespaces.com\/es\/wp-json\/wp\/v2\/users\/1"}],"replies":[{"embeddable":true,"href":"https:\/\/www.ibizahomespaces.com\/es\/wp-json\/wp\/v2\/comments?post=1999"}],"version-history":[{"count":3,"href":"https:\/\/www.ibizahomespaces.com\/es\/wp-json\/wp\/v2\/pages\/1999\/revisions"}],"predecessor-version":[{"id":2002,"href":"https:\/\/www.ibizahomespaces.com\/es\/wp-json\/wp\/v2\/pages\/1999\/revisions\/2002"}],"up":[{"embeddable":true,"href":"https:\/\/www.ibizahomespaces.com\/es\/wp-json\/wp\/v2\/pages\/1980"}],"wp:attachment":[{"href":"https:\/\/www.ibizahomespaces.com\/es\/wp-json\/wp\/v2\/media?parent=1999"}],"curies":[{"name":"wp","href":"https:\/\/api.w.org\/{rel}","templated":true}]}}