{"id":1658,"date":"2024-01-12T17:56:33","date_gmt":"2024-01-12T16:56:33","guid":{"rendered":"https:\/\/www.ibizahomespaces.com\/buscador-de-muebles\/"},"modified":"2024-02-23T18:13:52","modified_gmt":"2024-02-23T17:13:52","slug":"buscador-de-muebles","status":"publish","type":"page","link":"https:\/\/www.ibizahomespaces.com\/es\/buscador-de-muebles\/","title":{"rendered":"Buscador de muebles"},"content":{"rendered":"\t\t<div data-elementor-type=\"wp-page\" data-elementor-id=\"1658\" class=\"elementor elementor-1658 elementor-1385\">\n\t\t\t\t\t\t<\/div>\n\t\t","protected":false},"excerpt":{"rendered":"<p>Buscador de muebles Furniture finder: No importa cu\u00e1n grande o peque\u00f1o sea tal vez podamos ayudarlo a encontrar algo que necesite para un proyecto o su hogar, si est\u00e1 buscando hacer un proyecto para el restaurante del hotel, apartamentos, o incluso si est\u00e1 buscando alg\u00fan mueble dif\u00edcil de encontrar, perm\u00edtanos ayudarlo, hemos construido muchos proveedores [&hellip;]<\/p>\n","protected":false},"author":1,"featured_media":0,"parent":0,"menu_order":0,"comment_status":"closed","ping_status":"closed","template":"","meta":{"footnotes":""},"class_list":["post-1658","page","type-page","status-publish","hentry"],"_links":{"self":[{"href":"https:\/\/www.ibizahomespaces.com\/es\/wp-json\/wp\/v2\/pages\/1658","targetHints":{"allow":["GET"]}}],"collection":[{"href":"https:\/\/www.ibizahomespaces.com\/es\/wp-json\/wp\/v2\/pages"}],"about":[{"href":"https:\/\/www.ibizahomespaces.com\/es\/wp-json\/wp\/v2\/types\/page"}],"author":[{"embeddable":true,"href":"https:\/\/www.ibizahomespaces.com\/es\/wp-json\/wp\/v2\/users\/1"}],"replies":[{"embeddable":true,"href":"https:\/\/www.ibizahomespaces.com\/es\/wp-json\/wp\/v2\/comments?post=1658"}],"version-history":[{"count":5,"href":"https:\/\/www.ibizahomespaces.com\/es\/wp-json\/wp\/v2\/pages\/1658\/revisions"}],"predecessor-version":[{"id":2184,"href":"https:\/\/www.ibizahomespaces.com\/es\/wp-json\/wp\/v2\/pages\/1658\/revisions\/2184"}],"wp:attachment":[{"href":"https:\/\/www.ibizahomespaces.com\/es\/wp-json\/wp\/v2\/media?parent=1658"}],"curies":[{"name":"wp","href":"https:\/\/api.w.org\/{rel}","templated":true}]}}