{"id":1537,"date":"2024-01-22T23:41:43","date_gmt":"2024-01-22T22:41:43","guid":{"rendered":"https:\/\/www.ibizahomespaces.com\/soluciones-de-limpieza-de-casas-en-ibiza\/"},"modified":"2025-09-02T12:55:23","modified_gmt":"2025-09-02T11:55:23","slug":"soluciones-de-limpieza-de-casas-en-ibiza","status":"publish","type":"page","link":"https:\/\/www.ibizahomespaces.com\/es\/soluciones-de-limpieza-de-casas-en-ibiza\/","title":{"rendered":"Soluciones de limpieza de casas en Ibiza"},"content":{"rendered":"\t\t<div data-elementor-type=\"wp-page\" data-elementor-id=\"1537\" class=\"elementor elementor-1537 elementor-1531\">\n\t\t\t\t\t\t<\/div>\n\t\t","protected":false},"excerpt":{"rendered":"<p>SOLUCIONES DE LIMPIEZA DE CASAS IBIZA Emb\u00e1rcate en una transici\u00f3n sin problemas a tu nuevo hogar con nuestro servicio integral de soluciones de limpieza de casas. Ya sea que se est\u00e9 mudando o simplemente buscando un nuevo comienzo, estamos aqu\u00ed para facilitar la eliminaci\u00f3n sin problemas de los muebles no deseados o la limpieza completa [&hellip;]<\/p>\n","protected":false},"author":1,"featured_media":0,"parent":0,"menu_order":0,"comment_status":"closed","ping_status":"closed","template":"","meta":{"footnotes":""},"class_list":["post-1537","page","type-page","status-publish","hentry"],"_links":{"self":[{"href":"https:\/\/www.ibizahomespaces.com\/es\/wp-json\/wp\/v2\/pages\/1537","targetHints":{"allow":["GET"]}}],"collection":[{"href":"https:\/\/www.ibizahomespaces.com\/es\/wp-json\/wp\/v2\/pages"}],"about":[{"href":"https:\/\/www.ibizahomespaces.com\/es\/wp-json\/wp\/v2\/types\/page"}],"author":[{"embeddable":true,"href":"https:\/\/www.ibizahomespaces.com\/es\/wp-json\/wp\/v2\/users\/1"}],"replies":[{"embeddable":true,"href":"https:\/\/www.ibizahomespaces.com\/es\/wp-json\/wp\/v2\/comments?post=1537"}],"version-history":[{"count":16,"href":"https:\/\/www.ibizahomespaces.com\/es\/wp-json\/wp\/v2\/pages\/1537\/revisions"}],"predecessor-version":[{"id":4356,"href":"https:\/\/www.ibizahomespaces.com\/es\/wp-json\/wp\/v2\/pages\/1537\/revisions\/4356"}],"wp:attachment":[{"href":"https:\/\/www.ibizahomespaces.com\/es\/wp-json\/wp\/v2\/media?parent=1537"}],"curies":[{"name":"wp","href":"https:\/\/api.w.org\/{rel}","templated":true}]}}